{"id":356,"date":"2025-01-31T15:28:53","date_gmt":"2025-01-31T15:28:53","guid":{"rendered":"https:\/\/dev.kinequip.ca\/?post_type=product&#038;p=356"},"modified":"2025-01-31T15:28:57","modified_gmt":"2025-01-31T15:28:57","slug":"cordes-ondulatoires","status":"publish","type":"product","link":"https:\/\/kinequip.ca\/?product=cordes-ondulatoires","title":{"rendered":"CORDES ONDULATOIRES"},"content":{"rendered":"<p>Les cordes ondulatoires constituent un outil essentiel pour tout entra\u00eenement progressif en petit groupe. Les entra\u00eenements avec une corde ondulatoire mobilisent le buste, les avant-bras, la force de pr\u00e9hension et la condition physique. Ils permettent aussi d&rsquo;augmenter le rythme cardiaque et sont donc parfaits pour les s\u00e9ances d&rsquo;entra\u00eenement HIIT (S\u00e9ance d&rsquo;entra\u00eenement\/fractionn\u00e9e intensive) et cardio.<\/p>\n","protected":false},"excerpt":{"rendered":"<p>Les cordes ondulatoires constituent un outil essentiel pour tout entra\u00eenement progressif en petit groupe. Les entra\u00eenements avec une corde ondulatoire mobilisent le buste, les avant-bras, la force de pr\u00e9hension et la condition physique. Ils permettent aussi d&rsquo;augmenter le rythme cardiaque et sont donc parfaits pour les s\u00e9ances d&rsquo;entra\u00eenement HIIT (S\u00e9ance d&rsquo;entra\u00eenement\/fractionn\u00e9e intensive) et cardio.<\/p>\n","protected":false},"featured_media":386,"comment_status":"open","ping_status":"closed","template":"","meta":[],"product_brand":[],"product_cat":[49,34],"product_tag":[],"class_list":{"0":"post-356","1":"product","2":"type-product","3":"status-publish","4":"has-post-thumbnail","6":"product_cat-accessoires","7":"product_cat-equipements-pour-professionnel","9":"first","10":"instock","11":"shipping-taxable","12":"purchasable","13":"product-type-simple"},"_links":{"self":[{"href":"https:\/\/kinequip.ca\/index.php?rest_route=\/wp\/v2\/product\/356","targetHints":{"allow":["GET"]}}],"collection":[{"href":"https:\/\/kinequip.ca\/index.php?rest_route=\/wp\/v2\/product"}],"about":[{"href":"https:\/\/kinequip.ca\/index.php?rest_route=\/wp\/v2\/types\/product"}],"replies":[{"embeddable":true,"href":"https:\/\/kinequip.ca\/index.php?rest_route=%2Fwp%2Fv2%2Fcomments&post=356"}],"wp:featuredmedia":[{"embeddable":true,"href":"https:\/\/kinequip.ca\/index.php?rest_route=\/wp\/v2\/media\/386"}],"wp:attachment":[{"href":"https:\/\/kinequip.ca\/index.php?rest_route=%2Fwp%2Fv2%2Fmedia&parent=356"}],"wp:term":[{"taxonomy":"product_brand","embeddable":true,"href":"https:\/\/kinequip.ca\/index.php?rest_route=%2Fwp%2Fv2%2Fproduct_brand&post=356"},{"taxonomy":"product_cat","embeddable":true,"href":"https:\/\/kinequip.ca\/index.php?rest_route=%2Fwp%2Fv2%2Fproduct_cat&post=356"},{"taxonomy":"product_tag","embeddable":true,"href":"https:\/\/kinequip.ca\/index.php?rest_route=%2Fwp%2Fv2%2Fproduct_tag&post=356"}],"curies":[{"name":"wp","href":"https:\/\/api.w.org\/{rel}","templated":true}]}}