{"id":354,"date":"2025-01-31T15:28:53","date_gmt":"2025-01-31T15:28:53","guid":{"rendered":"https:\/\/dev.kinequip.ca\/?post_type=product&#038;p=354"},"modified":"2025-01-31T15:28:56","modified_gmt":"2025-01-31T15:28:56","slug":"bancs-et-racks-hammer-strength-2","status":"publish","type":"product","link":"https:\/\/kinequip.ca\/?product=bancs-et-racks-hammer-strength-2","title":{"rendered":"BANCS ET RACKS HAMMER STRENGTH"},"content":{"rendered":"<p>Les bancs et les racks Hammer Strength offrent aux utilisateurs tout ce dont ils ont besoin pour \u00e9laborer un programme d&rsquo;entra\u00eenement avec poids libres complet. Diff\u00e9rentes options sont disponibles, notamment des stations olympiques, des bancs d&rsquo;entra\u00eenement et des options de stockage des poids.<\/p>\n","protected":false},"excerpt":{"rendered":"<p>Les bancs et les racks Hammer Strength offrent aux utilisateurs tout ce dont ils ont besoin pour \u00e9laborer un programme d&rsquo;entra\u00eenement avec poids libres complet. Diff\u00e9rentes options sont disponibles, notamment des stations olympiques, des bancs d&rsquo;entra\u00eenement et des options de stockage des poids.<\/p>\n","protected":false},"featured_media":384,"comment_status":"open","ping_status":"closed","template":"","meta":[],"product_brand":[],"product_cat":[48,34],"product_tag":[],"class_list":{"0":"post-354","1":"product","2":"type-product","3":"status-publish","4":"has-post-thumbnail","6":"product_cat-bancs-support","7":"product_cat-equipements-pour-professionnel","9":"first","10":"instock","11":"shipping-taxable","12":"purchasable","13":"product-type-simple"},"_links":{"self":[{"href":"https:\/\/kinequip.ca\/index.php?rest_route=\/wp\/v2\/product\/354","targetHints":{"allow":["GET"]}}],"collection":[{"href":"https:\/\/kinequip.ca\/index.php?rest_route=\/wp\/v2\/product"}],"about":[{"href":"https:\/\/kinequip.ca\/index.php?rest_route=\/wp\/v2\/types\/product"}],"replies":[{"embeddable":true,"href":"https:\/\/kinequip.ca\/index.php?rest_route=%2Fwp%2Fv2%2Fcomments&post=354"}],"wp:featuredmedia":[{"embeddable":true,"href":"https:\/\/kinequip.ca\/index.php?rest_route=\/wp\/v2\/media\/384"}],"wp:attachment":[{"href":"https:\/\/kinequip.ca\/index.php?rest_route=%2Fwp%2Fv2%2Fmedia&parent=354"}],"wp:term":[{"taxonomy":"product_brand","embeddable":true,"href":"https:\/\/kinequip.ca\/index.php?rest_route=%2Fwp%2Fv2%2Fproduct_brand&post=354"},{"taxonomy":"product_cat","embeddable":true,"href":"https:\/\/kinequip.ca\/index.php?rest_route=%2Fwp%2Fv2%2Fproduct_cat&post=354"},{"taxonomy":"product_tag","embeddable":true,"href":"https:\/\/kinequip.ca\/index.php?rest_route=%2Fwp%2Fv2%2Fproduct_tag&post=354"}],"curies":[{"name":"wp","href":"https:\/\/api.w.org\/{rel}","templated":true}]}}