{"id":353,"date":"2025-01-31T15:28:53","date_gmt":"2025-01-31T15:28:53","guid":{"rendered":"https:\/\/dev.kinequip.ca\/?post_type=product&#038;p=353"},"modified":"2025-01-31T15:28:56","modified_gmt":"2025-01-31T15:28:56","slug":"machines-a-charges-libres-hammer-strength","status":"publish","type":"product","link":"https:\/\/kinequip.ca\/?product=machines-a-charges-libres-hammer-strength","title":{"rendered":"MACHINES \u00c0 CHARGES LIBRES HAMMER STRENGTH"},"content":{"rendered":"<p>Hammer Strength a b\u00e2ti sa r\u00e9putation sur les performances de haut niveau et la fiabilit\u00e9 biom\u00e9canique des \u00e9quipements \u00e0 charges libres. Les trajectoires de mouvement naturelles ind\u00e9pendantes garantissent un entra\u00eenement avec poids intensif et efficace. Quarante \u00e9quipements \u00e0 charges libres distincts permettent de r\u00e9pondre aux besoins de chaque utilisateur, et m\u00eame des athl\u00e8tes les plus forts.<\/p>\n","protected":false},"excerpt":{"rendered":"<p>Hammer Strength a b\u00e2ti sa r\u00e9putation sur les performances de haut niveau et la fiabilit\u00e9 biom\u00e9canique des \u00e9quipements \u00e0 charges libres. Les trajectoires de mouvement naturelles ind\u00e9pendantes garantissent un entra\u00eenement avec poids intensif et efficace. Quarante \u00e9quipements \u00e0 charges libres distincts permettent de r\u00e9pondre aux besoins de chaque utilisateur, et m\u00eame des athl\u00e8tes les plus forts.<\/p>\n","protected":false},"featured_media":383,"comment_status":"open","ping_status":"closed","template":"","meta":[],"product_brand":[],"product_cat":[34,47],"product_tag":[],"class_list":{"0":"post-353","1":"product","2":"type-product","3":"status-publish","4":"has-post-thumbnail","6":"product_cat-equipements-pour-professionnel","7":"product_cat-hammer-strength-charges-libres","9":"first","10":"instock","11":"shipping-taxable","12":"purchasable","13":"product-type-simple"},"_links":{"self":[{"href":"https:\/\/kinequip.ca\/index.php?rest_route=\/wp\/v2\/product\/353","targetHints":{"allow":["GET"]}}],"collection":[{"href":"https:\/\/kinequip.ca\/index.php?rest_route=\/wp\/v2\/product"}],"about":[{"href":"https:\/\/kinequip.ca\/index.php?rest_route=\/wp\/v2\/types\/product"}],"replies":[{"embeddable":true,"href":"https:\/\/kinequip.ca\/index.php?rest_route=%2Fwp%2Fv2%2Fcomments&post=353"}],"wp:featuredmedia":[{"embeddable":true,"href":"https:\/\/kinequip.ca\/index.php?rest_route=\/wp\/v2\/media\/383"}],"wp:attachment":[{"href":"https:\/\/kinequip.ca\/index.php?rest_route=%2Fwp%2Fv2%2Fmedia&parent=353"}],"wp:term":[{"taxonomy":"product_brand","embeddable":true,"href":"https:\/\/kinequip.ca\/index.php?rest_route=%2Fwp%2Fv2%2Fproduct_brand&post=353"},{"taxonomy":"product_cat","embeddable":true,"href":"https:\/\/kinequip.ca\/index.php?rest_route=%2Fwp%2Fv2%2Fproduct_cat&post=353"},{"taxonomy":"product_tag","embeddable":true,"href":"https:\/\/kinequip.ca\/index.php?rest_route=%2Fwp%2Fv2%2Fproduct_tag&post=353"}],"curies":[{"name":"wp","href":"https:\/\/api.w.org\/{rel}","templated":true}]}}