{"id":352,"date":"2025-01-31T15:28:53","date_gmt":"2025-01-31T15:28:53","guid":{"rendered":"https:\/\/dev.kinequip.ca\/?post_type=product&#038;p=352"},"modified":"2025-01-31T15:28:56","modified_gmt":"2025-01-31T15:28:56","slug":"motion-technology-selectorized-2","status":"publish","type":"product","link":"https:\/\/kinequip.ca\/?product=motion-technology-selectorized-2","title":{"rendered":"MOTION TECHNOLOGY SELECTORIZED"},"content":{"rendered":"<p>Motion Technology Selectorized associe le mouvement iso-lat\u00e9ral efficace introduit par les \u00e9quipements \u00e0 charges libres Hammer Strength \u00e0 l&rsquo;aspect pratique des syst\u00e8mes d&#8217;empilement des poids par s\u00e9lection.<\/p>\n","protected":false},"excerpt":{"rendered":"<p>Motion Technology Selectorized associe le mouvement iso-lat\u00e9ral efficace introduit par les \u00e9quipements \u00e0 charges libres Hammer Strength \u00e0 l&rsquo;aspect pratique des syst\u00e8mes d&#8217;empilement des poids par s\u00e9lection.<\/p>\n","protected":false},"featured_media":382,"comment_status":"open","ping_status":"closed","template":"","meta":[],"product_brand":[],"product_cat":[34],"product_tag":[],"class_list":{"0":"post-352","1":"product","2":"type-product","3":"status-publish","4":"has-post-thumbnail","6":"product_cat-equipements-pour-professionnel","8":"first","9":"instock","10":"shipping-taxable","11":"purchasable","12":"product-type-simple"},"_links":{"self":[{"href":"https:\/\/kinequip.ca\/index.php?rest_route=\/wp\/v2\/product\/352","targetHints":{"allow":["GET"]}}],"collection":[{"href":"https:\/\/kinequip.ca\/index.php?rest_route=\/wp\/v2\/product"}],"about":[{"href":"https:\/\/kinequip.ca\/index.php?rest_route=\/wp\/v2\/types\/product"}],"replies":[{"embeddable":true,"href":"https:\/\/kinequip.ca\/index.php?rest_route=%2Fwp%2Fv2%2Fcomments&post=352"}],"wp:featuredmedia":[{"embeddable":true,"href":"https:\/\/kinequip.ca\/index.php?rest_route=\/wp\/v2\/media\/382"}],"wp:attachment":[{"href":"https:\/\/kinequip.ca\/index.php?rest_route=%2Fwp%2Fv2%2Fmedia&parent=352"}],"wp:term":[{"taxonomy":"product_brand","embeddable":true,"href":"https:\/\/kinequip.ca\/index.php?rest_route=%2Fwp%2Fv2%2Fproduct_brand&post=352"},{"taxonomy":"product_cat","embeddable":true,"href":"https:\/\/kinequip.ca\/index.php?rest_route=%2Fwp%2Fv2%2Fproduct_cat&post=352"},{"taxonomy":"product_tag","embeddable":true,"href":"https:\/\/kinequip.ca\/index.php?rest_route=%2Fwp%2Fv2%2Fproduct_tag&post=352"}],"curies":[{"name":"wp","href":"https:\/\/api.w.org\/{rel}","templated":true}]}}