{"id":349,"date":"2025-01-31T15:28:52","date_gmt":"2025-01-31T15:28:52","guid":{"rendered":"https:\/\/dev.kinequip.ca\/?post_type=product&#038;p=349"},"modified":"2025-01-31T15:28:56","modified_gmt":"2025-01-31T15:28:56","slug":"racks-hd-elite-2","status":"publish","type":"product","link":"https:\/\/kinequip.ca\/?product=racks-hd-elite-2","title":{"rendered":"RACKS HD ELITE"},"content":{"rendered":"<p>Des outils d&rsquo;entra\u00eenement de premier plan destin\u00e9s aux sportifs de haut niveau, qui reposent sur l&rsquo;h\u00e9ritage \u00e9prouv\u00e9 de Hammer Strength en termes de performances. Les racks modulaires HD Elite peuvent \u00eatre configur\u00e9s pour r\u00e9pondre aux besoins de vos athl\u00e8tes et \u00e9voluer en fonction de vos programmes d&rsquo;entra\u00eenement.<\/p>\n","protected":false},"excerpt":{"rendered":"<p>Des outils d&rsquo;entra\u00eenement de premier plan destin\u00e9s aux sportifs de haut niveau, qui reposent sur l&rsquo;h\u00e9ritage \u00e9prouv\u00e9 de Hammer Strength en termes de performances. Les racks modulaires HD Elite peuvent \u00eatre configur\u00e9s pour r\u00e9pondre aux besoins de vos athl\u00e8tes et \u00e9voluer en fonction de vos programmes d&rsquo;entra\u00eenement.<\/p>\n","protected":false},"featured_media":379,"comment_status":"open","ping_status":"closed","template":"","meta":[],"product_brand":[],"product_cat":[34],"product_tag":[],"class_list":{"0":"post-349","1":"product","2":"type-product","3":"status-publish","4":"has-post-thumbnail","6":"product_cat-equipements-pour-professionnel","8":"first","9":"instock","10":"shipping-taxable","11":"purchasable","12":"product-type-simple"},"_links":{"self":[{"href":"https:\/\/kinequip.ca\/index.php?rest_route=\/wp\/v2\/product\/349","targetHints":{"allow":["GET"]}}],"collection":[{"href":"https:\/\/kinequip.ca\/index.php?rest_route=\/wp\/v2\/product"}],"about":[{"href":"https:\/\/kinequip.ca\/index.php?rest_route=\/wp\/v2\/types\/product"}],"replies":[{"embeddable":true,"href":"https:\/\/kinequip.ca\/index.php?rest_route=%2Fwp%2Fv2%2Fcomments&post=349"}],"wp:featuredmedia":[{"embeddable":true,"href":"https:\/\/kinequip.ca\/index.php?rest_route=\/wp\/v2\/media\/379"}],"wp:attachment":[{"href":"https:\/\/kinequip.ca\/index.php?rest_route=%2Fwp%2Fv2%2Fmedia&parent=349"}],"wp:term":[{"taxonomy":"product_brand","embeddable":true,"href":"https:\/\/kinequip.ca\/index.php?rest_route=%2Fwp%2Fv2%2Fproduct_brand&post=349"},{"taxonomy":"product_cat","embeddable":true,"href":"https:\/\/kinequip.ca\/index.php?rest_route=%2Fwp%2Fv2%2Fproduct_cat&post=349"},{"taxonomy":"product_tag","embeddable":true,"href":"https:\/\/kinequip.ca\/index.php?rest_route=%2Fwp%2Fv2%2Fproduct_tag&post=349"}],"curies":[{"name":"wp","href":"https:\/\/api.w.org\/{rel}","templated":true}]}}