{"id":346,"date":"2025-01-31T15:28:52","date_gmt":"2025-01-31T15:28:52","guid":{"rendered":"https:\/\/dev.kinequip.ca\/?post_type=product&#038;p=346"},"modified":"2025-01-31T15:28:55","modified_gmt":"2025-01-31T15:28:55","slug":"serie-signature-2","status":"publish","type":"product","link":"https:\/\/kinequip.ca\/?product=serie-signature-2","title":{"rendered":"S\u00c9RIE SIGNATURE"},"content":{"rendered":"<p>Con\u00e7us pour offrir les performances qu&rsquo;exigent les utilisateurs exp\u00e9riment\u00e9s, sans pour autant effrayer les utilisateurs d\u00e9butants. Du fait de leur conception haut de gamme, ces bancs et racks s&rsquo;int\u00e8grent en toute transparence aux \u00e9quipements\u00a0<a href=\"https:\/\/lifefitnessemea.com\/facility\/products\/signature-series\">Cable Motion et \u00e0 charges libres de la S\u00e9rie Signature<\/a>\u00a0, aux machines de la\u00a0<a href=\"https:\/\/lifefitnessemea.com\/facility\/products\/insignia-series\">S\u00e9rie Insignia<\/a>\u00a0et de la\u00a0<a href=\"https:\/\/lifefitnessemea.com\/facility\/products\/optima-series\">S\u00e9rie Optima<\/a>\u00a0, ainsi qu&rsquo;aux syst\u00e8mes\u00a0<a href=\"https:\/\/lifefitnessemea.com\/facility\/products\/synrgy360\">SYNRGY360\u00a0<\/a>.<\/p>\n","protected":false},"excerpt":{"rendered":"<p>Con\u00e7us pour offrir les performances qu&rsquo;exigent les utilisateurs exp\u00e9riment\u00e9s, sans pour autant effrayer les utilisateurs d\u00e9butants. Du fait de leur conception haut de gamme, ces bancs et racks s&rsquo;int\u00e8grent en toute transparence aux \u00e9quipements\u00a0<a href=\"https:\/\/lifefitnessemea.com\/facility\/products\/signature-series\">Cable Motion et \u00e0 charges libres de la S\u00e9rie Signature<\/a>\u00a0, aux machines de la\u00a0<a href=\"https:\/\/lifefitnessemea.com\/facility\/products\/insignia-series\">S\u00e9rie Insignia<\/a>\u00a0et de la\u00a0<a href=\"https:\/\/lifefitnessemea.com\/facility\/products\/optima-series\">S\u00e9rie Optima<\/a>\u00a0, ainsi qu&rsquo;aux syst\u00e8mes\u00a0<a href=\"https:\/\/lifefitnessemea.com\/facility\/products\/synrgy360\">SYNRGY360\u00a0<\/a>.<\/p>\n","protected":false},"featured_media":376,"comment_status":"open","ping_status":"closed","template":"","meta":[],"product_brand":[],"product_cat":[34],"product_tag":[],"class_list":{"0":"post-346","1":"product","2":"type-product","3":"status-publish","4":"has-post-thumbnail","6":"product_cat-equipements-pour-professionnel","8":"first","9":"instock","10":"shipping-taxable","11":"purchasable","12":"product-type-simple"},"_links":{"self":[{"href":"https:\/\/kinequip.ca\/index.php?rest_route=\/wp\/v2\/product\/346","targetHints":{"allow":["GET"]}}],"collection":[{"href":"https:\/\/kinequip.ca\/index.php?rest_route=\/wp\/v2\/product"}],"about":[{"href":"https:\/\/kinequip.ca\/index.php?rest_route=\/wp\/v2\/types\/product"}],"replies":[{"embeddable":true,"href":"https:\/\/kinequip.ca\/index.php?rest_route=%2Fwp%2Fv2%2Fcomments&post=346"}],"wp:featuredmedia":[{"embeddable":true,"href":"https:\/\/kinequip.ca\/index.php?rest_route=\/wp\/v2\/media\/376"}],"wp:attachment":[{"href":"https:\/\/kinequip.ca\/index.php?rest_route=%2Fwp%2Fv2%2Fmedia&parent=346"}],"wp:term":[{"taxonomy":"product_brand","embeddable":true,"href":"https:\/\/kinequip.ca\/index.php?rest_route=%2Fwp%2Fv2%2Fproduct_brand&post=346"},{"taxonomy":"product_cat","embeddable":true,"href":"https:\/\/kinequip.ca\/index.php?rest_route=%2Fwp%2Fv2%2Fproduct_cat&post=346"},{"taxonomy":"product_tag","embeddable":true,"href":"https:\/\/kinequip.ca\/index.php?rest_route=%2Fwp%2Fv2%2Fproduct_tag&post=346"}],"curies":[{"name":"wp","href":"https:\/\/api.w.org\/{rel}","templated":true}]}}