{"id":314,"date":"2025-01-31T15:28:46","date_gmt":"2025-01-31T15:28:46","guid":{"rendered":"https:\/\/dev.kinequip.ca\/?post_type=product&#038;p=314"},"modified":"2025-01-31T15:28:51","modified_gmt":"2025-01-31T15:28:51","slug":"station-dentrainement-personnel-synrgy90-2","status":"publish","type":"product","link":"https:\/\/kinequip.ca\/?product=station-dentrainement-personnel-synrgy90-2","title":{"rendered":"STATION D&rsquo;ENTRA\u00ceNEMENT PERSONNEL SYNRGY90"},"content":{"rendered":"<p>Cr\u00e9ez des programmes d&rsquo;entra\u00eenement personnel complets dans un espace restreint gr\u00e2ce \u00e0 cette station d&rsquo;entra\u00eenement personnel. Le syst\u00e8me SYNRGY90 combine des stations \u00e0 poulies \u00e9prouv\u00e9es \u00e0 un syst\u00e8me qui dispose \u00e9galement d&rsquo;\u00e9quipements d&rsquo;entra\u00eenement avec poids, d&rsquo;appareils d&rsquo;entra\u00eenement en suspension et d&rsquo;une zone de rangement pour les accessoires.<\/p>\n","protected":false},"excerpt":{"rendered":"<p>Cr\u00e9ez des programmes d&rsquo;entra\u00eenement personnel complets dans un espace restreint gr\u00e2ce \u00e0 cette station d&rsquo;entra\u00eenement personnel. Le syst\u00e8me SYNRGY90 combine des stations \u00e0 poulies \u00e9prouv\u00e9es \u00e0 un syst\u00e8me qui dispose \u00e9galement d&rsquo;\u00e9quipements d&rsquo;entra\u00eenement avec poids, d&rsquo;appareils d&rsquo;entra\u00eenement en suspension et d&rsquo;une zone de rangement pour les accessoires.<\/p>\n","protected":false},"featured_media":344,"comment_status":"open","ping_status":"closed","template":"","meta":[],"product_brand":[],"product_cat":[34],"product_tag":[],"class_list":{"0":"post-314","1":"product","2":"type-product","3":"status-publish","4":"has-post-thumbnail","6":"product_cat-equipements-pour-professionnel","8":"first","9":"instock","10":"shipping-taxable","11":"purchasable","12":"product-type-simple"},"_links":{"self":[{"href":"https:\/\/kinequip.ca\/index.php?rest_route=\/wp\/v2\/product\/314","targetHints":{"allow":["GET"]}}],"collection":[{"href":"https:\/\/kinequip.ca\/index.php?rest_route=\/wp\/v2\/product"}],"about":[{"href":"https:\/\/kinequip.ca\/index.php?rest_route=\/wp\/v2\/types\/product"}],"replies":[{"embeddable":true,"href":"https:\/\/kinequip.ca\/index.php?rest_route=%2Fwp%2Fv2%2Fcomments&post=314"}],"wp:featuredmedia":[{"embeddable":true,"href":"https:\/\/kinequip.ca\/index.php?rest_route=\/wp\/v2\/media\/344"}],"wp:attachment":[{"href":"https:\/\/kinequip.ca\/index.php?rest_route=%2Fwp%2Fv2%2Fmedia&parent=314"}],"wp:term":[{"taxonomy":"product_brand","embeddable":true,"href":"https:\/\/kinequip.ca\/index.php?rest_route=%2Fwp%2Fv2%2Fproduct_brand&post=314"},{"taxonomy":"product_cat","embeddable":true,"href":"https:\/\/kinequip.ca\/index.php?rest_route=%2Fwp%2Fv2%2Fproduct_cat&post=314"},{"taxonomy":"product_tag","embeddable":true,"href":"https:\/\/kinequip.ca\/index.php?rest_route=%2Fwp%2Fv2%2Fproduct_tag&post=314"}],"curies":[{"name":"wp","href":"https:\/\/api.w.org\/{rel}","templated":true}]}}