{"id":313,"date":"2025-01-31T15:28:46","date_gmt":"2025-01-31T15:28:46","guid":{"rendered":"https:\/\/dev.kinequip.ca\/?post_type=product&#038;p=313"},"modified":"2025-01-31T15:28:51","modified_gmt":"2025-01-31T15:28:51","slug":"systeme-dentrainement-synrgy-bluesky","status":"publish","type":"product","link":"https:\/\/kinequip.ca\/?product=systeme-dentrainement-synrgy-bluesky","title":{"rendered":"SYST\u00c8ME D&rsquo;ENTRA\u00ceNEMENT SYNRGY BLUESKY"},"content":{"rendered":"<p>Une alternative ext\u00e9rieure \u00e0 la SYNRGY360. L&rsquo;installation de plusieurs stations d&rsquo;entra\u00eenement permet d&rsquo;accueillir tous les utilisateurs et les unit\u00e9s SYNRGY BlueSky peuvent \u00eatre utilis\u00e9es comme des zones d&rsquo;entra\u00eenement en groupe ou des stations plus petites sur un parcours de course ou dans un parc.<\/p>\n","protected":false},"excerpt":{"rendered":"<p>Une alternative ext\u00e9rieure \u00e0 la SYNRGY360. L&rsquo;installation de plusieurs stations d&rsquo;entra\u00eenement permet d&rsquo;accueillir tous les utilisateurs et les unit\u00e9s SYNRGY BlueSky peuvent \u00eatre utilis\u00e9es comme des zones d&rsquo;entra\u00eenement en groupe ou des stations plus petites sur un parcours de course ou dans un parc.<\/p>\n","protected":false},"featured_media":343,"comment_status":"open","ping_status":"closed","template":"","meta":[],"product_brand":[],"product_cat":[34],"product_tag":[],"class_list":{"0":"post-313","1":"product","2":"type-product","3":"status-publish","4":"has-post-thumbnail","6":"product_cat-equipements-pour-professionnel","8":"first","9":"instock","10":"shipping-taxable","11":"purchasable","12":"product-type-simple"},"_links":{"self":[{"href":"https:\/\/kinequip.ca\/index.php?rest_route=\/wp\/v2\/product\/313","targetHints":{"allow":["GET"]}}],"collection":[{"href":"https:\/\/kinequip.ca\/index.php?rest_route=\/wp\/v2\/product"}],"about":[{"href":"https:\/\/kinequip.ca\/index.php?rest_route=\/wp\/v2\/types\/product"}],"replies":[{"embeddable":true,"href":"https:\/\/kinequip.ca\/index.php?rest_route=%2Fwp%2Fv2%2Fcomments&post=313"}],"wp:featuredmedia":[{"embeddable":true,"href":"https:\/\/kinequip.ca\/index.php?rest_route=\/wp\/v2\/media\/343"}],"wp:attachment":[{"href":"https:\/\/kinequip.ca\/index.php?rest_route=%2Fwp%2Fv2%2Fmedia&parent=313"}],"wp:term":[{"taxonomy":"product_brand","embeddable":true,"href":"https:\/\/kinequip.ca\/index.php?rest_route=%2Fwp%2Fv2%2Fproduct_brand&post=313"},{"taxonomy":"product_cat","embeddable":true,"href":"https:\/\/kinequip.ca\/index.php?rest_route=%2Fwp%2Fv2%2Fproduct_cat&post=313"},{"taxonomy":"product_tag","embeddable":true,"href":"https:\/\/kinequip.ca\/index.php?rest_route=%2Fwp%2Fv2%2Fproduct_tag&post=313"}],"curies":[{"name":"wp","href":"https:\/\/api.w.org\/{rel}","templated":true}]}}