{"id":312,"date":"2025-01-31T15:28:46","date_gmt":"2025-01-31T15:28:46","guid":{"rendered":"https:\/\/dev.kinequip.ca\/?post_type=product&#038;p=312"},"modified":"2025-01-31T15:28:51","modified_gmt":"2025-01-31T15:28:51","slug":"systeme-synrgy360-2","status":"publish","type":"product","link":"https:\/\/kinequip.ca\/?product=systeme-synrgy360-2","title":{"rendered":"SYST\u00c8ME SYNRGY360"},"content":{"rendered":"<p>Un syst\u00e8me r\u00e9volutionnaire de Small Group Training, con\u00e7u pour offrir une exp\u00e9rience inoubliable \u00e0 tous les utilisateurs. Plusieurs choix de configuration, des accessoires et la possibilit\u00e9 d&rsquo;ajouter l&rsquo;option\u00a0<u><a href=\"https:\/\/lifefitnessemea.com\/facility\/products\/cable-motion\">multi-jungles<\/a><\/u>\u00a0au syst\u00e8me SYNRGY360 offrent des possibilit\u00e9s d&rsquo;entra\u00eenement quasi illimit\u00e9es.<\/p>\n","protected":false},"excerpt":{"rendered":"<p>Un syst\u00e8me r\u00e9volutionnaire de Small Group Training, con\u00e7u pour offrir une exp\u00e9rience inoubliable \u00e0 tous les utilisateurs. Plusieurs choix de configuration, des accessoires et la possibilit\u00e9 d&rsquo;ajouter l&rsquo;option\u00a0<u><a href=\"https:\/\/lifefitnessemea.com\/facility\/products\/cable-motion\">multi-jungles<\/a><\/u>\u00a0au syst\u00e8me SYNRGY360 offrent des possibilit\u00e9s d&rsquo;entra\u00eenement quasi illimit\u00e9es.<\/p>\n","protected":false},"featured_media":342,"comment_status":"open","ping_status":"closed","template":"","meta":[],"product_brand":[],"product_cat":[34],"product_tag":[],"class_list":{"0":"post-312","1":"product","2":"type-product","3":"status-publish","4":"has-post-thumbnail","6":"product_cat-equipements-pour-professionnel","8":"first","9":"instock","10":"shipping-taxable","11":"purchasable","12":"product-type-simple"},"_links":{"self":[{"href":"https:\/\/kinequip.ca\/index.php?rest_route=\/wp\/v2\/product\/312","targetHints":{"allow":["GET"]}}],"collection":[{"href":"https:\/\/kinequip.ca\/index.php?rest_route=\/wp\/v2\/product"}],"about":[{"href":"https:\/\/kinequip.ca\/index.php?rest_route=\/wp\/v2\/types\/product"}],"replies":[{"embeddable":true,"href":"https:\/\/kinequip.ca\/index.php?rest_route=%2Fwp%2Fv2%2Fcomments&post=312"}],"wp:featuredmedia":[{"embeddable":true,"href":"https:\/\/kinequip.ca\/index.php?rest_route=\/wp\/v2\/media\/342"}],"wp:attachment":[{"href":"https:\/\/kinequip.ca\/index.php?rest_route=%2Fwp%2Fv2%2Fmedia&parent=312"}],"wp:term":[{"taxonomy":"product_brand","embeddable":true,"href":"https:\/\/kinequip.ca\/index.php?rest_route=%2Fwp%2Fv2%2Fproduct_brand&post=312"},{"taxonomy":"product_cat","embeddable":true,"href":"https:\/\/kinequip.ca\/index.php?rest_route=%2Fwp%2Fv2%2Fproduct_cat&post=312"},{"taxonomy":"product_tag","embeddable":true,"href":"https:\/\/kinequip.ca\/index.php?rest_route=%2Fwp%2Fv2%2Fproduct_tag&post=312"}],"curies":[{"name":"wp","href":"https:\/\/api.w.org\/{rel}","templated":true}]}}