{"id":311,"date":"2025-01-31T15:28:46","date_gmt":"2025-01-31T15:28:46","guid":{"rendered":"https:\/\/dev.kinequip.ca\/?post_type=product&#038;p=311"},"modified":"2025-01-31T15:28:51","modified_gmt":"2025-01-31T15:28:51","slug":"multi-jungle-serie-signature-2","status":"publish","type":"product","link":"https:\/\/kinequip.ca\/?product=multi-jungle-serie-signature-2","title":{"rendered":"MULTI-JUNGLE S\u00c9RIE SIGNATURE"},"content":{"rendered":"<p>Une polyvalence quasi illimit\u00e9e gr\u00e2ce \u00e0 14\u00a0multi-jungles proposant aux clubs les options dont ils ont besoin pour maximiser leur espace, tout en offrant \u00e0 un large \u00e9ventail d&rsquo;utilisateurs des options de musculation efficaces.<\/p>\n","protected":false},"excerpt":{"rendered":"<p>Une polyvalence quasi illimit\u00e9e gr\u00e2ce \u00e0 14\u00a0multi-jungles proposant aux clubs les options dont ils ont besoin pour maximiser leur espace, tout en offrant \u00e0 un large \u00e9ventail d&rsquo;utilisateurs des options de musculation efficaces.<\/p>\n","protected":false},"featured_media":341,"comment_status":"open","ping_status":"closed","template":"","meta":[],"product_brand":[],"product_cat":[34],"product_tag":[],"class_list":{"0":"post-311","1":"product","2":"type-product","3":"status-publish","4":"has-post-thumbnail","6":"product_cat-equipements-pour-professionnel","8":"first","9":"instock","10":"shipping-taxable","11":"purchasable","12":"product-type-simple"},"_links":{"self":[{"href":"https:\/\/kinequip.ca\/index.php?rest_route=\/wp\/v2\/product\/311","targetHints":{"allow":["GET"]}}],"collection":[{"href":"https:\/\/kinequip.ca\/index.php?rest_route=\/wp\/v2\/product"}],"about":[{"href":"https:\/\/kinequip.ca\/index.php?rest_route=\/wp\/v2\/types\/product"}],"replies":[{"embeddable":true,"href":"https:\/\/kinequip.ca\/index.php?rest_route=%2Fwp%2Fv2%2Fcomments&post=311"}],"wp:featuredmedia":[{"embeddable":true,"href":"https:\/\/kinequip.ca\/index.php?rest_route=\/wp\/v2\/media\/341"}],"wp:attachment":[{"href":"https:\/\/kinequip.ca\/index.php?rest_route=%2Fwp%2Fv2%2Fmedia&parent=311"}],"wp:term":[{"taxonomy":"product_brand","embeddable":true,"href":"https:\/\/kinequip.ca\/index.php?rest_route=%2Fwp%2Fv2%2Fproduct_brand&post=311"},{"taxonomy":"product_cat","embeddable":true,"href":"https:\/\/kinequip.ca\/index.php?rest_route=%2Fwp%2Fv2%2Fproduct_cat&post=311"},{"taxonomy":"product_tag","embeddable":true,"href":"https:\/\/kinequip.ca\/index.php?rest_route=%2Fwp%2Fv2%2Fproduct_tag&post=311"}],"curies":[{"name":"wp","href":"https:\/\/api.w.org\/{rel}","templated":true}]}}