{"id":310,"date":"2025-01-31T15:28:46","date_gmt":"2025-01-31T15:28:46","guid":{"rendered":"https:\/\/dev.kinequip.ca\/?post_type=product&#038;p=310"},"modified":"2025-01-31T15:28:51","modified_gmt":"2025-01-31T15:28:51","slug":"serie-signature","status":"publish","type":"product","link":"https:\/\/kinequip.ca\/?product=serie-signature","title":{"rendered":"S\u00c9RIE SIGNATURE"},"content":{"rendered":"<p>La technologie Cable Motion utilise des s\u00e9quences de mouvements d\u00e9finies par l&rsquo;utilisateur qui permettent de mettre en \u0153uvre des programmes de musculation polyvalents et de confronter les utilisateurs de tous niveaux \u00e0 de nouveaux d\u00e9fis. Il est possible de combiner plusieurs unit\u00e9s multi-usage de la S\u00e9rie Signature pour cr\u00e9er des zones d&rsquo;entra\u00eenement plus vastes.<\/p>\n","protected":false},"excerpt":{"rendered":"<p>La technologie Cable Motion utilise des s\u00e9quences de mouvements d\u00e9finies par l&rsquo;utilisateur qui permettent de mettre en \u0153uvre des programmes de musculation polyvalents et de confronter les utilisateurs de tous niveaux \u00e0 de nouveaux d\u00e9fis. Il est possible de combiner plusieurs unit\u00e9s multi-usage de la S\u00e9rie Signature pour cr\u00e9er des zones d&rsquo;entra\u00eenement plus vastes.<\/p>\n","protected":false},"featured_media":340,"comment_status":"open","ping_status":"closed","template":"","meta":[],"product_brand":[],"product_cat":[34],"product_tag":[],"class_list":{"0":"post-310","1":"product","2":"type-product","3":"status-publish","4":"has-post-thumbnail","6":"product_cat-equipements-pour-professionnel","8":"first","9":"instock","10":"shipping-taxable","11":"purchasable","12":"product-type-simple"},"_links":{"self":[{"href":"https:\/\/kinequip.ca\/index.php?rest_route=\/wp\/v2\/product\/310","targetHints":{"allow":["GET"]}}],"collection":[{"href":"https:\/\/kinequip.ca\/index.php?rest_route=\/wp\/v2\/product"}],"about":[{"href":"https:\/\/kinequip.ca\/index.php?rest_route=\/wp\/v2\/types\/product"}],"replies":[{"embeddable":true,"href":"https:\/\/kinequip.ca\/index.php?rest_route=%2Fwp%2Fv2%2Fcomments&post=310"}],"wp:featuredmedia":[{"embeddable":true,"href":"https:\/\/kinequip.ca\/index.php?rest_route=\/wp\/v2\/media\/340"}],"wp:attachment":[{"href":"https:\/\/kinequip.ca\/index.php?rest_route=%2Fwp%2Fv2%2Fmedia&parent=310"}],"wp:term":[{"taxonomy":"product_brand","embeddable":true,"href":"https:\/\/kinequip.ca\/index.php?rest_route=%2Fwp%2Fv2%2Fproduct_brand&post=310"},{"taxonomy":"product_cat","embeddable":true,"href":"https:\/\/kinequip.ca\/index.php?rest_route=%2Fwp%2Fv2%2Fproduct_cat&post=310"},{"taxonomy":"product_tag","embeddable":true,"href":"https:\/\/kinequip.ca\/index.php?rest_route=%2Fwp%2Fv2%2Fproduct_tag&post=310"}],"curies":[{"name":"wp","href":"https:\/\/api.w.org\/{rel}","templated":true}]}}