{"id":306,"date":"2025-01-31T15:28:45","date_gmt":"2025-01-31T15:28:45","guid":{"rendered":"https:\/\/dev.kinequip.ca\/?post_type=product&#038;p=306"},"modified":"2025-01-31T15:28:50","modified_gmt":"2025-01-31T15:28:50","slug":"cable-motion-serie-signature","status":"publish","type":"product","link":"https:\/\/kinequip.ca\/?product=cable-motion-serie-signature","title":{"rendered":"CABLE MOTION S\u00c9RIE SIGNATURE"},"content":{"rendered":"<p>Les stations individuelles et \u00e9quipements multi-usage Cable Motion de la S\u00e9rie Signature offrent des options d&rsquo;entra\u00eenement quasi illimit\u00e9es d&rsquo;une grande vari\u00e9t\u00e9, ce qui permet d&rsquo;attirer des utilisateurs de tous niveaux.<\/p>\n","protected":false},"excerpt":{"rendered":"<p>Les stations individuelles et \u00e9quipements multi-usage Cable Motion de la S\u00e9rie Signature offrent des options d&rsquo;entra\u00eenement quasi illimit\u00e9es d&rsquo;une grande vari\u00e9t\u00e9, ce qui permet d&rsquo;attirer des utilisateurs de tous niveaux.<\/p>\n","protected":false},"featured_media":336,"comment_status":"open","ping_status":"closed","template":"","meta":[],"product_brand":[],"product_cat":[34],"product_tag":[],"class_list":{"0":"post-306","1":"product","2":"type-product","3":"status-publish","4":"has-post-thumbnail","6":"product_cat-equipements-pour-professionnel","8":"first","9":"instock","10":"shipping-taxable","11":"purchasable","12":"product-type-simple"},"_links":{"self":[{"href":"https:\/\/kinequip.ca\/index.php?rest_route=\/wp\/v2\/product\/306","targetHints":{"allow":["GET"]}}],"collection":[{"href":"https:\/\/kinequip.ca\/index.php?rest_route=\/wp\/v2\/product"}],"about":[{"href":"https:\/\/kinequip.ca\/index.php?rest_route=\/wp\/v2\/types\/product"}],"replies":[{"embeddable":true,"href":"https:\/\/kinequip.ca\/index.php?rest_route=%2Fwp%2Fv2%2Fcomments&post=306"}],"wp:featuredmedia":[{"embeddable":true,"href":"https:\/\/kinequip.ca\/index.php?rest_route=\/wp\/v2\/media\/336"}],"wp:attachment":[{"href":"https:\/\/kinequip.ca\/index.php?rest_route=%2Fwp%2Fv2%2Fmedia&parent=306"}],"wp:term":[{"taxonomy":"product_brand","embeddable":true,"href":"https:\/\/kinequip.ca\/index.php?rest_route=%2Fwp%2Fv2%2Fproduct_brand&post=306"},{"taxonomy":"product_cat","embeddable":true,"href":"https:\/\/kinequip.ca\/index.php?rest_route=%2Fwp%2Fv2%2Fproduct_cat&post=306"},{"taxonomy":"product_tag","embeddable":true,"href":"https:\/\/kinequip.ca\/index.php?rest_route=%2Fwp%2Fv2%2Fproduct_tag&post=306"}],"curies":[{"name":"wp","href":"https:\/\/api.w.org\/{rel}","templated":true}]}}