{"id":305,"date":"2025-01-31T15:28:45","date_gmt":"2025-01-31T15:28:45","guid":{"rendered":"https:\/\/dev.kinequip.ca\/?post_type=product&#038;p=305"},"modified":"2025-01-31T15:28:50","modified_gmt":"2025-01-31T15:28:50","slug":"hammer-strength","status":"publish","type":"product","link":"https:\/\/kinequip.ca\/?product=hammer-strength","title":{"rendered":"HAMMER STRENGTH"},"content":{"rendered":"<p>Les \u00e9quipements Hammer Strength ont introduit l&rsquo;utilisation des mouvements convergents et divergents ind\u00e9pendants. Avec plus de 40\u00a0produits \u00e0 charges libres, Hammer Strength continue \u00e0 former des champions et \u00e0 \u00e9riger de nouveaux standards en mati\u00e8re de musculation intensive.<\/p>\n","protected":false},"excerpt":{"rendered":"<p>Les \u00e9quipements Hammer Strength ont introduit l&rsquo;utilisation des mouvements convergents et divergents ind\u00e9pendants. Avec plus de 40\u00a0produits \u00e0 charges libres, Hammer Strength continue \u00e0 former des champions et \u00e0 \u00e9riger de nouveaux standards en mati\u00e8re de musculation intensive.<\/p>\n","protected":false},"featured_media":335,"comment_status":"open","ping_status":"closed","template":"","meta":[],"product_brand":[],"product_cat":[34],"product_tag":[],"class_list":{"0":"post-305","1":"product","2":"type-product","3":"status-publish","4":"has-post-thumbnail","6":"product_cat-equipements-pour-professionnel","8":"first","9":"instock","10":"shipping-taxable","11":"purchasable","12":"product-type-simple"},"_links":{"self":[{"href":"https:\/\/kinequip.ca\/index.php?rest_route=\/wp\/v2\/product\/305","targetHints":{"allow":["GET"]}}],"collection":[{"href":"https:\/\/kinequip.ca\/index.php?rest_route=\/wp\/v2\/product"}],"about":[{"href":"https:\/\/kinequip.ca\/index.php?rest_route=\/wp\/v2\/types\/product"}],"replies":[{"embeddable":true,"href":"https:\/\/kinequip.ca\/index.php?rest_route=%2Fwp%2Fv2%2Fcomments&post=305"}],"wp:featuredmedia":[{"embeddable":true,"href":"https:\/\/kinequip.ca\/index.php?rest_route=\/wp\/v2\/media\/335"}],"wp:attachment":[{"href":"https:\/\/kinequip.ca\/index.php?rest_route=%2Fwp%2Fv2%2Fmedia&parent=305"}],"wp:term":[{"taxonomy":"product_brand","embeddable":true,"href":"https:\/\/kinequip.ca\/index.php?rest_route=%2Fwp%2Fv2%2Fproduct_brand&post=305"},{"taxonomy":"product_cat","embeddable":true,"href":"https:\/\/kinequip.ca\/index.php?rest_route=%2Fwp%2Fv2%2Fproduct_cat&post=305"},{"taxonomy":"product_tag","embeddable":true,"href":"https:\/\/kinequip.ca\/index.php?rest_route=%2Fwp%2Fv2%2Fproduct_tag&post=305"}],"curies":[{"name":"wp","href":"https:\/\/api.w.org\/{rel}","templated":true}]}}