{"id":304,"date":"2025-01-31T15:28:45","date_gmt":"2025-01-31T15:28:45","guid":{"rendered":"https:\/\/dev.kinequip.ca\/?post_type=product&#038;p=304"},"modified":"2025-01-31T15:28:50","modified_gmt":"2025-01-31T15:28:50","slug":"machines-a-charges-libres-serie-signature","status":"publish","type":"product","link":"https:\/\/kinequip.ca\/?product=machines-a-charges-libres-serie-signature","title":{"rendered":"MACHINES \u00c0 CHARGES LIBRES S\u00c9RIE SIGNATURE"},"content":{"rendered":"<p>Bien que plus raffin\u00e9e, cette s\u00e9rie n&rsquo;a rien \u00e0 envier \u00e0 la robustesse des \u00e9quipements \u00e0 charges libres Hammer Strength.<\/p>\n","protected":false},"excerpt":{"rendered":"<p>Bien que plus raffin\u00e9e, cette s\u00e9rie n&rsquo;a rien \u00e0 envier \u00e0 la robustesse des \u00e9quipements \u00e0 charges libres Hammer Strength.<\/p>\n","protected":false},"featured_media":334,"comment_status":"open","ping_status":"closed","template":"","meta":[],"product_brand":[],"product_cat":[34],"product_tag":[],"class_list":{"0":"post-304","1":"product","2":"type-product","3":"status-publish","4":"has-post-thumbnail","6":"product_cat-equipements-pour-professionnel","8":"first","9":"instock","10":"shipping-taxable","11":"purchasable","12":"product-type-simple"},"_links":{"self":[{"href":"https:\/\/kinequip.ca\/index.php?rest_route=\/wp\/v2\/product\/304","targetHints":{"allow":["GET"]}}],"collection":[{"href":"https:\/\/kinequip.ca\/index.php?rest_route=\/wp\/v2\/product"}],"about":[{"href":"https:\/\/kinequip.ca\/index.php?rest_route=\/wp\/v2\/types\/product"}],"replies":[{"embeddable":true,"href":"https:\/\/kinequip.ca\/index.php?rest_route=%2Fwp%2Fv2%2Fcomments&post=304"}],"wp:featuredmedia":[{"embeddable":true,"href":"https:\/\/kinequip.ca\/index.php?rest_route=\/wp\/v2\/media\/334"}],"wp:attachment":[{"href":"https:\/\/kinequip.ca\/index.php?rest_route=%2Fwp%2Fv2%2Fmedia&parent=304"}],"wp:term":[{"taxonomy":"product_brand","embeddable":true,"href":"https:\/\/kinequip.ca\/index.php?rest_route=%2Fwp%2Fv2%2Fproduct_brand&post=304"},{"taxonomy":"product_cat","embeddable":true,"href":"https:\/\/kinequip.ca\/index.php?rest_route=%2Fwp%2Fv2%2Fproduct_cat&post=304"},{"taxonomy":"product_tag","embeddable":true,"href":"https:\/\/kinequip.ca\/index.php?rest_route=%2Fwp%2Fv2%2Fproduct_tag&post=304"}],"curies":[{"name":"wp","href":"https:\/\/api.w.org\/{rel}","templated":true}]}}