{"id":303,"date":"2025-01-31T15:28:45","date_gmt":"2025-01-31T15:28:45","guid":{"rendered":"https:\/\/dev.kinequip.ca\/?post_type=product&#038;p=303"},"modified":"2025-01-31T15:28:50","modified_gmt":"2025-01-31T15:28:50","slug":"motion-technology-selectorized","status":"publish","type":"product","link":"https:\/\/kinequip.ca\/?product=motion-technology-selectorized","title":{"rendered":"MOTION TECHNOLOGY SELECTORIZED"},"content":{"rendered":"<p>Associe un\u00a0mouvement iso-lat\u00e9ral efficace, introduit par les \u00e9quipements \u00e0 charges libres Hammer Strength, \u00e0 l&rsquo;aspect pratique des syst\u00e8mes d&#8217;empilement des poids par s\u00e9lection.<\/p>\n","protected":false},"excerpt":{"rendered":"<p>Associe un\u00a0mouvement iso-lat\u00e9ral efficace, introduit par les \u00e9quipements \u00e0 charges libres Hammer Strength, \u00e0 l&rsquo;aspect pratique des syst\u00e8mes d&#8217;empilement des poids par s\u00e9lection.<\/p>\n","protected":false},"featured_media":333,"comment_status":"open","ping_status":"closed","template":"","meta":[],"product_brand":[],"product_cat":[34],"product_tag":[],"class_list":{"0":"post-303","1":"product","2":"type-product","3":"status-publish","4":"has-post-thumbnail","6":"product_cat-equipements-pour-professionnel","8":"first","9":"instock","10":"shipping-taxable","11":"purchasable","12":"product-type-simple"},"_links":{"self":[{"href":"https:\/\/kinequip.ca\/index.php?rest_route=\/wp\/v2\/product\/303","targetHints":{"allow":["GET"]}}],"collection":[{"href":"https:\/\/kinequip.ca\/index.php?rest_route=\/wp\/v2\/product"}],"about":[{"href":"https:\/\/kinequip.ca\/index.php?rest_route=\/wp\/v2\/types\/product"}],"replies":[{"embeddable":true,"href":"https:\/\/kinequip.ca\/index.php?rest_route=%2Fwp%2Fv2%2Fcomments&post=303"}],"wp:featuredmedia":[{"embeddable":true,"href":"https:\/\/kinequip.ca\/index.php?rest_route=\/wp\/v2\/media\/333"}],"wp:attachment":[{"href":"https:\/\/kinequip.ca\/index.php?rest_route=%2Fwp%2Fv2%2Fmedia&parent=303"}],"wp:term":[{"taxonomy":"product_brand","embeddable":true,"href":"https:\/\/kinequip.ca\/index.php?rest_route=%2Fwp%2Fv2%2Fproduct_brand&post=303"},{"taxonomy":"product_cat","embeddable":true,"href":"https:\/\/kinequip.ca\/index.php?rest_route=%2Fwp%2Fv2%2Fproduct_cat&post=303"},{"taxonomy":"product_tag","embeddable":true,"href":"https:\/\/kinequip.ca\/index.php?rest_route=%2Fwp%2Fv2%2Fproduct_tag&post=303"}],"curies":[{"name":"wp","href":"https:\/\/api.w.org\/{rel}","templated":true}]}}