{"id":301,"date":"2025-01-31T15:28:45","date_gmt":"2025-01-31T15:28:45","guid":{"rendered":"https:\/\/dev.kinequip.ca\/?post_type=product&#038;p=301"},"modified":"2025-01-31T15:28:50","modified_gmt":"2025-01-31T15:28:50","slug":"serie-circuit-2","status":"publish","type":"product","link":"https:\/\/kinequip.ca\/?product=serie-circuit-2","title":{"rendered":"S\u00c9RIE CIRCUIT"},"content":{"rendered":"<p>Les \u00e9quipements de la S\u00e9rie Circuit ne n\u00e9cessitent aucun r\u00e9glage et disposent de boutons-poussoirs intuitifs de s\u00e9lection de la r\u00e9sistance, ce qui en fait une excellente introduction \u00e0 la musculation et un choix de premier plan pour les utilisateurs qui recherchent des circuits pour s&rsquo;entra\u00eener.<\/p>\n<p>La S\u00e9rie Circuit convient parfaitement aux personnes \u00e2g\u00e9es actives, aux d\u00e9butants ou aux utilisateurs \u00e0 la recherche d&rsquo;un entra\u00eenement musculaire pratique et efficace.<\/p>\n","protected":false},"excerpt":{"rendered":"<p>Les \u00e9quipements de la S\u00e9rie Circuit ne n\u00e9cessitent aucun r\u00e9glage et disposent de boutons-poussoirs intuitifs de s\u00e9lection de la r\u00e9sistance, ce qui en fait une excellente introduction \u00e0 la musculation et un choix de premier plan pour les utilisateurs qui recherchent des circuits pour s&rsquo;entra\u00eener.<\/p>\n<p>La S\u00e9rie Circuit convient parfaitement aux personnes \u00e2g\u00e9es actives, aux d\u00e9butants ou aux utilisateurs \u00e0 la recherche d&rsquo;un entra\u00eenement musculaire pratique et efficace.<\/p>\n","protected":false},"featured_media":331,"comment_status":"open","ping_status":"closed","template":"","meta":[],"product_brand":[],"product_cat":[34],"product_tag":[],"class_list":{"0":"post-301","1":"product","2":"type-product","3":"status-publish","4":"has-post-thumbnail","6":"product_cat-equipements-pour-professionnel","8":"first","9":"instock","10":"shipping-taxable","11":"purchasable","12":"product-type-simple"},"_links":{"self":[{"href":"https:\/\/kinequip.ca\/index.php?rest_route=\/wp\/v2\/product\/301","targetHints":{"allow":["GET"]}}],"collection":[{"href":"https:\/\/kinequip.ca\/index.php?rest_route=\/wp\/v2\/product"}],"about":[{"href":"https:\/\/kinequip.ca\/index.php?rest_route=\/wp\/v2\/types\/product"}],"replies":[{"embeddable":true,"href":"https:\/\/kinequip.ca\/index.php?rest_route=%2Fwp%2Fv2%2Fcomments&post=301"}],"wp:featuredmedia":[{"embeddable":true,"href":"https:\/\/kinequip.ca\/index.php?rest_route=\/wp\/v2\/media\/331"}],"wp:attachment":[{"href":"https:\/\/kinequip.ca\/index.php?rest_route=%2Fwp%2Fv2%2Fmedia&parent=301"}],"wp:term":[{"taxonomy":"product_brand","embeddable":true,"href":"https:\/\/kinequip.ca\/index.php?rest_route=%2Fwp%2Fv2%2Fproduct_brand&post=301"},{"taxonomy":"product_cat","embeddable":true,"href":"https:\/\/kinequip.ca\/index.php?rest_route=%2Fwp%2Fv2%2Fproduct_cat&post=301"},{"taxonomy":"product_tag","embeddable":true,"href":"https:\/\/kinequip.ca\/index.php?rest_route=%2Fwp%2Fv2%2Fproduct_tag&post=301"}],"curies":[{"name":"wp","href":"https:\/\/api.w.org\/{rel}","templated":true}]}}