{"id":300,"date":"2025-01-31T15:28:45","date_gmt":"2025-01-31T15:28:45","guid":{"rendered":"https:\/\/dev.kinequip.ca\/?post_type=product&#038;p=300"},"modified":"2025-01-31T15:28:50","modified_gmt":"2025-01-31T15:28:50","slug":"serie-optima","status":"publish","type":"product","link":"https:\/\/kinequip.ca\/?product=serie-optima","title":{"rendered":"S\u00c9RIE OPTIMA"},"content":{"rendered":"<p>Fortes de leur design pur et attrayant, les unit\u00e9s de musculation guid\u00e9es de la S\u00e9rie Optima exigent peu de r\u00e9glages et sont \u00e0 ce titre extr\u00eamement faciles \u00e0 utiliser.<\/p>\n<p>La S\u00e9rie Optima propose une solution de musculation \u00e9l\u00e9gante, convenant parfaitement aux espaces de toutes tailles.<\/p>\n","protected":false},"excerpt":{"rendered":"<p>Fortes de leur design pur et attrayant, les unit\u00e9s de musculation guid\u00e9es de la S\u00e9rie Optima exigent peu de r\u00e9glages et sont \u00e0 ce titre extr\u00eamement faciles \u00e0 utiliser.<\/p>\n<p>La S\u00e9rie Optima propose une solution de musculation \u00e9l\u00e9gante, convenant parfaitement aux espaces de toutes tailles.<\/p>\n","protected":false},"featured_media":330,"comment_status":"open","ping_status":"closed","template":"","meta":[],"product_brand":[],"product_cat":[34],"product_tag":[],"class_list":{"0":"post-300","1":"product","2":"type-product","3":"status-publish","4":"has-post-thumbnail","6":"product_cat-equipements-pour-professionnel","8":"first","9":"instock","10":"shipping-taxable","11":"purchasable","12":"product-type-simple"},"_links":{"self":[{"href":"https:\/\/kinequip.ca\/index.php?rest_route=\/wp\/v2\/product\/300","targetHints":{"allow":["GET"]}}],"collection":[{"href":"https:\/\/kinequip.ca\/index.php?rest_route=\/wp\/v2\/product"}],"about":[{"href":"https:\/\/kinequip.ca\/index.php?rest_route=\/wp\/v2\/types\/product"}],"replies":[{"embeddable":true,"href":"https:\/\/kinequip.ca\/index.php?rest_route=%2Fwp%2Fv2%2Fcomments&post=300"}],"wp:featuredmedia":[{"embeddable":true,"href":"https:\/\/kinequip.ca\/index.php?rest_route=\/wp\/v2\/media\/330"}],"wp:attachment":[{"href":"https:\/\/kinequip.ca\/index.php?rest_route=%2Fwp%2Fv2%2Fmedia&parent=300"}],"wp:term":[{"taxonomy":"product_brand","embeddable":true,"href":"https:\/\/kinequip.ca\/index.php?rest_route=%2Fwp%2Fv2%2Fproduct_brand&post=300"},{"taxonomy":"product_cat","embeddable":true,"href":"https:\/\/kinequip.ca\/index.php?rest_route=%2Fwp%2Fv2%2Fproduct_cat&post=300"},{"taxonomy":"product_tag","embeddable":true,"href":"https:\/\/kinequip.ca\/index.php?rest_route=%2Fwp%2Fv2%2Fproduct_tag&post=300"}],"curies":[{"name":"wp","href":"https:\/\/api.w.org\/{rel}","templated":true}]}}