{"id":299,"date":"2025-01-31T15:28:45","date_gmt":"2025-01-31T15:28:45","guid":{"rendered":"https:\/\/dev.kinequip.ca\/?post_type=product&#038;p=299"},"modified":"2025-01-31T15:28:49","modified_gmt":"2025-01-31T15:28:49","slug":"serie-insignia","status":"publish","type":"product","link":"https:\/\/kinequip.ca\/?product=serie-insignia","title":{"rendered":"S\u00c9RIE INSIGNIA"},"content":{"rendered":"<p>Des \u00e9quipements de musculation haut de gamme combinant un charme visuel exceptionnel et des \u00e9l\u00e9ments \u00e0 la conception attrayante afin de garantir une interaction optimale entre l&rsquo;utilisateur et la machine.<\/p>\n<p>La S\u00e9rie Insignia constitue un nouveau standard en mati\u00e8re d&rsquo;\u00e9quipements de musculation guid\u00e9s et permet aux clubs de se d\u00e9marquer.<\/p>\n","protected":false},"excerpt":{"rendered":"<p>Des \u00e9quipements de musculation haut de gamme combinant un charme visuel exceptionnel et des \u00e9l\u00e9ments \u00e0 la conception attrayante afin de garantir une interaction optimale entre l&rsquo;utilisateur et la machine.<\/p>\n<p>La S\u00e9rie Insignia constitue un nouveau standard en mati\u00e8re d&rsquo;\u00e9quipements de musculation guid\u00e9s et permet aux clubs de se d\u00e9marquer.<\/p>\n","protected":false},"featured_media":329,"comment_status":"open","ping_status":"closed","template":"","meta":[],"product_brand":[],"product_cat":[34],"product_tag":[],"class_list":{"0":"post-299","1":"product","2":"type-product","3":"status-publish","4":"has-post-thumbnail","6":"product_cat-equipements-pour-professionnel","8":"first","9":"instock","10":"shipping-taxable","11":"purchasable","12":"product-type-simple"},"_links":{"self":[{"href":"https:\/\/kinequip.ca\/index.php?rest_route=\/wp\/v2\/product\/299","targetHints":{"allow":["GET"]}}],"collection":[{"href":"https:\/\/kinequip.ca\/index.php?rest_route=\/wp\/v2\/product"}],"about":[{"href":"https:\/\/kinequip.ca\/index.php?rest_route=\/wp\/v2\/types\/product"}],"replies":[{"embeddable":true,"href":"https:\/\/kinequip.ca\/index.php?rest_route=%2Fwp%2Fv2%2Fcomments&post=299"}],"wp:featuredmedia":[{"embeddable":true,"href":"https:\/\/kinequip.ca\/index.php?rest_route=\/wp\/v2\/media\/329"}],"wp:attachment":[{"href":"https:\/\/kinequip.ca\/index.php?rest_route=%2Fwp%2Fv2%2Fmedia&parent=299"}],"wp:term":[{"taxonomy":"product_brand","embeddable":true,"href":"https:\/\/kinequip.ca\/index.php?rest_route=%2Fwp%2Fv2%2Fproduct_brand&post=299"},{"taxonomy":"product_cat","embeddable":true,"href":"https:\/\/kinequip.ca\/index.php?rest_route=%2Fwp%2Fv2%2Fproduct_cat&post=299"},{"taxonomy":"product_tag","embeddable":true,"href":"https:\/\/kinequip.ca\/index.php?rest_route=%2Fwp%2Fv2%2Fproduct_tag&post=299"}],"curies":[{"name":"wp","href":"https:\/\/api.w.org\/{rel}","templated":true}]}}