{"id":298,"date":"2025-01-31T15:28:45","date_gmt":"2025-01-31T15:28:45","guid":{"rendered":"https:\/\/dev.kinequip.ca\/?post_type=product&#038;p=298"},"modified":"2025-01-31T15:28:49","modified_gmt":"2025-01-31T15:28:49","slug":"collection-studio","status":"publish","type":"product","link":"https:\/\/kinequip.ca\/?product=collection-studio","title":{"rendered":"Collection Studio"},"content":{"rendered":"<p>La collection Studio a \u00e9t\u00e9 cr\u00e9\u00e9e selon un choix de couleurs unifi\u00e9 et s&rsquo;appuie sur la psychologie et les fonctionnalit\u00e9s pr\u00e9f\u00e9r\u00e9es des utilisateurs. Facile \u00e0 g\u00e9rer et accessible, la collection Studio saura s\u00e9duire tant les utilisateurs que les propri\u00e9taires de club. En offrant une solution de fitness compl\u00e8te, ces accessoires, avec nos autres produits, apportent la touche finale \u00e0 votre salle de sport, faisant \u00e9conomiser du temps et des efforts \u00e0 vos clients.<\/p>\n","protected":false},"excerpt":{"rendered":"<p>La collection Studio a \u00e9t\u00e9 cr\u00e9\u00e9e selon un choix de couleurs unifi\u00e9 et s&rsquo;appuie sur la psychologie et les fonctionnalit\u00e9s pr\u00e9f\u00e9r\u00e9es des utilisateurs. Facile \u00e0 g\u00e9rer et accessible, la collection Studio saura s\u00e9duire tant les utilisateurs que les propri\u00e9taires de club. En offrant une solution de fitness compl\u00e8te, ces accessoires, avec nos autres produits, apportent la touche finale \u00e0 votre salle de sport, faisant \u00e9conomiser du temps et des efforts \u00e0 vos clients.<\/p>\n","protected":false},"featured_media":328,"comment_status":"open","ping_status":"closed","template":"","meta":[],"product_brand":[],"product_cat":[45],"product_tag":[],"class_list":{"0":"post-298","1":"product","2":"type-product","3":"status-publish","4":"has-post-thumbnail","6":"product_cat-studio-collection","8":"first","9":"instock","10":"shipping-taxable","11":"purchasable","12":"product-type-simple"},"_links":{"self":[{"href":"https:\/\/kinequip.ca\/index.php?rest_route=\/wp\/v2\/product\/298","targetHints":{"allow":["GET"]}}],"collection":[{"href":"https:\/\/kinequip.ca\/index.php?rest_route=\/wp\/v2\/product"}],"about":[{"href":"https:\/\/kinequip.ca\/index.php?rest_route=\/wp\/v2\/types\/product"}],"replies":[{"embeddable":true,"href":"https:\/\/kinequip.ca\/index.php?rest_route=%2Fwp%2Fv2%2Fcomments&post=298"}],"wp:featuredmedia":[{"embeddable":true,"href":"https:\/\/kinequip.ca\/index.php?rest_route=\/wp\/v2\/media\/328"}],"wp:attachment":[{"href":"https:\/\/kinequip.ca\/index.php?rest_route=%2Fwp%2Fv2%2Fmedia&parent=298"}],"wp:term":[{"taxonomy":"product_brand","embeddable":true,"href":"https:\/\/kinequip.ca\/index.php?rest_route=%2Fwp%2Fv2%2Fproduct_brand&post=298"},{"taxonomy":"product_cat","embeddable":true,"href":"https:\/\/kinequip.ca\/index.php?rest_route=%2Fwp%2Fv2%2Fproduct_cat&post=298"},{"taxonomy":"product_tag","embeddable":true,"href":"https:\/\/kinequip.ca\/index.php?rest_route=%2Fwp%2Fv2%2Fproduct_tag&post=298"}],"curies":[{"name":"wp","href":"https:\/\/api.w.org\/{rel}","templated":true}]}}