{"id":297,"date":"2025-01-31T15:28:45","date_gmt":"2025-01-31T15:28:45","guid":{"rendered":"https:\/\/dev.kinequip.ca\/?post_type=product&#038;p=297"},"modified":"2025-01-31T15:28:49","modified_gmt":"2025-01-31T15:28:49","slug":"serie-circuit","status":"publish","type":"product","link":"https:\/\/kinequip.ca\/?product=serie-circuit","title":{"rendered":"S\u00c9RIE CIRCUIT"},"content":{"rendered":"<p>Des \u00e9quipements faciles \u00e0 utiliser par tous les utilisateurs. La possibilit\u00e9 de passer rapidement d&rsquo;une unit\u00e9 \u00e0 une autre et la faible r\u00e9sistance de d\u00e9part des appareils font des \u00e9quipements de la S\u00e9rie Circuit une introduction id\u00e9ale \u00e0 la musculation et aux Group Training.<\/p>\n","protected":false},"excerpt":{"rendered":"<p>Des \u00e9quipements faciles \u00e0 utiliser par tous les utilisateurs. La possibilit\u00e9 de passer rapidement d&rsquo;une unit\u00e9 \u00e0 une autre et la faible r\u00e9sistance de d\u00e9part des appareils font des \u00e9quipements de la S\u00e9rie Circuit une introduction id\u00e9ale \u00e0 la musculation et aux Group Training.<\/p>\n","protected":false},"featured_media":327,"comment_status":"open","ping_status":"closed","template":"","meta":[],"product_brand":[],"product_cat":[44],"product_tag":[],"class_list":{"0":"post-297","1":"product","2":"type-product","3":"status-publish","4":"has-post-thumbnail","6":"product_cat-life-fitness-synrgy","8":"first","9":"instock","10":"shipping-taxable","11":"purchasable","12":"product-type-simple"},"_links":{"self":[{"href":"https:\/\/kinequip.ca\/index.php?rest_route=\/wp\/v2\/product\/297","targetHints":{"allow":["GET"]}}],"collection":[{"href":"https:\/\/kinequip.ca\/index.php?rest_route=\/wp\/v2\/product"}],"about":[{"href":"https:\/\/kinequip.ca\/index.php?rest_route=\/wp\/v2\/types\/product"}],"replies":[{"embeddable":true,"href":"https:\/\/kinequip.ca\/index.php?rest_route=%2Fwp%2Fv2%2Fcomments&post=297"}],"wp:featuredmedia":[{"embeddable":true,"href":"https:\/\/kinequip.ca\/index.php?rest_route=\/wp\/v2\/media\/327"}],"wp:attachment":[{"href":"https:\/\/kinequip.ca\/index.php?rest_route=%2Fwp%2Fv2%2Fmedia&parent=297"}],"wp:term":[{"taxonomy":"product_brand","embeddable":true,"href":"https:\/\/kinequip.ca\/index.php?rest_route=%2Fwp%2Fv2%2Fproduct_brand&post=297"},{"taxonomy":"product_cat","embeddable":true,"href":"https:\/\/kinequip.ca\/index.php?rest_route=%2Fwp%2Fv2%2Fproduct_cat&post=297"},{"taxonomy":"product_tag","embeddable":true,"href":"https:\/\/kinequip.ca\/index.php?rest_route=%2Fwp%2Fv2%2Fproduct_tag&post=297"}],"curies":[{"name":"wp","href":"https:\/\/api.w.org\/{rel}","templated":true}]}}