{"id":295,"date":"2025-01-31T15:28:44","date_gmt":"2025-01-31T15:28:44","guid":{"rendered":"https:\/\/dev.kinequip.ca\/?post_type=product&#038;p=295"},"modified":"2025-01-31T15:28:49","modified_gmt":"2025-01-31T15:28:49","slug":"racks-hd-elite","status":"publish","type":"product","link":"https:\/\/kinequip.ca\/?product=racks-hd-elite","title":{"rendered":"RACKS HD ELITE"},"content":{"rendered":"<p>La configuration personnalisable des racks HD Elite offre des possibilit\u00e9s de renforcement musculaire quasiment illimit\u00e9es. HD Elite vous permet de g\u00e9rer vos s\u00e9ances d&rsquo;entra\u00eenement intense avec souplesse. Gr\u00e2ce \u00e0 la modularit\u00e9, chaque rack peut \u00eatre modifi\u00e9 longtemps apr\u00e8s son installation, et ainsi \u00e9voluer en fonction de vos besoins d&rsquo;entra\u00eenement.<\/p>\n","protected":false},"excerpt":{"rendered":"<p>La configuration personnalisable des racks HD Elite offre des possibilit\u00e9s de renforcement musculaire quasiment illimit\u00e9es. HD Elite vous permet de g\u00e9rer vos s\u00e9ances d&rsquo;entra\u00eenement intense avec souplesse. Gr\u00e2ce \u00e0 la modularit\u00e9, chaque rack peut \u00eatre modifi\u00e9 longtemps apr\u00e8s son installation, et ainsi \u00e9voluer en fonction de vos besoins d&rsquo;entra\u00eenement.<\/p>\n","protected":false},"featured_media":325,"comment_status":"open","ping_status":"closed","template":"","meta":[],"product_brand":[],"product_cat":[44],"product_tag":[],"class_list":{"0":"post-295","1":"product","2":"type-product","3":"status-publish","4":"has-post-thumbnail","6":"product_cat-life-fitness-synrgy","8":"first","9":"instock","10":"shipping-taxable","11":"purchasable","12":"product-type-simple"},"_links":{"self":[{"href":"https:\/\/kinequip.ca\/index.php?rest_route=\/wp\/v2\/product\/295","targetHints":{"allow":["GET"]}}],"collection":[{"href":"https:\/\/kinequip.ca\/index.php?rest_route=\/wp\/v2\/product"}],"about":[{"href":"https:\/\/kinequip.ca\/index.php?rest_route=\/wp\/v2\/types\/product"}],"replies":[{"embeddable":true,"href":"https:\/\/kinequip.ca\/index.php?rest_route=%2Fwp%2Fv2%2Fcomments&post=295"}],"wp:featuredmedia":[{"embeddable":true,"href":"https:\/\/kinequip.ca\/index.php?rest_route=\/wp\/v2\/media\/325"}],"wp:attachment":[{"href":"https:\/\/kinequip.ca\/index.php?rest_route=%2Fwp%2Fv2%2Fmedia&parent=295"}],"wp:term":[{"taxonomy":"product_brand","embeddable":true,"href":"https:\/\/kinequip.ca\/index.php?rest_route=%2Fwp%2Fv2%2Fproduct_brand&post=295"},{"taxonomy":"product_cat","embeddable":true,"href":"https:\/\/kinequip.ca\/index.php?rest_route=%2Fwp%2Fv2%2Fproduct_cat&post=295"},{"taxonomy":"product_tag","embeddable":true,"href":"https:\/\/kinequip.ca\/index.php?rest_route=%2Fwp%2Fv2%2Fproduct_tag&post=295"}],"curies":[{"name":"wp","href":"https:\/\/api.w.org\/{rel}","templated":true}]}}