{"id":293,"date":"2025-01-31T15:28:44","date_gmt":"2025-01-31T15:28:44","guid":{"rendered":"https:\/\/dev.kinequip.ca\/?post_type=product&#038;p=293"},"modified":"2025-01-31T15:28:48","modified_gmt":"2025-01-31T15:28:48","slug":"velos-de-cycling-life-fitness-par-icg","status":"publish","type":"product","link":"https:\/\/kinequip.ca\/?product=velos-de-cycling-life-fitness-par-icg","title":{"rendered":"V\u00c9LOS DE CYCLING LIFE FITNESS PAR ICG"},"content":{"rendered":"<p>Des v\u00e9los de cycling \u00e0 la pointe. Cette s\u00e9rie de six v\u00e9los de cycling allie un design \u00e9tonnant, r\u00e9compens\u00e9 par un prix \u00e0 une exp\u00e9rience num\u00e9rique repens\u00e9e. Le guide d&rsquo;intensit\u00e9 Coach By Color, le capteur de puissance WattRate et la connectivit\u00e9 \u00e0 des appareils externes allient leur force pour vous en donner\u00a0: encouragement et stimulation sont de mise, et font du cycling une exp\u00e9rience absolument unique.<\/p>\n","protected":false},"excerpt":{"rendered":"<p>Des v\u00e9los de cycling \u00e0 la pointe. Cette s\u00e9rie de six v\u00e9los de cycling allie un design \u00e9tonnant, r\u00e9compens\u00e9 par un prix \u00e0 une exp\u00e9rience num\u00e9rique repens\u00e9e. Le guide d&rsquo;intensit\u00e9 Coach By Color, le capteur de puissance WattRate et la connectivit\u00e9 \u00e0 des appareils externes allient leur force pour vous en donner\u00a0: encouragement et stimulation sont de mise, et font du cycling une exp\u00e9rience absolument unique.<\/p>\n","protected":false},"featured_media":323,"comment_status":"open","ping_status":"closed","template":"","meta":[],"product_brand":[],"product_cat":[34],"product_tag":[],"class_list":{"0":"post-293","1":"product","2":"type-product","3":"status-publish","4":"has-post-thumbnail","6":"product_cat-equipements-pour-professionnel","8":"first","9":"instock","10":"shipping-taxable","11":"purchasable","12":"product-type-simple"},"_links":{"self":[{"href":"https:\/\/kinequip.ca\/index.php?rest_route=\/wp\/v2\/product\/293","targetHints":{"allow":["GET"]}}],"collection":[{"href":"https:\/\/kinequip.ca\/index.php?rest_route=\/wp\/v2\/product"}],"about":[{"href":"https:\/\/kinequip.ca\/index.php?rest_route=\/wp\/v2\/types\/product"}],"replies":[{"embeddable":true,"href":"https:\/\/kinequip.ca\/index.php?rest_route=%2Fwp%2Fv2%2Fcomments&post=293"}],"wp:featuredmedia":[{"embeddable":true,"href":"https:\/\/kinequip.ca\/index.php?rest_route=\/wp\/v2\/media\/323"}],"wp:attachment":[{"href":"https:\/\/kinequip.ca\/index.php?rest_route=%2Fwp%2Fv2%2Fmedia&parent=293"}],"wp:term":[{"taxonomy":"product_brand","embeddable":true,"href":"https:\/\/kinequip.ca\/index.php?rest_route=%2Fwp%2Fv2%2Fproduct_brand&post=293"},{"taxonomy":"product_cat","embeddable":true,"href":"https:\/\/kinequip.ca\/index.php?rest_route=%2Fwp%2Fv2%2Fproduct_cat&post=293"},{"taxonomy":"product_tag","embeddable":true,"href":"https:\/\/kinequip.ca\/index.php?rest_route=%2Fwp%2Fv2%2Fproduct_tag&post=293"}],"curies":[{"name":"wp","href":"https:\/\/api.w.org\/{rel}","templated":true}]}}