{"id":291,"date":"2025-01-31T15:28:44","date_gmt":"2025-01-31T15:28:44","guid":{"rendered":"https:\/\/dev.kinequip.ca\/?post_type=product&#038;p=291"},"modified":"2025-01-31T15:28:48","modified_gmt":"2025-01-31T15:28:48","slug":"powermill-climber","status":"publish","type":"product","link":"https:\/\/kinequip.ca\/?product=powermill-climber","title":{"rendered":"PowerMill Climber"},"content":{"rendered":"<p><a href=\"http:\/\/kinequip.ca\/wp-content\/uploads\/2019\/09\/image-1.png\"><img decoding=\"async\" class=\" wp-image-5495 alignleft\" src=\"http:\/\/kinequip.ca\/wp-content\/uploads\/2019\/09\/image-1.png\" alt=\"\" width=\"147\" height=\"147\" \/><\/a><\/p>\n<p>&nbsp;<\/p>\n<p>Le PowerMill Climber\u00a0premium utilise la technologie SureStepSystem et un moteur CA fiable pour assurer un mouvement sans \u00e0-coups et une large gamme de vitesses disponibles pour un large \u00e9ventail d&rsquo;utilisateurs. PowerMill dispose des marches les plus spacieuses par rapport \u00e0 un produit similaire sur le march\u00e9. Les choix de consoles intuitives offrent des divertissements, un suivi des entra\u00eenements et des informations d\u00e9taill\u00e9es sur l&rsquo;utilisation du produit.<\/p>\n<p>&nbsp;<\/p>\n<p>&nbsp;<\/p>\n","protected":false},"excerpt":{"rendered":"<p>Atteignez de nouveaux sommets cardio gr\u00e2ce aux ascensions lentes et r\u00e9guli\u00e8res ou aux entra\u00eenements HIIT (s\u00e9ance d&rsquo;entra\u00eenement fractionn\u00e9e intensive) rapides possibles sur le stepper Life\u00a0Fitness. Que vos adh\u00e9rents soient des sportifs d\u00e9butants ou aguerris, nos steppers devraient leur procurer une exp\u00e9rience aussi stimulante que gratifiante.<\/p>\n","protected":false},"featured_media":321,"comment_status":"open","ping_status":"closed","template":"","meta":[],"product_brand":[],"product_cat":[41],"product_tag":[],"class_list":{"0":"post-291","1":"product","2":"type-product","3":"status-publish","4":"has-post-thumbnail","6":"product_cat-steppers","8":"first","9":"instock","10":"shipping-taxable","11":"purchasable","12":"product-type-simple"},"_links":{"self":[{"href":"https:\/\/kinequip.ca\/index.php?rest_route=\/wp\/v2\/product\/291","targetHints":{"allow":["GET"]}}],"collection":[{"href":"https:\/\/kinequip.ca\/index.php?rest_route=\/wp\/v2\/product"}],"about":[{"href":"https:\/\/kinequip.ca\/index.php?rest_route=\/wp\/v2\/types\/product"}],"replies":[{"embeddable":true,"href":"https:\/\/kinequip.ca\/index.php?rest_route=%2Fwp%2Fv2%2Fcomments&post=291"}],"wp:featuredmedia":[{"embeddable":true,"href":"https:\/\/kinequip.ca\/index.php?rest_route=\/wp\/v2\/media\/321"}],"wp:attachment":[{"href":"https:\/\/kinequip.ca\/index.php?rest_route=%2Fwp%2Fv2%2Fmedia&parent=291"}],"wp:term":[{"taxonomy":"product_brand","embeddable":true,"href":"https:\/\/kinequip.ca\/index.php?rest_route=%2Fwp%2Fv2%2Fproduct_brand&post=291"},{"taxonomy":"product_cat","embeddable":true,"href":"https:\/\/kinequip.ca\/index.php?rest_route=%2Fwp%2Fv2%2Fproduct_cat&post=291"},{"taxonomy":"product_tag","embeddable":true,"href":"https:\/\/kinequip.ca\/index.php?rest_route=%2Fwp%2Fv2%2Fproduct_tag&post=291"}],"curies":[{"name":"wp","href":"https:\/\/api.w.org\/{rel}","templated":true}]}}