{"id":290,"date":"2025-01-31T15:28:44","date_gmt":"2025-01-31T15:28:44","guid":{"rendered":"https:\/\/dev.kinequip.ca\/?post_type=product&#038;p=290"},"modified":"2025-01-31T15:28:47","modified_gmt":"2025-01-31T15:28:47","slug":"row-gx-trainer","status":"publish","type":"product","link":"https:\/\/kinequip.ca\/?product=row-gx-trainer","title":{"rendered":"ROW GX TRAINER"},"content":{"rendered":"<div class=\"about-this-no-attributes\">\n<div class=\"field field-name-field-about-this-product field-type-text-long field-label-hidden\">\n<div class=\"field-items\">\n<div class=\"field-item even\">\n<p>L&rsquo;appareil polyvalent Row GX sign\u00e9 Life Fitness est destin\u00e9 aux clubs qui souhaitent offrir \u00e0 leurs utilisateurs une option de cardio exigeante pour l&rsquo;ensemble du corps, am\u00e9liorer l&rsquo;entra\u00eenement en petits groupes autour des syst\u00e8mes SYNRGY360 et HD Elite, ou encore cr\u00e9er des espaces d&rsquo;entra\u00eenement fractionn\u00e9 ultra-intense (HIIT). Son syst\u00e8me de r\u00e9sistance Fluid\u00a0Technology procure des sensations fluides naturelles et permet ais\u00e9ment d&rsquo;ajuster le degr\u00e9 de r\u00e9sistance pour s&rsquo;adapter au plus grand nombre d&rsquo;utilisateurs. Gr\u00e2ce \u00e0 sa grande mobilit\u00e9, le Row GX peut \u00eatre facilement d\u00e9plac\u00e9 des zones d&rsquo;entra\u00eenement en groupe ou rang\u00e9 verticalement lorsqu&rsquo;il n&rsquo;est pas utilis\u00e9.<\/p>\n<\/div>\n<\/div>\n<\/div>\n<\/div>\n","protected":false},"excerpt":{"rendered":"<div class=\"about-this-no-attributes\">\n<div class=\"field field-name-field-about-this-product field-type-text-long field-label-hidden\">\n<div class=\"field-items\">\n<div class=\"field-item even\">\n<p>L&rsquo;appareil polyvalent Row GX sign\u00e9 Life Fitness est destin\u00e9 aux clubs qui souhaitent offrir \u00e0 leurs utilisateurs une option de cardio exigeante pour l&rsquo;ensemble du corps, am\u00e9liorer l&rsquo;entra\u00eenement en petits groupes autour des syst\u00e8mes SYNRGY360 et HD Elite, ou encore cr\u00e9er des espaces d&rsquo;entra\u00eenement fractionn\u00e9 ultra-intense (HIIT). Son syst\u00e8me de r\u00e9sistance Fluid\u00a0Technology procure des sensations fluides naturelles et permet ais\u00e9ment d&rsquo;ajuster le degr\u00e9 de r\u00e9sistance pour s&rsquo;adapter au plus grand nombre d&rsquo;utilisateurs. Gr\u00e2ce \u00e0 sa grande mobilit\u00e9, le Row GX peut \u00eatre facilement d\u00e9plac\u00e9 des zones d&rsquo;entra\u00eenement en groupe ou rang\u00e9 verticalement lorsqu&rsquo;il n&rsquo;est pas utilis\u00e9.<\/p>\n<\/div>\n<\/div>\n<\/div>\n<\/div>\n","protected":false},"featured_media":320,"comment_status":"open","ping_status":"closed","template":"","meta":[],"product_brand":[],"product_cat":[40],"product_tag":[],"class_list":{"0":"post-290","1":"product","2":"type-product","3":"status-publish","4":"has-post-thumbnail","6":"product_cat-rameurs","8":"first","9":"instock","10":"shipping-taxable","11":"purchasable","12":"product-type-simple"},"_links":{"self":[{"href":"https:\/\/kinequip.ca\/index.php?rest_route=\/wp\/v2\/product\/290","targetHints":{"allow":["GET"]}}],"collection":[{"href":"https:\/\/kinequip.ca\/index.php?rest_route=\/wp\/v2\/product"}],"about":[{"href":"https:\/\/kinequip.ca\/index.php?rest_route=\/wp\/v2\/types\/product"}],"replies":[{"embeddable":true,"href":"https:\/\/kinequip.ca\/index.php?rest_route=%2Fwp%2Fv2%2Fcomments&post=290"}],"wp:featuredmedia":[{"embeddable":true,"href":"https:\/\/kinequip.ca\/index.php?rest_route=\/wp\/v2\/media\/320"}],"wp:attachment":[{"href":"https:\/\/kinequip.ca\/index.php?rest_route=%2Fwp%2Fv2%2Fmedia&parent=290"}],"wp:term":[{"taxonomy":"product_brand","embeddable":true,"href":"https:\/\/kinequip.ca\/index.php?rest_route=%2Fwp%2Fv2%2Fproduct_brand&post=290"},{"taxonomy":"product_cat","embeddable":true,"href":"https:\/\/kinequip.ca\/index.php?rest_route=%2Fwp%2Fv2%2Fproduct_cat&post=290"},{"taxonomy":"product_tag","embeddable":true,"href":"https:\/\/kinequip.ca\/index.php?rest_route=%2Fwp%2Fv2%2Fproduct_tag&post=290"}],"curies":[{"name":"wp","href":"https:\/\/api.w.org\/{rel}","templated":true}]}}