{"id":289,"date":"2025-01-31T15:28:44","date_gmt":"2025-01-31T15:28:44","guid":{"rendered":"https:\/\/dev.kinequip.ca\/?post_type=product&#038;p=289"},"modified":"2025-01-31T15:28:47","modified_gmt":"2025-01-31T15:28:47","slug":"velo-allonge-serie-activate","status":"publish","type":"product","link":"https:\/\/kinequip.ca\/?product=velo-allonge-serie-activate","title":{"rendered":"V\u00c9LO ALLONG\u00c9 S\u00c9RIE ACTIVATE"},"content":{"rendered":"<p>Ce v\u00e9lo compact \u00e0 acc\u00e8s simplifi\u00e9 comprend une console intuitive qui facilite aussi bien la t\u00e2che des utilisateurs d\u00e9butants que des athl\u00e8tes confirm\u00e9s. Le v\u00e9lo autoaliment\u00e9 de la S\u00e9rie\u00a0Activate est \u00e9l\u00e9gant et robuste, et constitue un atout pour les clubs.<\/p>\n","protected":false},"excerpt":{"rendered":"<p>Ce v\u00e9lo compact \u00e0 acc\u00e8s simplifi\u00e9 comprend une console intuitive qui facilite aussi bien la t\u00e2che des utilisateurs d\u00e9butants que des athl\u00e8tes confirm\u00e9s. Le v\u00e9lo autoaliment\u00e9 de la S\u00e9rie\u00a0Activate est \u00e9l\u00e9gant et robuste, et constitue un atout pour les clubs.<\/p>\n","protected":false},"featured_media":319,"comment_status":"open","ping_status":"closed","template":"","meta":[],"product_brand":[],"product_cat":[39],"product_tag":[],"class_list":{"0":"post-289","1":"product","2":"type-product","3":"status-publish","4":"has-post-thumbnail","6":"product_cat-velos-allonges-life-fitness-cardio","8":"first","9":"instock","10":"shipping-taxable","11":"purchasable","12":"product-type-simple"},"_links":{"self":[{"href":"https:\/\/kinequip.ca\/index.php?rest_route=\/wp\/v2\/product\/289","targetHints":{"allow":["GET"]}}],"collection":[{"href":"https:\/\/kinequip.ca\/index.php?rest_route=\/wp\/v2\/product"}],"about":[{"href":"https:\/\/kinequip.ca\/index.php?rest_route=\/wp\/v2\/types\/product"}],"replies":[{"embeddable":true,"href":"https:\/\/kinequip.ca\/index.php?rest_route=%2Fwp%2Fv2%2Fcomments&post=289"}],"wp:featuredmedia":[{"embeddable":true,"href":"https:\/\/kinequip.ca\/index.php?rest_route=\/wp\/v2\/media\/319"}],"wp:attachment":[{"href":"https:\/\/kinequip.ca\/index.php?rest_route=%2Fwp%2Fv2%2Fmedia&parent=289"}],"wp:term":[{"taxonomy":"product_brand","embeddable":true,"href":"https:\/\/kinequip.ca\/index.php?rest_route=%2Fwp%2Fv2%2Fproduct_brand&post=289"},{"taxonomy":"product_cat","embeddable":true,"href":"https:\/\/kinequip.ca\/index.php?rest_route=%2Fwp%2Fv2%2Fproduct_cat&post=289"},{"taxonomy":"product_tag","embeddable":true,"href":"https:\/\/kinequip.ca\/index.php?rest_route=%2Fwp%2Fv2%2Fproduct_tag&post=289"}],"curies":[{"name":"wp","href":"https:\/\/api.w.org\/{rel}","templated":true}]}}