{"id":288,"date":"2025-01-31T15:28:44","date_gmt":"2025-01-31T15:28:44","guid":{"rendered":"https:\/\/dev.kinequip.ca\/?post_type=product&#038;p=288"},"modified":"2025-01-31T15:28:47","modified_gmt":"2025-01-31T15:28:47","slug":"velo-allonge-lifecycle-serie-integrity","status":"publish","type":"product","link":"https:\/\/kinequip.ca\/?product=velo-allonge-lifecycle-serie-integrity","title":{"rendered":"V\u00c9LO ALLONG\u00c9 LIFECYCLE S\u00c9RIE INTEGRITY"},"content":{"rendered":"<div class=\"field field-name-field-cta-body field-type-text-with-summary field-label-hidden\">\n<div class=\"field-items\">\n<div class=\"field-item even\">\n<p>Le v\u00e9lo allong\u00e9 Lifecycle\u00ae S\u00e9rie\u00a0Integrity accro\u00eet \u00e0 la fois la durabilit\u00e9 et le confort tout en proposant un design am\u00e9lior\u00e9 plus soign\u00e9 et plus attrayant. Disponible avec une connexion Internet sans fil qui fournit des donn\u00e9es de gestion du mat\u00e9riel et un aper\u00e7u de la maintenance pr\u00e9ventive via le portail\u00a0<a href=\"https:\/\/lifefitnessemea.com\/facility\/products\/lfconnect-equipment-management\">LFconnect.com<\/a>.<\/p>\n<\/div>\n<\/div>\n<\/div>\n<div class=\"field field-name-field-cta-text-link field-type-link-field field-label-hidden\">\n<div class=\"field-items\"><\/div>\n<\/div>\n","protected":false},"excerpt":{"rendered":"<div class=\"field field-name-field-cta-body field-type-text-with-summary field-label-hidden\">\n<div class=\"field-items\">\n<div class=\"field-item even\">\n<p>Le v\u00e9lo allong\u00e9 Lifecycle\u00ae S\u00e9rie\u00a0Integrity accro\u00eet \u00e0 la fois la durabilit\u00e9 et le confort tout en proposant un design am\u00e9lior\u00e9 plus soign\u00e9 et plus attrayant. Disponible avec une connexion Internet sans fil qui fournit des donn\u00e9es de gestion du mat\u00e9riel et un aper\u00e7u de la maintenance pr\u00e9ventive via le portail\u00a0<a href=\"https:\/\/lifefitnessemea.com\/facility\/products\/lfconnect-equipment-management\">LFconnect.com<\/a>.<\/p>\n<\/div>\n<\/div>\n<\/div>\n<div class=\"field field-name-field-cta-text-link field-type-link-field field-label-hidden\">\n<div class=\"field-items\"><\/div>\n<\/div>\n","protected":false},"featured_media":318,"comment_status":"open","ping_status":"closed","template":"","meta":[],"product_brand":[],"product_cat":[39],"product_tag":[],"class_list":{"0":"post-288","1":"product","2":"type-product","3":"status-publish","4":"has-post-thumbnail","6":"product_cat-velos-allonges-life-fitness-cardio","8":"first","9":"instock","10":"shipping-taxable","11":"purchasable","12":"product-type-simple"},"_links":{"self":[{"href":"https:\/\/kinequip.ca\/index.php?rest_route=\/wp\/v2\/product\/288","targetHints":{"allow":["GET"]}}],"collection":[{"href":"https:\/\/kinequip.ca\/index.php?rest_route=\/wp\/v2\/product"}],"about":[{"href":"https:\/\/kinequip.ca\/index.php?rest_route=\/wp\/v2\/types\/product"}],"replies":[{"embeddable":true,"href":"https:\/\/kinequip.ca\/index.php?rest_route=%2Fwp%2Fv2%2Fcomments&post=288"}],"wp:featuredmedia":[{"embeddable":true,"href":"https:\/\/kinequip.ca\/index.php?rest_route=\/wp\/v2\/media\/318"}],"wp:attachment":[{"href":"https:\/\/kinequip.ca\/index.php?rest_route=%2Fwp%2Fv2%2Fmedia&parent=288"}],"wp:term":[{"taxonomy":"product_brand","embeddable":true,"href":"https:\/\/kinequip.ca\/index.php?rest_route=%2Fwp%2Fv2%2Fproduct_brand&post=288"},{"taxonomy":"product_cat","embeddable":true,"href":"https:\/\/kinequip.ca\/index.php?rest_route=%2Fwp%2Fv2%2Fproduct_cat&post=288"},{"taxonomy":"product_tag","embeddable":true,"href":"https:\/\/kinequip.ca\/index.php?rest_route=%2Fwp%2Fv2%2Fproduct_tag&post=288"}],"curies":[{"name":"wp","href":"https:\/\/api.w.org\/{rel}","templated":true}]}}