{"id":287,"date":"2025-01-31T15:28:43","date_gmt":"2025-01-31T15:28:43","guid":{"rendered":"https:\/\/dev.kinequip.ca\/?post_type=product&#038;p=287"},"modified":"2025-01-31T15:28:47","modified_gmt":"2025-01-31T15:28:47","slug":"velo-allonge-lifecycle-serie-elevation","status":"publish","type":"product","link":"https:\/\/kinequip.ca\/?product=velo-allonge-lifecycle-serie-elevation","title":{"rendered":"V\u00c9LO ALLONG\u00c9 LIFECYCLE S\u00c9RIE ELEVATION"},"content":{"rendered":"<p>Un v\u00e9lo haut de gamme offrant aux utilisateurs une exp\u00e9rience num\u00e9rique stimulante et qui fournit au club des donn\u00e9es d\u00e9taill\u00e9es sur le produit. Sa conception \u00e0 acc\u00e8s simplifi\u00e9 fait qu&rsquo;il peut \u00eatre utilis\u00e9 par des utilisateurs de tous niveaux et son si\u00e8ge\u00a0Comfort\u00a0Curve\u00a0Plus avec support lombaire de luxe garantit le confort des utilisateurs en positon d\u00e9tendue.<\/p>\n","protected":false},"excerpt":{"rendered":"<p>Un v\u00e9lo haut de gamme offrant aux utilisateurs une exp\u00e9rience num\u00e9rique stimulante et qui fournit au club des donn\u00e9es d\u00e9taill\u00e9es sur le produit. Sa conception \u00e0 acc\u00e8s simplifi\u00e9 fait qu&rsquo;il peut \u00eatre utilis\u00e9 par des utilisateurs de tous niveaux et son si\u00e8ge\u00a0Comfort\u00a0Curve\u00a0Plus avec support lombaire de luxe garantit le confort des utilisateurs en positon d\u00e9tendue.<\/p>\n","protected":false},"featured_media":317,"comment_status":"open","ping_status":"closed","template":"","meta":[],"product_brand":[],"product_cat":[39],"product_tag":[],"class_list":{"0":"post-287","1":"product","2":"type-product","3":"status-publish","4":"has-post-thumbnail","6":"product_cat-velos-allonges-life-fitness-cardio","8":"first","9":"instock","10":"shipping-taxable","11":"purchasable","12":"product-type-simple"},"_links":{"self":[{"href":"https:\/\/kinequip.ca\/index.php?rest_route=\/wp\/v2\/product\/287","targetHints":{"allow":["GET"]}}],"collection":[{"href":"https:\/\/kinequip.ca\/index.php?rest_route=\/wp\/v2\/product"}],"about":[{"href":"https:\/\/kinequip.ca\/index.php?rest_route=\/wp\/v2\/types\/product"}],"replies":[{"embeddable":true,"href":"https:\/\/kinequip.ca\/index.php?rest_route=%2Fwp%2Fv2%2Fcomments&post=287"}],"wp:featuredmedia":[{"embeddable":true,"href":"https:\/\/kinequip.ca\/index.php?rest_route=\/wp\/v2\/media\/317"}],"wp:attachment":[{"href":"https:\/\/kinequip.ca\/index.php?rest_route=%2Fwp%2Fv2%2Fmedia&parent=287"}],"wp:term":[{"taxonomy":"product_brand","embeddable":true,"href":"https:\/\/kinequip.ca\/index.php?rest_route=%2Fwp%2Fv2%2Fproduct_brand&post=287"},{"taxonomy":"product_cat","embeddable":true,"href":"https:\/\/kinequip.ca\/index.php?rest_route=%2Fwp%2Fv2%2Fproduct_cat&post=287"},{"taxonomy":"product_tag","embeddable":true,"href":"https:\/\/kinequip.ca\/index.php?rest_route=%2Fwp%2Fv2%2Fproduct_tag&post=287"}],"curies":[{"name":"wp","href":"https:\/\/api.w.org\/{rel}","templated":true}]}}