{"id":286,"date":"2025-01-31T15:28:43","date_gmt":"2025-01-31T15:28:43","guid":{"rendered":"https:\/\/dev.kinequip.ca\/?post_type=product&#038;p=286"},"modified":"2025-01-31T15:28:47","modified_gmt":"2025-01-31T15:28:47","slug":"velos-droits-lifecycle","status":"publish","type":"product","link":"https:\/\/kinequip.ca\/?product=velos-droits-lifecycle","title":{"rendered":"V\u00e9los droits Lifecycle"},"content":{"rendered":"<p>Cr\u00e9\u00e9 il y a plus de 45\u00a0ans, le premier v\u00e9lo d&rsquo;exercice \u00e9lectronique constitue l&rsquo;h\u00e9ritage de Life\u00a0Fitness. Depuis, le v\u00e9lo Lifecycle n&rsquo;a cess\u00e9 d&rsquo;\u00e9voluer. Le v\u00e9lo droit professionnel simule la conduite d&rsquo;un v\u00e9lo de route et assure une position biom\u00e9canique correcte des jambes, ce qui limite les tensions au niveau des genoux et des articulations et garantit un grand confort.<\/p>\n","protected":false},"excerpt":{"rendered":"<p>Cr\u00e9\u00e9 il y a plus de 45\u00a0ans, le premier v\u00e9lo d&rsquo;exercice \u00e9lectronique constitue l&rsquo;h\u00e9ritage de Life\u00a0Fitness. Depuis, le v\u00e9lo Lifecycle n&rsquo;a cess\u00e9 d&rsquo;\u00e9voluer. Le v\u00e9lo droit professionnel simule la conduite d&rsquo;un v\u00e9lo de route et assure une position biom\u00e9canique correcte des jambes, ce qui limite les tensions au niveau des genoux et des articulations et garantit un grand confort.<\/p>\n","protected":false},"featured_media":316,"comment_status":"open","ping_status":"closed","template":"","meta":[],"product_brand":[],"product_cat":[38],"product_tag":[],"class_list":{"0":"post-286","1":"product","2":"type-product","3":"status-publish","4":"has-post-thumbnail","6":"product_cat-velos-droits-life-fitness-cardio","8":"first","9":"instock","10":"shipping-taxable","11":"purchasable","12":"product-type-simple"},"_links":{"self":[{"href":"https:\/\/kinequip.ca\/index.php?rest_route=\/wp\/v2\/product\/286","targetHints":{"allow":["GET"]}}],"collection":[{"href":"https:\/\/kinequip.ca\/index.php?rest_route=\/wp\/v2\/product"}],"about":[{"href":"https:\/\/kinequip.ca\/index.php?rest_route=\/wp\/v2\/types\/product"}],"replies":[{"embeddable":true,"href":"https:\/\/kinequip.ca\/index.php?rest_route=%2Fwp%2Fv2%2Fcomments&post=286"}],"wp:featuredmedia":[{"embeddable":true,"href":"https:\/\/kinequip.ca\/index.php?rest_route=\/wp\/v2\/media\/316"}],"wp:attachment":[{"href":"https:\/\/kinequip.ca\/index.php?rest_route=%2Fwp%2Fv2%2Fmedia&parent=286"}],"wp:term":[{"taxonomy":"product_brand","embeddable":true,"href":"https:\/\/kinequip.ca\/index.php?rest_route=%2Fwp%2Fv2%2Fproduct_brand&post=286"},{"taxonomy":"product_cat","embeddable":true,"href":"https:\/\/kinequip.ca\/index.php?rest_route=%2Fwp%2Fv2%2Fproduct_cat&post=286"},{"taxonomy":"product_tag","embeddable":true,"href":"https:\/\/kinequip.ca\/index.php?rest_route=%2Fwp%2Fv2%2Fproduct_tag&post=286"}],"curies":[{"name":"wp","href":"https:\/\/api.w.org\/{rel}","templated":true}]}}