{"id":255,"date":"2025-01-31T15:28:36","date_gmt":"2025-01-31T15:28:36","guid":{"rendered":"https:\/\/dev.kinequip.ca\/?post_type=product&#038;p=255"},"modified":"2025-01-31T15:28:43","modified_gmt":"2025-01-31T15:28:43","slug":"elliptique-serie-activate","status":"publish","type":"product","link":"https:\/\/kinequip.ca\/?product=elliptique-serie-activate","title":{"rendered":"ELLIPTIQUE S\u00c9RIE ACTIVATE"},"content":{"rendered":"<p>L&rsquo;elliptique S\u00e9rie Activate poss\u00e8de une conception intuitive parfaitement adapt\u00e9e tant aux utilisateurs d\u00e9butants qu&rsquo;aux athl\u00e8tes confirm\u00e9s. Elle b\u00e9n\u00e9ficie d&rsquo;une recherche \u00e9tendue en biom\u00e9canique qui cr\u00e9e un mouvement fluide et naturel de l&rsquo;elliptique.<\/p>\n","protected":false},"excerpt":{"rendered":"<p>L&rsquo;elliptique S\u00e9rie Activate poss\u00e8de une conception intuitive parfaitement adapt\u00e9e tant aux utilisateurs d\u00e9butants qu&rsquo;aux athl\u00e8tes confirm\u00e9s. Elle b\u00e9n\u00e9ficie d&rsquo;une recherche \u00e9tendue en biom\u00e9canique qui cr\u00e9e un mouvement fluide et naturel de l&rsquo;elliptique.<\/p>\n","protected":false},"featured_media":285,"comment_status":"open","ping_status":"closed","template":"","meta":[],"product_brand":[],"product_cat":[29],"product_tag":[],"class_list":{"0":"post-255","1":"product","2":"type-product","3":"status-publish","4":"has-post-thumbnail","6":"product_cat-elliptiques","8":"first","9":"instock","10":"shipping-taxable","11":"purchasable","12":"product-type-simple"},"_links":{"self":[{"href":"https:\/\/kinequip.ca\/index.php?rest_route=\/wp\/v2\/product\/255","targetHints":{"allow":["GET"]}}],"collection":[{"href":"https:\/\/kinequip.ca\/index.php?rest_route=\/wp\/v2\/product"}],"about":[{"href":"https:\/\/kinequip.ca\/index.php?rest_route=\/wp\/v2\/types\/product"}],"replies":[{"embeddable":true,"href":"https:\/\/kinequip.ca\/index.php?rest_route=%2Fwp%2Fv2%2Fcomments&post=255"}],"wp:featuredmedia":[{"embeddable":true,"href":"https:\/\/kinequip.ca\/index.php?rest_route=\/wp\/v2\/media\/285"}],"wp:attachment":[{"href":"https:\/\/kinequip.ca\/index.php?rest_route=%2Fwp%2Fv2%2Fmedia&parent=255"}],"wp:term":[{"taxonomy":"product_brand","embeddable":true,"href":"https:\/\/kinequip.ca\/index.php?rest_route=%2Fwp%2Fv2%2Fproduct_brand&post=255"},{"taxonomy":"product_cat","embeddable":true,"href":"https:\/\/kinequip.ca\/index.php?rest_route=%2Fwp%2Fv2%2Fproduct_cat&post=255"},{"taxonomy":"product_tag","embeddable":true,"href":"https:\/\/kinequip.ca\/index.php?rest_route=%2Fwp%2Fv2%2Fproduct_tag&post=255"}],"curies":[{"name":"wp","href":"https:\/\/api.w.org\/{rel}","templated":true}]}}