{"id":253,"date":"2025-01-31T15:28:36","date_gmt":"2025-01-31T15:28:36","guid":{"rendered":"https:\/\/dev.kinequip.ca\/?post_type=product&#038;p=253"},"modified":"2025-01-31T15:28:42","modified_gmt":"2025-01-31T15:28:42","slug":"elliptique-serie-elevation","status":"publish","type":"product","link":"https:\/\/kinequip.ca\/?product=elliptique-serie-elevation","title":{"rendered":"ELLIPTIQUE S\u00c9RIE ELEVATION"},"content":{"rendered":"<p>Un elliptique professionnel haut de gamme qui combine des technologies biom\u00e9caniques de premier plan, un mouvement naturel et un fonctionnement silencieux. Une console num\u00e9rique attrayante am\u00e9liore l&rsquo;exp\u00e9rience des utilisateurs.<\/p>\n","protected":false},"excerpt":{"rendered":"<p>Un elliptique professionnel haut de gamme qui combine des technologies biom\u00e9caniques de premier plan, un mouvement naturel et un fonctionnement silencieux. Une console num\u00e9rique attrayante am\u00e9liore l&rsquo;exp\u00e9rience des utilisateurs.<\/p>\n","protected":false},"featured_media":283,"comment_status":"open","ping_status":"closed","template":"","meta":[],"product_brand":[],"product_cat":[37],"product_tag":[],"class_list":{"0":"post-253","1":"product","2":"type-product","3":"status-publish","4":"has-post-thumbnail","6":"product_cat-elliptiques-life-fitness-cardio","8":"first","9":"instock","10":"shipping-taxable","11":"purchasable","12":"product-type-simple"},"_links":{"self":[{"href":"https:\/\/kinequip.ca\/index.php?rest_route=\/wp\/v2\/product\/253","targetHints":{"allow":["GET"]}}],"collection":[{"href":"https:\/\/kinequip.ca\/index.php?rest_route=\/wp\/v2\/product"}],"about":[{"href":"https:\/\/kinequip.ca\/index.php?rest_route=\/wp\/v2\/types\/product"}],"replies":[{"embeddable":true,"href":"https:\/\/kinequip.ca\/index.php?rest_route=%2Fwp%2Fv2%2Fcomments&post=253"}],"wp:featuredmedia":[{"embeddable":true,"href":"https:\/\/kinequip.ca\/index.php?rest_route=\/wp\/v2\/media\/283"}],"wp:attachment":[{"href":"https:\/\/kinequip.ca\/index.php?rest_route=%2Fwp%2Fv2%2Fmedia&parent=253"}],"wp:term":[{"taxonomy":"product_brand","embeddable":true,"href":"https:\/\/kinequip.ca\/index.php?rest_route=%2Fwp%2Fv2%2Fproduct_brand&post=253"},{"taxonomy":"product_cat","embeddable":true,"href":"https:\/\/kinequip.ca\/index.php?rest_route=%2Fwp%2Fv2%2Fproduct_cat&post=253"},{"taxonomy":"product_tag","embeddable":true,"href":"https:\/\/kinequip.ca\/index.php?rest_route=%2Fwp%2Fv2%2Fproduct_tag&post=253"}],"curies":[{"name":"wp","href":"https:\/\/api.w.org\/{rel}","templated":true}]}}