{"id":252,"date":"2025-01-31T15:28:36","date_gmt":"2025-01-31T15:28:36","guid":{"rendered":"https:\/\/dev.kinequip.ca\/?post_type=product&#038;p=252"},"modified":"2025-01-31T15:28:42","modified_gmt":"2025-01-31T15:28:42","slug":"serie-activate","status":"publish","type":"product","link":"https:\/\/kinequip.ca\/?product=serie-activate","title":{"rendered":"S\u00c9RIE ACTIVATE"},"content":{"rendered":"<p>Une console au design intuitif, parfaitement adapt\u00e9e tant aux utilisateurs d\u00e9butants qu&rsquo;aux athl\u00e8tes confirm\u00e9s. Le tapis de course de la S\u00e9rie Activate est \u00e9l\u00e9gant et durable, et constitue un atout pour les clubs de toutes tailles. Il permet en outre d&rsquo;acc\u00e9der \u00e0 des donn\u00e9es pr\u00e9cieuses sur l&rsquo;utilisation de l&rsquo;\u00e9quipement via le portail LFconnect.com.<\/p>\n","protected":false},"excerpt":{"rendered":"<p>Une console au design intuitif, parfaitement adapt\u00e9e tant aux utilisateurs d\u00e9butants qu&rsquo;aux athl\u00e8tes confirm\u00e9s. Le tapis de course de la S\u00e9rie Activate est \u00e9l\u00e9gant et durable, et constitue un atout pour les clubs de toutes tailles. Il permet en outre d&rsquo;acc\u00e9der \u00e0 des donn\u00e9es pr\u00e9cieuses sur l&rsquo;utilisation de l&rsquo;\u00e9quipement via le portail LFconnect.com.<\/p>\n","protected":false},"featured_media":282,"comment_status":"open","ping_status":"closed","template":"","meta":[],"product_brand":[],"product_cat":[36],"product_tag":[],"class_list":{"0":"post-252","1":"product","2":"type-product","3":"status-publish","4":"has-post-thumbnail","6":"product_cat-tapis-roulant-life-fitness-cardio","8":"first","9":"instock","10":"shipping-taxable","11":"purchasable","12":"product-type-simple"},"_links":{"self":[{"href":"https:\/\/kinequip.ca\/index.php?rest_route=\/wp\/v2\/product\/252","targetHints":{"allow":["GET"]}}],"collection":[{"href":"https:\/\/kinequip.ca\/index.php?rest_route=\/wp\/v2\/product"}],"about":[{"href":"https:\/\/kinequip.ca\/index.php?rest_route=\/wp\/v2\/types\/product"}],"replies":[{"embeddable":true,"href":"https:\/\/kinequip.ca\/index.php?rest_route=%2Fwp%2Fv2%2Fcomments&post=252"}],"wp:featuredmedia":[{"embeddable":true,"href":"https:\/\/kinequip.ca\/index.php?rest_route=\/wp\/v2\/media\/282"}],"wp:attachment":[{"href":"https:\/\/kinequip.ca\/index.php?rest_route=%2Fwp%2Fv2%2Fmedia&parent=252"}],"wp:term":[{"taxonomy":"product_brand","embeddable":true,"href":"https:\/\/kinequip.ca\/index.php?rest_route=%2Fwp%2Fv2%2Fproduct_brand&post=252"},{"taxonomy":"product_cat","embeddable":true,"href":"https:\/\/kinequip.ca\/index.php?rest_route=%2Fwp%2Fv2%2Fproduct_cat&post=252"},{"taxonomy":"product_tag","embeddable":true,"href":"https:\/\/kinequip.ca\/index.php?rest_route=%2Fwp%2Fv2%2Fproduct_tag&post=252"}],"curies":[{"name":"wp","href":"https:\/\/api.w.org\/{rel}","templated":true}]}}