{"id":251,"date":"2025-01-31T15:28:36","date_gmt":"2025-01-31T15:28:36","guid":{"rendered":"https:\/\/dev.kinequip.ca\/?post_type=product&#038;p=251"},"modified":"2025-01-31T15:28:42","modified_gmt":"2025-01-31T15:28:42","slug":"serie-integrity","status":"publish","type":"product","link":"https:\/\/kinequip.ca\/?product=serie-integrity","title":{"rendered":"S\u00c9RIE INTEGRITY"},"content":{"rendered":"<p>L&rsquo;infatigable \u00e9quipement cardio Life Fitness a \u00e9t\u00e9 con\u00e7u pour offrir un design moderne et des fonctionnalit\u00e9s additionnelles sans l\u00e9siner sur la durabilit\u00e9. Disponible avec une connexion Internet sans fil qui fournit des donn\u00e9es de gestion du mat\u00e9riel et un aper\u00e7u de la maintenance pr\u00e9ventive via le portail LFconnect.com.<\/p>\n","protected":false},"excerpt":{"rendered":"<p>L&rsquo;infatigable \u00e9quipement cardio Life Fitness a \u00e9t\u00e9 con\u00e7u pour offrir un design moderne et des fonctionnalit\u00e9s additionnelles sans l\u00e9siner sur la durabilit\u00e9. Disponible avec une connexion Internet sans fil qui fournit des donn\u00e9es de gestion du mat\u00e9riel et un aper\u00e7u de la maintenance pr\u00e9ventive via le portail LFconnect.com.<\/p>\n","protected":false},"featured_media":281,"comment_status":"open","ping_status":"closed","template":"","meta":[],"product_brand":[],"product_cat":[36],"product_tag":[],"class_list":{"0":"post-251","1":"product","2":"type-product","3":"status-publish","4":"has-post-thumbnail","6":"product_cat-tapis-roulant-life-fitness-cardio","8":"first","9":"instock","10":"shipping-taxable","11":"purchasable","12":"product-type-simple"},"_links":{"self":[{"href":"https:\/\/kinequip.ca\/index.php?rest_route=\/wp\/v2\/product\/251","targetHints":{"allow":["GET"]}}],"collection":[{"href":"https:\/\/kinequip.ca\/index.php?rest_route=\/wp\/v2\/product"}],"about":[{"href":"https:\/\/kinequip.ca\/index.php?rest_route=\/wp\/v2\/types\/product"}],"replies":[{"embeddable":true,"href":"https:\/\/kinequip.ca\/index.php?rest_route=%2Fwp%2Fv2%2Fcomments&post=251"}],"wp:featuredmedia":[{"embeddable":true,"href":"https:\/\/kinequip.ca\/index.php?rest_route=\/wp\/v2\/media\/281"}],"wp:attachment":[{"href":"https:\/\/kinequip.ca\/index.php?rest_route=%2Fwp%2Fv2%2Fmedia&parent=251"}],"wp:term":[{"taxonomy":"product_brand","embeddable":true,"href":"https:\/\/kinequip.ca\/index.php?rest_route=%2Fwp%2Fv2%2Fproduct_brand&post=251"},{"taxonomy":"product_cat","embeddable":true,"href":"https:\/\/kinequip.ca\/index.php?rest_route=%2Fwp%2Fv2%2Fproduct_cat&post=251"},{"taxonomy":"product_tag","embeddable":true,"href":"https:\/\/kinequip.ca\/index.php?rest_route=%2Fwp%2Fv2%2Fproduct_tag&post=251"}],"curies":[{"name":"wp","href":"https:\/\/api.w.org\/{rel}","templated":true}]}}