{"id":250,"date":"2025-01-31T15:28:36","date_gmt":"2025-01-31T15:28:36","guid":{"rendered":"https:\/\/dev.kinequip.ca\/?post_type=product&#038;p=250"},"modified":"2025-01-31T15:28:42","modified_gmt":"2025-01-31T15:28:42","slug":"serie-elevation","status":"publish","type":"product","link":"https:\/\/kinequip.ca\/?product=serie-elevation","title":{"rendered":"S\u00c9RIE ELEVATION"},"content":{"rendered":"<p>Les toutes derni\u00e8res technologies associ\u00e9es \u00e0 des fonctionnalit\u00e9s fiables. La S\u00e9rie Elevation est le meilleur \u00e9quipement cardio parmi le vaste portefeuille Life Fitness haute qualit\u00e9.<\/p>\n","protected":false},"excerpt":{"rendered":"<p>\u00c9QUIPEMENT CARDIO HAUT DE GAMME POUR PLEINEMENT S&rsquo;INVESTIR ET SE DIVERTIR<\/p>\n<p>Les toutes derni\u00e8res technologies associ\u00e9es \u00e0 des fonctionnalit\u00e9s fiables. La S\u00e9rie Elevation est le meilleur \u00e9quipement cardio parmi le vaste portefeuille Life Fitness haute qualit\u00e9.<\/p>\n<p>Les quatre coloris propos\u00e9s et les diff\u00e9rentes options de console permettent de choisir l&rsquo;\u00e9quipement cardio qui correspond le mieux \u00e0 tous les sites et \u00e0 leurs utilisateurs.<\/p>\n","protected":false},"featured_media":280,"comment_status":"open","ping_status":"closed","template":"","meta":[],"product_brand":[],"product_cat":[36],"product_tag":[],"class_list":{"0":"post-250","1":"product","2":"type-product","3":"status-publish","4":"has-post-thumbnail","6":"product_cat-tapis-roulant-life-fitness-cardio","8":"first","9":"instock","10":"shipping-taxable","11":"purchasable","12":"product-type-simple"},"_links":{"self":[{"href":"https:\/\/kinequip.ca\/index.php?rest_route=\/wp\/v2\/product\/250","targetHints":{"allow":["GET"]}}],"collection":[{"href":"https:\/\/kinequip.ca\/index.php?rest_route=\/wp\/v2\/product"}],"about":[{"href":"https:\/\/kinequip.ca\/index.php?rest_route=\/wp\/v2\/types\/product"}],"replies":[{"embeddable":true,"href":"https:\/\/kinequip.ca\/index.php?rest_route=%2Fwp%2Fv2%2Fcomments&post=250"}],"wp:featuredmedia":[{"embeddable":true,"href":"https:\/\/kinequip.ca\/index.php?rest_route=\/wp\/v2\/media\/280"}],"wp:attachment":[{"href":"https:\/\/kinequip.ca\/index.php?rest_route=%2Fwp%2Fv2%2Fmedia&parent=250"}],"wp:term":[{"taxonomy":"product_brand","embeddable":true,"href":"https:\/\/kinequip.ca\/index.php?rest_route=%2Fwp%2Fv2%2Fproduct_brand&post=250"},{"taxonomy":"product_cat","embeddable":true,"href":"https:\/\/kinequip.ca\/index.php?rest_route=%2Fwp%2Fv2%2Fproduct_cat&post=250"},{"taxonomy":"product_tag","embeddable":true,"href":"https:\/\/kinequip.ca\/index.php?rest_route=%2Fwp%2Fv2%2Fproduct_tag&post=250"}],"curies":[{"name":"wp","href":"https:\/\/api.w.org\/{rel}","templated":true}]}}