{"id":248,"date":"2025-01-31T15:28:36","date_gmt":"2025-01-31T15:28:36","guid":{"rendered":"https:\/\/dev.kinequip.ca\/?post_type=product&#038;p=248"},"modified":"2025-01-31T15:28:41","modified_gmt":"2025-01-31T15:28:41","slug":"g4-home-gym","status":"publish","type":"product","link":"https:\/\/kinequip.ca\/?product=g4-home-gym","title":{"rendered":"G4 Home Gym"},"content":{"rendered":"<p>Le G4 Home Gym offre de nombreuses options d&rsquo;entra\u00eenement de renforcement \u00e0 mouvement fixe avec un design compact. Les doubles mouvements pectoraux\/delto\u00efdes arri\u00e8res et la poulie centrale, les barres Lat Pulldown et Low Row offrent un large \u00e9ventail d&rsquo;exercices pour le haut du corps. La vari\u00e9t\u00e9 d&rsquo;exercices \u00e0 domicile que propose le G4 maintiendra votre motivation.<\/p>\n","protected":false},"excerpt":{"rendered":"<p>Le G4 Home Gym offre de nombreuses options d&rsquo;entra\u00eenement de renforcement \u00e0 mouvement fixe avec un design compact. Les doubles mouvements pectoraux\/delto\u00efdes arri\u00e8res et la poulie centrale, les barres Lat Pulldown et Low Row offrent un large \u00e9ventail d&rsquo;exercices pour le haut du corps. La vari\u00e9t\u00e9 d&rsquo;exercices \u00e0 domicile que propose le G4 maintiendra votre motivation.<\/p>\n","protected":false},"featured_media":278,"comment_status":"open","ping_status":"closed","template":"","meta":[],"product_brand":[],"product_cat":[33],"product_tag":[],"class_list":{"0":"post-248","1":"product","2":"type-product","3":"status-publish","4":"has-post-thumbnail","6":"product_cat-musculation","8":"first","9":"instock","10":"shipping-taxable","11":"purchasable","12":"product-type-simple"},"_links":{"self":[{"href":"https:\/\/kinequip.ca\/index.php?rest_route=\/wp\/v2\/product\/248","targetHints":{"allow":["GET"]}}],"collection":[{"href":"https:\/\/kinequip.ca\/index.php?rest_route=\/wp\/v2\/product"}],"about":[{"href":"https:\/\/kinequip.ca\/index.php?rest_route=\/wp\/v2\/types\/product"}],"replies":[{"embeddable":true,"href":"https:\/\/kinequip.ca\/index.php?rest_route=%2Fwp%2Fv2%2Fcomments&post=248"}],"wp:featuredmedia":[{"embeddable":true,"href":"https:\/\/kinequip.ca\/index.php?rest_route=\/wp\/v2\/media\/278"}],"wp:attachment":[{"href":"https:\/\/kinequip.ca\/index.php?rest_route=%2Fwp%2Fv2%2Fmedia&parent=248"}],"wp:term":[{"taxonomy":"product_brand","embeddable":true,"href":"https:\/\/kinequip.ca\/index.php?rest_route=%2Fwp%2Fv2%2Fproduct_brand&post=248"},{"taxonomy":"product_cat","embeddable":true,"href":"https:\/\/kinequip.ca\/index.php?rest_route=%2Fwp%2Fv2%2Fproduct_cat&post=248"},{"taxonomy":"product_tag","embeddable":true,"href":"https:\/\/kinequip.ca\/index.php?rest_route=%2Fwp%2Fv2%2Fproduct_tag&post=248"}],"curies":[{"name":"wp","href":"https:\/\/api.w.org\/{rel}","templated":true}]}}