{"id":246,"date":"2025-01-31T15:28:35","date_gmt":"2025-01-31T15:28:35","guid":{"rendered":"https:\/\/dev.kinequip.ca\/?post_type=product&#038;p=246"},"modified":"2025-01-31T15:28:41","modified_gmt":"2025-01-31T15:28:41","slug":"g7-home-gym","status":"publish","type":"product","link":"https:\/\/kinequip.ca\/?product=g7-home-gym","title":{"rendered":"G7 Home Gym"},"content":{"rendered":"<p>Le G7 Home Gym est dot\u00e9 de doubles poulies ajustables qui offrent une vari\u00e9t\u00e9 d&rsquo;exercices \u00e0 domicile et une personnalisation quasiment infinies. L&rsquo;entra\u00eenement de renforcement Cable Motion vous permet de gagner en \u00e9quilibre, en stabilit\u00e9 et en puissance musculaire. Les conseils en vid\u00e9o et le guide d&rsquo;exercices vous permettent de commencer facilement et de rester motiv\u00e9. D\u00e9couvrez chez vous une exp\u00e9rience digne d&rsquo;un club de remise en forme gr\u00e2ce au G7, dot\u00e9 d&rsquo;une conception intelligente.<\/p>\n","protected":false},"excerpt":{"rendered":"<p>Le G7 Home Gym est dot\u00e9 de doubles poulies ajustables qui offrent une vari\u00e9t\u00e9 d&rsquo;exercices \u00e0 domicile et une personnalisation quasiment infinies. L&rsquo;entra\u00eenement de renforcement Cable Motion vous permet de gagner en \u00e9quilibre, en stabilit\u00e9 et en puissance musculaire. Les conseils en vid\u00e9o et le guide d&rsquo;exercices vous permettent de commencer facilement et de rester motiv\u00e9. D\u00e9couvrez chez vous une exp\u00e9rience digne d&rsquo;un club de remise en forme gr\u00e2ce au G7, dot\u00e9 d&rsquo;une conception intelligente.<\/p>\n","protected":false},"featured_media":276,"comment_status":"open","ping_status":"closed","template":"","meta":[],"product_brand":[],"product_cat":[33],"product_tag":[],"class_list":{"0":"post-246","1":"product","2":"type-product","3":"status-publish","4":"has-post-thumbnail","6":"product_cat-musculation","8":"first","9":"instock","10":"shipping-taxable","11":"purchasable","12":"product-type-simple"},"_links":{"self":[{"href":"https:\/\/kinequip.ca\/index.php?rest_route=\/wp\/v2\/product\/246","targetHints":{"allow":["GET"]}}],"collection":[{"href":"https:\/\/kinequip.ca\/index.php?rest_route=\/wp\/v2\/product"}],"about":[{"href":"https:\/\/kinequip.ca\/index.php?rest_route=\/wp\/v2\/types\/product"}],"replies":[{"embeddable":true,"href":"https:\/\/kinequip.ca\/index.php?rest_route=%2Fwp%2Fv2%2Fcomments&post=246"}],"wp:featuredmedia":[{"embeddable":true,"href":"https:\/\/kinequip.ca\/index.php?rest_route=\/wp\/v2\/media\/276"}],"wp:attachment":[{"href":"https:\/\/kinequip.ca\/index.php?rest_route=%2Fwp%2Fv2%2Fmedia&parent=246"}],"wp:term":[{"taxonomy":"product_brand","embeddable":true,"href":"https:\/\/kinequip.ca\/index.php?rest_route=%2Fwp%2Fv2%2Fproduct_brand&post=246"},{"taxonomy":"product_cat","embeddable":true,"href":"https:\/\/kinequip.ca\/index.php?rest_route=%2Fwp%2Fv2%2Fproduct_cat&post=246"},{"taxonomy":"product_tag","embeddable":true,"href":"https:\/\/kinequip.ca\/index.php?rest_route=%2Fwp%2Fv2%2Fproduct_tag&post=246"}],"curies":[{"name":"wp","href":"https:\/\/api.w.org\/{rel}","templated":true}]}}