{"id":245,"date":"2025-01-31T15:28:35","date_gmt":"2025-01-31T15:28:35","guid":{"rendered":"https:\/\/dev.kinequip.ca\/?post_type=product&#038;p=245"},"modified":"2025-01-31T15:28:40","modified_gmt":"2025-01-31T15:28:40","slug":"velo-lifecycle-rs3","status":"publish","type":"product","link":"https:\/\/kinequip.ca\/?product=velo-lifecycle-rs3","title":{"rendered":"V\u00e9lo Lifecycle RS3"},"content":{"rendered":"<p>Le v\u00e9lo allong\u00e9 d&rsquo;acc\u00e8s simplifi\u00e9 RS3 Lifecycle allie confort et facilit\u00e9 d&rsquo;utilisation. Robuste, il assure le fonctionnement silencieux et fluide que vous \u00eates en droit d&rsquo;attendre de la marque n\u00b0 1 des clubs de fitness \u00e0 travers le monde. Son design ouvert facilite l&rsquo;acc\u00e8s. Son si\u00e8ge inclinable poss\u00e8de un dossier en tissu maill\u00e9 respirant pour votre plus grand confort.<\/p>\n","protected":false},"excerpt":{"rendered":"<p>Le v\u00e9lo allong\u00e9 d&rsquo;acc\u00e8s simplifi\u00e9 RS3 Lifecycle allie confort et facilit\u00e9 d&rsquo;utilisation. Robuste, il assure le fonctionnement silencieux et fluide que vous \u00eates en droit d&rsquo;attendre de la marque n\u00b0 1 des clubs de fitness \u00e0 travers le monde. Son design ouvert facilite l&rsquo;acc\u00e8s. Son si\u00e8ge inclinable poss\u00e8de un dossier en tissu maill\u00e9 respirant pour votre plus grand confort.<\/p>\n","protected":false},"featured_media":275,"comment_status":"open","ping_status":"closed","template":"","meta":[],"product_brand":[],"product_cat":[31],"product_tag":[],"class_list":{"0":"post-245","1":"product","2":"type-product","3":"status-publish","4":"has-post-thumbnail","6":"product_cat-velos-allonges","8":"first","9":"instock","10":"shipping-taxable","11":"purchasable","12":"product-type-simple"},"_links":{"self":[{"href":"https:\/\/kinequip.ca\/index.php?rest_route=\/wp\/v2\/product\/245","targetHints":{"allow":["GET"]}}],"collection":[{"href":"https:\/\/kinequip.ca\/index.php?rest_route=\/wp\/v2\/product"}],"about":[{"href":"https:\/\/kinequip.ca\/index.php?rest_route=\/wp\/v2\/types\/product"}],"replies":[{"embeddable":true,"href":"https:\/\/kinequip.ca\/index.php?rest_route=%2Fwp%2Fv2%2Fcomments&post=245"}],"wp:featuredmedia":[{"embeddable":true,"href":"https:\/\/kinequip.ca\/index.php?rest_route=\/wp\/v2\/media\/275"}],"wp:attachment":[{"href":"https:\/\/kinequip.ca\/index.php?rest_route=%2Fwp%2Fv2%2Fmedia&parent=245"}],"wp:term":[{"taxonomy":"product_brand","embeddable":true,"href":"https:\/\/kinequip.ca\/index.php?rest_route=%2Fwp%2Fv2%2Fproduct_brand&post=245"},{"taxonomy":"product_cat","embeddable":true,"href":"https:\/\/kinequip.ca\/index.php?rest_route=%2Fwp%2Fv2%2Fproduct_cat&post=245"},{"taxonomy":"product_tag","embeddable":true,"href":"https:\/\/kinequip.ca\/index.php?rest_route=%2Fwp%2Fv2%2Fproduct_tag&post=245"}],"curies":[{"name":"wp","href":"https:\/\/api.w.org\/{rel}","templated":true}]}}