{"id":244,"date":"2025-01-31T15:28:35","date_gmt":"2025-01-31T15:28:35","guid":{"rendered":"https:\/\/dev.kinequip.ca\/?post_type=product&#038;p=244"},"modified":"2025-01-31T15:28:40","modified_gmt":"2025-01-31T15:28:40","slug":"velo-lifecycle-rs1","status":"publish","type":"product","link":"https:\/\/kinequip.ca\/?product=velo-lifecycle-rs1","title":{"rendered":"V\u00e9lo Lifecycle RS1"},"content":{"rendered":"<p>Le v\u00e9lo allong\u00e9 d&rsquo;acc\u00e8s simplifi\u00e9 RS1 Lifecycle tire parti de la recherche et de l&rsquo;innovation qui permettent aux v\u00e9los Lifecycle d&rsquo;\u00eatre n\u00b01 dans les clubs de fitness du monde entier. Il est dot\u00e9 d&rsquo;un design ouvert pour un acc\u00e8s facilit\u00e9. Le v\u00e9lo RS1 constitue une option d&rsquo;entra\u00eenement \u00e0 domicile \u00e0 la fois confortable, d\u00e9contract\u00e9e et efficace.<\/p>\n","protected":false},"excerpt":{"rendered":"<p>Le v\u00e9lo allong\u00e9 d&rsquo;acc\u00e8s simplifi\u00e9 RS1 Lifecycle tire parti de la recherche et de l&rsquo;innovation qui permettent aux v\u00e9los Lifecycle d&rsquo;\u00eatre n\u00b01 dans les clubs de fitness du monde entier. Il est dot\u00e9 d&rsquo;un design ouvert pour un acc\u00e8s facilit\u00e9. Le v\u00e9lo RS1 constitue une option d&rsquo;entra\u00eenement \u00e0 domicile \u00e0 la fois confortable, d\u00e9contract\u00e9e et efficace.<\/p>\n","protected":false},"featured_media":274,"comment_status":"open","ping_status":"closed","template":"","meta":[],"product_brand":[],"product_cat":[31],"product_tag":[],"class_list":{"0":"post-244","1":"product","2":"type-product","3":"status-publish","4":"has-post-thumbnail","6":"product_cat-velos-allonges","8":"first","9":"instock","10":"shipping-taxable","11":"purchasable","12":"product-type-simple"},"_links":{"self":[{"href":"https:\/\/kinequip.ca\/index.php?rest_route=\/wp\/v2\/product\/244","targetHints":{"allow":["GET"]}}],"collection":[{"href":"https:\/\/kinequip.ca\/index.php?rest_route=\/wp\/v2\/product"}],"about":[{"href":"https:\/\/kinequip.ca\/index.php?rest_route=\/wp\/v2\/types\/product"}],"replies":[{"embeddable":true,"href":"https:\/\/kinequip.ca\/index.php?rest_route=%2Fwp%2Fv2%2Fcomments&post=244"}],"wp:featuredmedia":[{"embeddable":true,"href":"https:\/\/kinequip.ca\/index.php?rest_route=\/wp\/v2\/media\/274"}],"wp:attachment":[{"href":"https:\/\/kinequip.ca\/index.php?rest_route=%2Fwp%2Fv2%2Fmedia&parent=244"}],"wp:term":[{"taxonomy":"product_brand","embeddable":true,"href":"https:\/\/kinequip.ca\/index.php?rest_route=%2Fwp%2Fv2%2Fproduct_brand&post=244"},{"taxonomy":"product_cat","embeddable":true,"href":"https:\/\/kinequip.ca\/index.php?rest_route=%2Fwp%2Fv2%2Fproduct_cat&post=244"},{"taxonomy":"product_tag","embeddable":true,"href":"https:\/\/kinequip.ca\/index.php?rest_route=%2Fwp%2Fv2%2Fproduct_tag&post=244"}],"curies":[{"name":"wp","href":"https:\/\/api.w.org\/{rel}","templated":true}]}}