{"id":243,"date":"2025-01-31T15:28:35","date_gmt":"2025-01-31T15:28:35","guid":{"rendered":"https:\/\/dev.kinequip.ca\/?post_type=product&#038;p=243"},"modified":"2025-01-31T15:28:40","modified_gmt":"2025-01-31T15:28:40","slug":"velo-allonge-lifecycle-serie-club","status":"publish","type":"product","link":"https:\/\/kinequip.ca\/?product=velo-allonge-lifecycle-serie-club","title":{"rendered":"V\u00e9lo allong\u00e9 Lifecycle S\u00e9rie Club +"},"content":{"rendered":"<p>La Life Fitness Club Series repose sur plus de 20 ann\u00e9es de fiabilit\u00e9, d&rsquo;innovation et de connaissances de sportifs des clubs de sport du monde entier. Le v\u00e9lo allong\u00e9 S\u00e9rie Club + de nouvelle g\u00e9n\u00e9ration est d\u00e9sormais plus r\u00e9sistant et plus fluide que jamais, tout en conservant la long\u00e9vit\u00e9 que vous appr\u00e9ciez tant.<\/p>\n","protected":false},"excerpt":{"rendered":"<p>La Life Fitness Club Series repose sur plus de 20 ann\u00e9es de fiabilit\u00e9, d&rsquo;innovation et de connaissances de sportifs des clubs de sport du monde entier. Le v\u00e9lo allong\u00e9 S\u00e9rie Club + de nouvelle g\u00e9n\u00e9ration est d\u00e9sormais plus r\u00e9sistant et plus fluide que jamais, tout en conservant la long\u00e9vit\u00e9 que vous appr\u00e9ciez tant.<\/p>\n","protected":false},"featured_media":273,"comment_status":"open","ping_status":"closed","template":"","meta":[],"product_brand":[],"product_cat":[31],"product_tag":[],"class_list":{"0":"post-243","1":"product","2":"type-product","3":"status-publish","4":"has-post-thumbnail","6":"product_cat-velos-allonges","8":"first","9":"instock","10":"shipping-taxable","11":"purchasable","12":"product-type-simple"},"_links":{"self":[{"href":"https:\/\/kinequip.ca\/index.php?rest_route=\/wp\/v2\/product\/243","targetHints":{"allow":["GET"]}}],"collection":[{"href":"https:\/\/kinequip.ca\/index.php?rest_route=\/wp\/v2\/product"}],"about":[{"href":"https:\/\/kinequip.ca\/index.php?rest_route=\/wp\/v2\/types\/product"}],"replies":[{"embeddable":true,"href":"https:\/\/kinequip.ca\/index.php?rest_route=%2Fwp%2Fv2%2Fcomments&post=243"}],"wp:featuredmedia":[{"embeddable":true,"href":"https:\/\/kinequip.ca\/index.php?rest_route=\/wp\/v2\/media\/273"}],"wp:attachment":[{"href":"https:\/\/kinequip.ca\/index.php?rest_route=%2Fwp%2Fv2%2Fmedia&parent=243"}],"wp:term":[{"taxonomy":"product_brand","embeddable":true,"href":"https:\/\/kinequip.ca\/index.php?rest_route=%2Fwp%2Fv2%2Fproduct_brand&post=243"},{"taxonomy":"product_cat","embeddable":true,"href":"https:\/\/kinequip.ca\/index.php?rest_route=%2Fwp%2Fv2%2Fproduct_cat&post=243"},{"taxonomy":"product_tag","embeddable":true,"href":"https:\/\/kinequip.ca\/index.php?rest_route=%2Fwp%2Fv2%2Fproduct_tag&post=243"}],"curies":[{"name":"wp","href":"https:\/\/api.w.org\/{rel}","templated":true}]}}