{"id":241,"date":"2025-01-31T15:28:35","date_gmt":"2025-01-31T15:28:35","guid":{"rendered":"https:\/\/dev.kinequip.ca\/?post_type=product&#038;p=241"},"modified":"2025-01-31T15:28:40","modified_gmt":"2025-01-31T15:28:40","slug":"cycling","status":"publish","type":"product","link":"https:\/\/kinequip.ca\/?product=cycling","title":{"rendered":"CYCLING"},"content":{"rendered":"<p>D\u00e9j\u00e0 prim\u00e9s, la s\u00e9rie ICG red\u00e9finissent le v\u00e9lo d&rsquo;int\u00e9rieur. Les options de r\u00e9glage quasi illimit\u00e9es garantissent une prise en main confortable pour la plupart des utilisateurs.<\/p>\n","protected":false},"excerpt":{"rendered":"<p>D\u00e9j\u00e0 prim\u00e9s, la s\u00e9rie ICG red\u00e9finissent le v\u00e9lo d&rsquo;int\u00e9rieur. Les options de r\u00e9glage quasi illimit\u00e9es garantissent une prise en main confortable pour la plupart des utilisateurs.<\/p>\n","protected":false},"featured_media":271,"comment_status":"open","ping_status":"closed","template":"","meta":[],"product_brand":[],"product_cat":[30],"product_tag":[],"class_list":{"0":"post-241","1":"product","2":"type-product","3":"status-publish","4":"has-post-thumbnail","6":"product_cat-velos-droits","8":"first","9":"instock","10":"shipping-taxable","11":"purchasable","12":"product-type-simple"},"_links":{"self":[{"href":"https:\/\/kinequip.ca\/index.php?rest_route=\/wp\/v2\/product\/241","targetHints":{"allow":["GET"]}}],"collection":[{"href":"https:\/\/kinequip.ca\/index.php?rest_route=\/wp\/v2\/product"}],"about":[{"href":"https:\/\/kinequip.ca\/index.php?rest_route=\/wp\/v2\/types\/product"}],"replies":[{"embeddable":true,"href":"https:\/\/kinequip.ca\/index.php?rest_route=%2Fwp%2Fv2%2Fcomments&post=241"}],"wp:featuredmedia":[{"embeddable":true,"href":"https:\/\/kinequip.ca\/index.php?rest_route=\/wp\/v2\/media\/271"}],"wp:attachment":[{"href":"https:\/\/kinequip.ca\/index.php?rest_route=%2Fwp%2Fv2%2Fmedia&parent=241"}],"wp:term":[{"taxonomy":"product_brand","embeddable":true,"href":"https:\/\/kinequip.ca\/index.php?rest_route=%2Fwp%2Fv2%2Fproduct_brand&post=241"},{"taxonomy":"product_cat","embeddable":true,"href":"https:\/\/kinequip.ca\/index.php?rest_route=%2Fwp%2Fv2%2Fproduct_cat&post=241"},{"taxonomy":"product_tag","embeddable":true,"href":"https:\/\/kinequip.ca\/index.php?rest_route=%2Fwp%2Fv2%2Fproduct_tag&post=241"}],"curies":[{"name":"wp","href":"https:\/\/api.w.org\/{rel}","templated":true}]}}