{"id":240,"date":"2025-01-31T15:28:35","date_gmt":"2025-01-31T15:28:35","guid":{"rendered":"https:\/\/dev.kinequip.ca\/?post_type=product&#038;p=240"},"modified":"2025-01-31T15:28:39","modified_gmt":"2025-01-31T15:28:39","slug":"velo-lifecycle-c3","status":"publish","type":"product","link":"https:\/\/kinequip.ca\/?product=velo-lifecycle-c3","title":{"rendered":"V\u00e9lo Lifecycle C3"},"content":{"rendered":"<p>Le V\u00e9lo droit Lifecycle C3 combine une ing\u00e9nierie pr\u00e9cise et une attention exceptionnelle port\u00e9e aux d\u00e9tails. La position de p\u00e9dalage droite et profil\u00e9e du v\u00e9lo, ainsi que son grand si\u00e8ge rembourr\u00e9 garantissent une utilisation confortable. Le mod\u00e8le autoaliment\u00e9 C3 ne n\u00e9cessite pas de cordons ni de prises et se place donc dans la pi\u00e8ce de votre choix.<\/p>\n","protected":false},"excerpt":{"rendered":"<p>Le V\u00e9lo droit Lifecycle C3 combine une ing\u00e9nierie pr\u00e9cise et une attention exceptionnelle port\u00e9e aux d\u00e9tails. La position de p\u00e9dalage droite et profil\u00e9e du v\u00e9lo, ainsi que son grand si\u00e8ge rembourr\u00e9 garantissent une utilisation confortable. Le mod\u00e8le autoaliment\u00e9 C3 ne n\u00e9cessite pas de cordons ni de prises et se place donc dans la pi\u00e8ce de votre choix.<\/p>\n","protected":false},"featured_media":270,"comment_status":"open","ping_status":"closed","template":"","meta":[],"product_brand":[],"product_cat":[30],"product_tag":[],"class_list":{"0":"post-240","1":"product","2":"type-product","3":"status-publish","4":"has-post-thumbnail","6":"product_cat-velos-droits","8":"first","9":"instock","10":"shipping-taxable","11":"purchasable","12":"product-type-simple"},"_links":{"self":[{"href":"https:\/\/kinequip.ca\/index.php?rest_route=\/wp\/v2\/product\/240","targetHints":{"allow":["GET"]}}],"collection":[{"href":"https:\/\/kinequip.ca\/index.php?rest_route=\/wp\/v2\/product"}],"about":[{"href":"https:\/\/kinequip.ca\/index.php?rest_route=\/wp\/v2\/types\/product"}],"replies":[{"embeddable":true,"href":"https:\/\/kinequip.ca\/index.php?rest_route=%2Fwp%2Fv2%2Fcomments&post=240"}],"wp:featuredmedia":[{"embeddable":true,"href":"https:\/\/kinequip.ca\/index.php?rest_route=\/wp\/v2\/media\/270"}],"wp:attachment":[{"href":"https:\/\/kinequip.ca\/index.php?rest_route=%2Fwp%2Fv2%2Fmedia&parent=240"}],"wp:term":[{"taxonomy":"product_brand","embeddable":true,"href":"https:\/\/kinequip.ca\/index.php?rest_route=%2Fwp%2Fv2%2Fproduct_brand&post=240"},{"taxonomy":"product_cat","embeddable":true,"href":"https:\/\/kinequip.ca\/index.php?rest_route=%2Fwp%2Fv2%2Fproduct_cat&post=240"},{"taxonomy":"product_tag","embeddable":true,"href":"https:\/\/kinequip.ca\/index.php?rest_route=%2Fwp%2Fv2%2Fproduct_tag&post=240"}],"curies":[{"name":"wp","href":"https:\/\/api.w.org\/{rel}","templated":true}]}}