{"id":239,"date":"2025-01-31T15:28:35","date_gmt":"2025-01-31T15:28:35","guid":{"rendered":"https:\/\/dev.kinequip.ca\/?post_type=product&#038;p=239"},"modified":"2025-01-31T15:28:39","modified_gmt":"2025-01-31T15:28:39","slug":"velo-lifecycle-c1","status":"publish","type":"product","link":"https:\/\/kinequip.ca\/?product=velo-lifecycle-c1","title":{"rendered":"V\u00e9lo Lifecycle C1"},"content":{"rendered":"<p>Le v\u00e9lo droit Lifecycle C1 est l\u00e9ger, compact et facile \u00e0 d\u00e9placer, ce qui en fait l&rsquo;instrument id\u00e9al pour l&rsquo;entra\u00eenement \u00e0 domicile. Robuste, il offre une biom\u00e9canique efficace, semblable \u00e0 celle des v\u00e9los Lifecycle dont s&rsquo;\u00e9quipent les meilleurs clubs de remise en forme.<\/p>\n","protected":false},"excerpt":{"rendered":"<p>Le v\u00e9lo droit Lifecycle C1 est l\u00e9ger, compact et facile \u00e0 d\u00e9placer, ce qui en fait l&rsquo;instrument id\u00e9al pour l&rsquo;entra\u00eenement \u00e0 domicile. Robuste, il offre une biom\u00e9canique efficace, semblable \u00e0 celle des v\u00e9los Lifecycle dont s&rsquo;\u00e9quipent les meilleurs clubs de remise en forme.<\/p>\n","protected":false},"featured_media":269,"comment_status":"open","ping_status":"closed","template":"","meta":[],"product_brand":[],"product_cat":[30],"product_tag":[],"class_list":{"0":"post-239","1":"product","2":"type-product","3":"status-publish","4":"has-post-thumbnail","6":"product_cat-velos-droits","8":"first","9":"instock","10":"shipping-taxable","11":"purchasable","12":"product-type-simple"},"_links":{"self":[{"href":"https:\/\/kinequip.ca\/index.php?rest_route=\/wp\/v2\/product\/239","targetHints":{"allow":["GET"]}}],"collection":[{"href":"https:\/\/kinequip.ca\/index.php?rest_route=\/wp\/v2\/product"}],"about":[{"href":"https:\/\/kinequip.ca\/index.php?rest_route=\/wp\/v2\/types\/product"}],"replies":[{"embeddable":true,"href":"https:\/\/kinequip.ca\/index.php?rest_route=%2Fwp%2Fv2%2Fcomments&post=239"}],"wp:featuredmedia":[{"embeddable":true,"href":"https:\/\/kinequip.ca\/index.php?rest_route=\/wp\/v2\/media\/269"}],"wp:attachment":[{"href":"https:\/\/kinequip.ca\/index.php?rest_route=%2Fwp%2Fv2%2Fmedia&parent=239"}],"wp:term":[{"taxonomy":"product_brand","embeddable":true,"href":"https:\/\/kinequip.ca\/index.php?rest_route=%2Fwp%2Fv2%2Fproduct_brand&post=239"},{"taxonomy":"product_cat","embeddable":true,"href":"https:\/\/kinequip.ca\/index.php?rest_route=%2Fwp%2Fv2%2Fproduct_cat&post=239"},{"taxonomy":"product_tag","embeddable":true,"href":"https:\/\/kinequip.ca\/index.php?rest_route=%2Fwp%2Fv2%2Fproduct_tag&post=239"}],"curies":[{"name":"wp","href":"https:\/\/api.w.org\/{rel}","templated":true}]}}