{"id":237,"date":"2025-01-31T15:28:35","date_gmt":"2025-01-31T15:28:35","guid":{"rendered":"https:\/\/dev.kinequip.ca\/?post_type=product&#038;p=237"},"modified":"2025-01-31T15:28:39","modified_gmt":"2025-01-31T15:28:39","slug":"velo-droit-lifecycle-serie-club-platine","status":"publish","type":"product","link":"https:\/\/kinequip.ca\/?product=velo-droit-lifecycle-serie-club-platine","title":{"rendered":"V\u00e9lo droit Lifecycle S\u00e9rie Club Platine"},"content":{"rendered":"<p>Le v\u00e9lo Lifecycle s\u00e9rie Platinum Club est un \u00e9quipement d&rsquo;entra\u00eenement durable, de qualit\u00e9 professionnelle. La multitude d&rsquo;options de divertissement et d&rsquo;engagement offrent des interactions et une motivation renforc\u00e9es. Le si\u00e8ge Comfort Curve Plus, facilement r\u00e9glable, assure un p\u00e9dalage confortable pendant votre entra\u00eenement \u00e0 domicile.<\/p>\n","protected":false},"excerpt":{"rendered":"<p>ADOPT\u00c9 DANS LES CLUBS DE REMISE EN FORME<br \/>\nLe v\u00e9lo Lifecycle s\u00e9rie Platinum Club est un \u00e9quipement d&rsquo;entra\u00eenement durable, de qualit\u00e9 professionnelle. La multitude d&rsquo;options de divertissement et d&rsquo;engagement offrent des interactions et une motivation renforc\u00e9es. Le si\u00e8ge Comfort Curve Plus, facilement r\u00e9glable, assure un p\u00e9dalage confortable pendant votre entra\u00eenement \u00e0 domicile.<\/p>\n<p>CARACT\u00c9RISTIQUES CL\u00c9S<\/p>\n<p>CONTR\u00d4LE DU RYTHME CARDIAQUE &#8211; Polar Telemetry (ceinture thoracique en option requise). Moniteur num\u00e9rique de rythme cardiaque Lifepulse avec DSP<\/p>\n<p>COMMANDES DE R\u00c9SISTANCE &#8211; Les commandes de r\u00e9sistance se trouvent sur les poign\u00e9es pour un ajustement simple et rapide de l&rsquo;intensit\u00e9<\/p>\n<p>LANI\u00c8RE DE P\u00c9DALE R\u00c9GLABLE &#8211; Les lani\u00e8res des p\u00e9dales faciles \u00e0 ajuster permettent de trouver sans difficult\u00e9 la position id\u00e9ale<\/p>\n<p>SI\u00c8GE COMFORT CURVE PLUS &#8211; La forme convexe et le design du si\u00e8ge en fl\u00e8che assurent un confort sup\u00e9rieur. Le nouveau syst\u00e8me \u00e0 cr\u00e9maill\u00e8re permet un ajustement simple de la hauteur de la selle, m\u00eame en position assise.<\/p>\n","protected":false},"featured_media":267,"comment_status":"open","ping_status":"closed","template":"","meta":[],"product_brand":[],"product_cat":[30],"product_tag":[],"class_list":{"0":"post-237","1":"product","2":"type-product","3":"status-publish","4":"has-post-thumbnail","6":"product_cat-velos-droits","8":"first","9":"instock","10":"shipping-taxable","11":"purchasable","12":"product-type-simple"},"_links":{"self":[{"href":"https:\/\/kinequip.ca\/index.php?rest_route=\/wp\/v2\/product\/237","targetHints":{"allow":["GET"]}}],"collection":[{"href":"https:\/\/kinequip.ca\/index.php?rest_route=\/wp\/v2\/product"}],"about":[{"href":"https:\/\/kinequip.ca\/index.php?rest_route=\/wp\/v2\/types\/product"}],"replies":[{"embeddable":true,"href":"https:\/\/kinequip.ca\/index.php?rest_route=%2Fwp%2Fv2%2Fcomments&post=237"}],"wp:featuredmedia":[{"embeddable":true,"href":"https:\/\/kinequip.ca\/index.php?rest_route=\/wp\/v2\/media\/267"}],"wp:attachment":[{"href":"https:\/\/kinequip.ca\/index.php?rest_route=%2Fwp%2Fv2%2Fmedia&parent=237"}],"wp:term":[{"taxonomy":"product_brand","embeddable":true,"href":"https:\/\/kinequip.ca\/index.php?rest_route=%2Fwp%2Fv2%2Fproduct_brand&post=237"},{"taxonomy":"product_cat","embeddable":true,"href":"https:\/\/kinequip.ca\/index.php?rest_route=%2Fwp%2Fv2%2Fproduct_cat&post=237"},{"taxonomy":"product_tag","embeddable":true,"href":"https:\/\/kinequip.ca\/index.php?rest_route=%2Fwp%2Fv2%2Fproduct_tag&post=237"}],"curies":[{"name":"wp","href":"https:\/\/api.w.org\/{rel}","templated":true}]}}