{"id":235,"date":"2025-01-31T15:28:34","date_gmt":"2025-01-31T15:28:34","guid":{"rendered":"https:\/\/dev.kinequip.ca\/?post_type=product&#038;p=235"},"modified":"2025-01-31T15:28:39","modified_gmt":"2025-01-31T15:28:39","slug":"elliptique-e3","status":"publish","type":"product","link":"https:\/\/kinequip.ca\/?product=elliptique-e3","title":{"rendered":"Elliptique E3"},"content":{"rendered":"<p>L&rsquo;elliptique E3 \u00e9quip\u00e9 de la technologie WhisperStride est quasi silencieux et poss\u00e8de des fonctionnalit\u00e9s int\u00e9ressantes et motivantes lors des entra\u00eenements. C&rsquo;est une option de cardio \u00e9l\u00e9gante et attrayante \u00e0 domicile, pour les utilisateurs de tous niveaux recherchant un entra\u00eenement de l&rsquo;ensemble du corps \u00e0 faible impact.<\/p>\n","protected":false},"excerpt":{"rendered":"<p>L&rsquo;elliptique E3 \u00e9quip\u00e9 de la technologie WhisperStride est quasi silencieux et poss\u00e8de des fonctionnalit\u00e9s int\u00e9ressantes et motivantes lors des entra\u00eenements. C&rsquo;est une option de cardio \u00e9l\u00e9gante et attrayante \u00e0 domicile, pour les utilisateurs de tous niveaux recherchant un entra\u00eenement de l&rsquo;ensemble du corps \u00e0 faible impact.<\/p>\n","protected":false},"featured_media":265,"comment_status":"open","ping_status":"closed","template":"","meta":[],"product_brand":[],"product_cat":[29],"product_tag":[],"class_list":{"0":"post-235","1":"product","2":"type-product","3":"status-publish","4":"has-post-thumbnail","6":"product_cat-elliptiques","8":"first","9":"instock","10":"shipping-taxable","11":"purchasable","12":"product-type-simple"},"_links":{"self":[{"href":"https:\/\/kinequip.ca\/index.php?rest_route=\/wp\/v2\/product\/235","targetHints":{"allow":["GET"]}}],"collection":[{"href":"https:\/\/kinequip.ca\/index.php?rest_route=\/wp\/v2\/product"}],"about":[{"href":"https:\/\/kinequip.ca\/index.php?rest_route=\/wp\/v2\/types\/product"}],"replies":[{"embeddable":true,"href":"https:\/\/kinequip.ca\/index.php?rest_route=%2Fwp%2Fv2%2Fcomments&post=235"}],"wp:featuredmedia":[{"embeddable":true,"href":"https:\/\/kinequip.ca\/index.php?rest_route=\/wp\/v2\/media\/265"}],"wp:attachment":[{"href":"https:\/\/kinequip.ca\/index.php?rest_route=%2Fwp%2Fv2%2Fmedia&parent=235"}],"wp:term":[{"taxonomy":"product_brand","embeddable":true,"href":"https:\/\/kinequip.ca\/index.php?rest_route=%2Fwp%2Fv2%2Fproduct_brand&post=235"},{"taxonomy":"product_cat","embeddable":true,"href":"https:\/\/kinequip.ca\/index.php?rest_route=%2Fwp%2Fv2%2Fproduct_cat&post=235"},{"taxonomy":"product_tag","embeddable":true,"href":"https:\/\/kinequip.ca\/index.php?rest_route=%2Fwp%2Fv2%2Fproduct_tag&post=235"}],"curies":[{"name":"wp","href":"https:\/\/api.w.org\/{rel}","templated":true}]}}