{"id":232,"date":"2025-01-31T15:28:34","date_gmt":"2025-01-31T15:28:34","guid":{"rendered":"https:\/\/dev.kinequip.ca\/?post_type=product&#038;p=232"},"modified":"2025-01-31T15:28:38","modified_gmt":"2025-01-31T15:28:38","slug":"elliptique-serie-club-platine","status":"publish","type":"product","link":"https:\/\/kinequip.ca\/?product=elliptique-serie-club-platine","title":{"rendered":"Elliptique S\u00e9rie Club Platine"},"content":{"rendered":"<p>FAIBLE IMPACT, R\u00c9SULTATS VISIBLES<br \/>\nL&rsquo;elliptique S\u00e9rie Club Platine est un \u00e9quipement d&rsquo;entra\u00eenement durable, de qualit\u00e9 professionnelle. La multitude d&rsquo;options de divertissement et d&rsquo;engagement offrent des interactions et une motivation renforc\u00e9es, tandis que le mouvement naturel et instinctif offre un entra\u00eenement de l&rsquo;ensemble du corps \u00e0 faible impact.<\/p>\n","protected":false},"excerpt":{"rendered":"<p>FAIBLE IMPACT, R\u00c9SULTATS VISIBLES<br \/>\nL&rsquo;elliptique S\u00e9rie Club Platine est un \u00e9quipement d&rsquo;entra\u00eenement durable, de qualit\u00e9 professionnelle. La multitude d&rsquo;options de divertissement et d&rsquo;engagement offrent des interactions et une motivation renforc\u00e9es, tandis que le mouvement naturel et instinctif offre un entra\u00eenement de l&rsquo;ensemble du corps \u00e0 faible impact.<\/p>\n<p>CARACT\u00c9RISTIQUES CL\u00c9S<br \/>\nCONTR\u00d4LE DU RYTHME CARDIAQUE &#8211; Polar Telemetry (via une ceinture de poitrine non fournie avec l\u2019appareil). Moniteur num\u00e9rique de rythme cardiaque Lifepulse avec DSP<\/p>\n<p>COMMANDES DE R\u00c9SISTANCE &#8211; Situ\u00e9es sur les poign\u00e9es mobiles pour un ajustement simple de l&rsquo;intensit\u00e9 sans perturber la session<\/p>\n<p>MOUVEMENT FLUIDE ET NATUREL &#8211; Gr\u00e2ce \u00e0 des recherches biom\u00e9caniques intensives, l&rsquo;elliptique cr\u00e9e un mouvement naturellement fluide et confortable<\/p>\n","protected":false},"featured_media":262,"comment_status":"open","ping_status":"closed","template":"","meta":[],"product_brand":[],"product_cat":[29],"product_tag":[],"class_list":{"0":"post-232","1":"product","2":"type-product","3":"status-publish","4":"has-post-thumbnail","6":"product_cat-elliptiques","8":"first","9":"instock","10":"shipping-taxable","11":"purchasable","12":"product-type-simple"},"_links":{"self":[{"href":"https:\/\/kinequip.ca\/index.php?rest_route=\/wp\/v2\/product\/232","targetHints":{"allow":["GET"]}}],"collection":[{"href":"https:\/\/kinequip.ca\/index.php?rest_route=\/wp\/v2\/product"}],"about":[{"href":"https:\/\/kinequip.ca\/index.php?rest_route=\/wp\/v2\/types\/product"}],"replies":[{"embeddable":true,"href":"https:\/\/kinequip.ca\/index.php?rest_route=%2Fwp%2Fv2%2Fcomments&post=232"}],"wp:featuredmedia":[{"embeddable":true,"href":"https:\/\/kinequip.ca\/index.php?rest_route=\/wp\/v2\/media\/262"}],"wp:attachment":[{"href":"https:\/\/kinequip.ca\/index.php?rest_route=%2Fwp%2Fv2%2Fmedia&parent=232"}],"wp:term":[{"taxonomy":"product_brand","embeddable":true,"href":"https:\/\/kinequip.ca\/index.php?rest_route=%2Fwp%2Fv2%2Fproduct_brand&post=232"},{"taxonomy":"product_cat","embeddable":true,"href":"https:\/\/kinequip.ca\/index.php?rest_route=%2Fwp%2Fv2%2Fproduct_cat&post=232"},{"taxonomy":"product_tag","embeddable":true,"href":"https:\/\/kinequip.ca\/index.php?rest_route=%2Fwp%2Fv2%2Fproduct_tag&post=232"}],"curies":[{"name":"wp","href":"https:\/\/api.w.org\/{rel}","templated":true}]}}