{"id":231,"date":"2025-01-31T15:28:34","date_gmt":"2025-01-31T15:28:34","guid":{"rendered":"https:\/\/dev.kinequip.ca\/?post_type=product&#038;p=231"},"modified":"2025-01-31T15:28:38","modified_gmt":"2025-01-31T15:28:38","slug":"tapis-de-course-t5","status":"publish","type":"product","link":"https:\/\/kinequip.ca\/?product=tapis-de-course-t5","title":{"rendered":"Tapis de course T5"},"content":{"rendered":"<p>Le tapis de course T5 vous permet de choisir parmi trois param\u00e8tres de fermet\u00e9 de la surface de course, gr\u00e2ce au syst\u00e8me de s\u00e9lection FlexDeck. Le tapis de course intuitif vous rappelle vos vitesses de marche, de footing et de course pr\u00e9f\u00e9r\u00e9s, et vous permet de choisir parmi des dizaines d&rsquo;autres programmes, \u00e0 l&rsquo;aide d&rsquo;un simple bouton.<\/p>\n","protected":false},"excerpt":{"rendered":"<p>Le tapis de course T5 vous permet de choisir parmi trois param\u00e8tres de fermet\u00e9 de la surface de course, gr\u00e2ce au syst\u00e8me de s\u00e9lection FlexDeck. Le tapis de course intuitif vous rappelle vos vitesses de marche, de footing et de course pr\u00e9f\u00e9r\u00e9s, et vous permet de choisir parmi des dizaines d&rsquo;autres programmes, \u00e0 l&rsquo;aide d&rsquo;un simple bouton.<\/p>\n","protected":false},"featured_media":261,"comment_status":"open","ping_status":"closed","template":"","meta":[],"product_brand":[],"product_cat":[28],"product_tag":[],"class_list":{"0":"post-231","1":"product","2":"type-product","3":"status-publish","4":"has-post-thumbnail","6":"product_cat-tapis-de-course","8":"first","9":"instock","10":"shipping-taxable","11":"purchasable","12":"product-type-simple"},"_links":{"self":[{"href":"https:\/\/kinequip.ca\/index.php?rest_route=\/wp\/v2\/product\/231","targetHints":{"allow":["GET"]}}],"collection":[{"href":"https:\/\/kinequip.ca\/index.php?rest_route=\/wp\/v2\/product"}],"about":[{"href":"https:\/\/kinequip.ca\/index.php?rest_route=\/wp\/v2\/types\/product"}],"replies":[{"embeddable":true,"href":"https:\/\/kinequip.ca\/index.php?rest_route=%2Fwp%2Fv2%2Fcomments&post=231"}],"wp:featuredmedia":[{"embeddable":true,"href":"https:\/\/kinequip.ca\/index.php?rest_route=\/wp\/v2\/media\/261"}],"wp:attachment":[{"href":"https:\/\/kinequip.ca\/index.php?rest_route=%2Fwp%2Fv2%2Fmedia&parent=231"}],"wp:term":[{"taxonomy":"product_brand","embeddable":true,"href":"https:\/\/kinequip.ca\/index.php?rest_route=%2Fwp%2Fv2%2Fproduct_brand&post=231"},{"taxonomy":"product_cat","embeddable":true,"href":"https:\/\/kinequip.ca\/index.php?rest_route=%2Fwp%2Fv2%2Fproduct_cat&post=231"},{"taxonomy":"product_tag","embeddable":true,"href":"https:\/\/kinequip.ca\/index.php?rest_route=%2Fwp%2Fv2%2Fproduct_tag&post=231"}],"curies":[{"name":"wp","href":"https:\/\/api.w.org\/{rel}","templated":true}]}}