{"id":230,"date":"2025-01-31T15:28:34","date_gmt":"2025-01-31T15:28:34","guid":{"rendered":"https:\/\/dev.kinequip.ca\/?post_type=product&#038;p=230"},"modified":"2025-01-31T15:28:38","modified_gmt":"2025-01-31T15:28:38","slug":"tapis-de-course-t3","status":"publish","type":"product","link":"https:\/\/kinequip.ca\/?product=tapis-de-course-t3","title":{"rendered":"Tapis de course T3"},"content":{"rendered":"<p>Le tapis de course T3 est con\u00e7u pour allier forme et fonctionnalit\u00e9. Ses courbes \u00e9l\u00e9gantes et esth\u00e9tiques s&rsquo;adaptent \u00e0 tous les int\u00e9rieurs. Le tapis de course T3 offre un choix \u00e9pur\u00e9 pour tous les utilisateurs \u00e0 domicile, tout en \u00e9tant assez r\u00e9sistant pour tenir la distance.<\/p>\n","protected":false},"excerpt":{"rendered":"<p>Le tapis de course T3 est con\u00e7u pour allier forme et fonctionnalit\u00e9. Ses courbes \u00e9l\u00e9gantes et esth\u00e9tiques s&rsquo;adaptent \u00e0 tous les int\u00e9rieurs. Le tapis de course T3 offre un choix \u00e9pur\u00e9 pour tous les utilisateurs \u00e0 domicile, tout en \u00e9tant assez r\u00e9sistant pour tenir la distance.<\/p>\n","protected":false},"featured_media":260,"comment_status":"open","ping_status":"closed","template":"","meta":[],"product_brand":[],"product_cat":[28],"product_tag":[],"class_list":{"0":"post-230","1":"product","2":"type-product","3":"status-publish","4":"has-post-thumbnail","6":"product_cat-tapis-de-course","8":"first","9":"instock","10":"shipping-taxable","11":"purchasable","12":"product-type-simple"},"_links":{"self":[{"href":"https:\/\/kinequip.ca\/index.php?rest_route=\/wp\/v2\/product\/230","targetHints":{"allow":["GET"]}}],"collection":[{"href":"https:\/\/kinequip.ca\/index.php?rest_route=\/wp\/v2\/product"}],"about":[{"href":"https:\/\/kinequip.ca\/index.php?rest_route=\/wp\/v2\/types\/product"}],"replies":[{"embeddable":true,"href":"https:\/\/kinequip.ca\/index.php?rest_route=%2Fwp%2Fv2%2Fcomments&post=230"}],"wp:featuredmedia":[{"embeddable":true,"href":"https:\/\/kinequip.ca\/index.php?rest_route=\/wp\/v2\/media\/260"}],"wp:attachment":[{"href":"https:\/\/kinequip.ca\/index.php?rest_route=%2Fwp%2Fv2%2Fmedia&parent=230"}],"wp:term":[{"taxonomy":"product_brand","embeddable":true,"href":"https:\/\/kinequip.ca\/index.php?rest_route=%2Fwp%2Fv2%2Fproduct_brand&post=230"},{"taxonomy":"product_cat","embeddable":true,"href":"https:\/\/kinequip.ca\/index.php?rest_route=%2Fwp%2Fv2%2Fproduct_cat&post=230"},{"taxonomy":"product_tag","embeddable":true,"href":"https:\/\/kinequip.ca\/index.php?rest_route=%2Fwp%2Fv2%2Fproduct_tag&post=230"}],"curies":[{"name":"wp","href":"https:\/\/api.w.org\/{rel}","templated":true}]}}