{"id":229,"date":"2025-01-31T15:28:34","date_gmt":"2025-01-31T15:28:34","guid":{"rendered":"https:\/\/dev.kinequip.ca\/?post_type=product&#038;p=229"},"modified":"2025-01-31T15:28:37","modified_gmt":"2025-01-31T15:28:37","slug":"tapis-de-course-f3","status":"publish","type":"product","link":"https:\/\/kinequip.ca\/?product=tapis-de-course-f3","title":{"rendered":"TAPIS DE COURSE F3"},"content":{"rendered":"<p>Le tapis de course pliable F3 ne fait aucun compromis sur la qualit\u00e9. Il est \u00e9quip\u00e9 de tous les \u00e9l\u00e9ments qui font des tapis de course Life Fitness le choix n\u00b01 dans le monde. Les composants de haute qualit\u00e9 permettent \u00e0 votre \u00e9quipement de fitness \u00e0 domicile de r\u00e9sister \u00e0 des ann\u00e9es d&rsquo;utilisation intensive. Le tapis de course F3 se plie, se bloque dans sa position et peut facilement rouler vers un espace de rangement pratique.<\/p>\n","protected":false},"excerpt":{"rendered":"<p>Le tapis de course pliable F3 ne fait aucun compromis sur la qualit\u00e9. Il est \u00e9quip\u00e9 de tous les \u00e9l\u00e9ments qui font des tapis de course Life Fitness le choix n\u00b01 dans le monde. Les composants de haute qualit\u00e9 permettent \u00e0 votre \u00e9quipement de fitness \u00e0 domicile de r\u00e9sister \u00e0 des ann\u00e9es d&rsquo;utilisation intensive. Le tapis de course F3 se plie, se bloque dans sa position et peut facilement rouler vers un espace de rangement pratique.<\/p>\n","protected":false},"featured_media":259,"comment_status":"open","ping_status":"closed","template":"","meta":[],"product_brand":[],"product_cat":[28],"product_tag":[],"class_list":{"0":"post-229","1":"product","2":"type-product","3":"status-publish","4":"has-post-thumbnail","6":"product_cat-tapis-de-course","8":"first","9":"instock","10":"shipping-taxable","11":"purchasable","12":"product-type-simple"},"_links":{"self":[{"href":"https:\/\/kinequip.ca\/index.php?rest_route=\/wp\/v2\/product\/229","targetHints":{"allow":["GET"]}}],"collection":[{"href":"https:\/\/kinequip.ca\/index.php?rest_route=\/wp\/v2\/product"}],"about":[{"href":"https:\/\/kinequip.ca\/index.php?rest_route=\/wp\/v2\/types\/product"}],"replies":[{"embeddable":true,"href":"https:\/\/kinequip.ca\/index.php?rest_route=%2Fwp%2Fv2%2Fcomments&post=229"}],"wp:featuredmedia":[{"embeddable":true,"href":"https:\/\/kinequip.ca\/index.php?rest_route=\/wp\/v2\/media\/259"}],"wp:attachment":[{"href":"https:\/\/kinequip.ca\/index.php?rest_route=%2Fwp%2Fv2%2Fmedia&parent=229"}],"wp:term":[{"taxonomy":"product_brand","embeddable":true,"href":"https:\/\/kinequip.ca\/index.php?rest_route=%2Fwp%2Fv2%2Fproduct_brand&post=229"},{"taxonomy":"product_cat","embeddable":true,"href":"https:\/\/kinequip.ca\/index.php?rest_route=%2Fwp%2Fv2%2Fproduct_cat&post=229"},{"taxonomy":"product_tag","embeddable":true,"href":"https:\/\/kinequip.ca\/index.php?rest_route=%2Fwp%2Fv2%2Fproduct_tag&post=229"}],"curies":[{"name":"wp","href":"https:\/\/api.w.org\/{rel}","templated":true}]}}