{"id":228,"date":"2025-01-31T15:28:33","date_gmt":"2025-01-31T15:28:33","guid":{"rendered":"https:\/\/dev.kinequip.ca\/?post_type=product&#038;p=228"},"modified":"2025-01-31T15:28:37","modified_gmt":"2025-01-31T15:28:37","slug":"f1-tapis-de-course-intelligent","status":"publish","type":"product","link":"https:\/\/kinequip.ca\/?product=f1-tapis-de-course-intelligent","title":{"rendered":"F1 TAPIS DE COURSE INTELLIGENT"},"content":{"rendered":"<p>Le tapis de course intelligent pliable F1 ne fait aucun compromis sur la qualit\u00e9. Il est \u00e9quip\u00e9 de tous les \u00e9l\u00e9ments qui font des tapis de course Life Fitness le choix n\u00b01 dans le monde. Les composants haute qualit\u00e9 permettent \u00e0 votre \u00e9quipement de fitness \u00e0 domicile de r\u00e9sister \u00e0 des ann\u00e9es d&rsquo;utilisation intensive. Le tapis de course F1 se plie, se bloque dans sa position et peut facilement \u00eatre pouss\u00e9 dans une zone de rangement pratique, gr\u00e2ce \u00e0 ses roulettes.<\/p>\n<p>CONTR\u00d4LE DU RYTHME CARDIAQUE &#8211; Capteurs manuels de rythme cardiaque et syst\u00e8me de contr\u00f4le du rythme cardiaque t\u00e9l\u00e9m\u00e9trique sans fil<\/p>\n<p>D\u00c9MARRAGE RAPIDE &#8211; Garde en m\u00e9moire vos vitesses de marche, de footing et de course pr\u00e9f\u00e9r\u00e9es, de m\u00eame que trois positions d&rsquo;inclinaison diff\u00e9rentes<\/p>\n<p>SYST\u00c8ME D&rsquo;ABSORPTION DES CHOCS FLEXDECK &#8211; Le syst\u00e8me d&rsquo;absorption des chocs FlexDeck am\u00e9liore le confort et r\u00e9duit les tensions au niveau des genoux et articulations jusqu&rsquo;\u00e0 30 %<\/p>\n","protected":false},"excerpt":{"rendered":"<p>Le tapis de course intelligent pliable F1 ne fait aucun compromis sur la qualit\u00e9. Il est \u00e9quip\u00e9 de tous les \u00e9l\u00e9ments qui font des tapis de course Life Fitness le choix n\u00b01 dans le monde. Les composants haute qualit\u00e9 permettent \u00e0 votre \u00e9quipement de fitness \u00e0 domicile de r\u00e9sister \u00e0 des ann\u00e9es d&rsquo;utilisation intensive. Le tapis de course F1 se plie, se bloque dans sa position et peut facilement \u00eatre pouss\u00e9 dans une zone de rangement pratique, gr\u00e2ce \u00e0 ses roulettes.<\/p>\n","protected":false},"featured_media":258,"comment_status":"open","ping_status":"closed","template":"","meta":[],"product_brand":[],"product_cat":[28],"product_tag":[],"class_list":{"0":"post-228","1":"product","2":"type-product","3":"status-publish","4":"has-post-thumbnail","6":"product_cat-tapis-de-course","8":"first","9":"instock","10":"shipping-taxable","11":"purchasable","12":"product-type-simple"},"_links":{"self":[{"href":"https:\/\/kinequip.ca\/index.php?rest_route=\/wp\/v2\/product\/228","targetHints":{"allow":["GET"]}}],"collection":[{"href":"https:\/\/kinequip.ca\/index.php?rest_route=\/wp\/v2\/product"}],"about":[{"href":"https:\/\/kinequip.ca\/index.php?rest_route=\/wp\/v2\/types\/product"}],"replies":[{"embeddable":true,"href":"https:\/\/kinequip.ca\/index.php?rest_route=%2Fwp%2Fv2%2Fcomments&post=228"}],"wp:featuredmedia":[{"embeddable":true,"href":"https:\/\/kinequip.ca\/index.php?rest_route=\/wp\/v2\/media\/258"}],"wp:attachment":[{"href":"https:\/\/kinequip.ca\/index.php?rest_route=%2Fwp%2Fv2%2Fmedia&parent=228"}],"wp:term":[{"taxonomy":"product_brand","embeddable":true,"href":"https:\/\/kinequip.ca\/index.php?rest_route=%2Fwp%2Fv2%2Fproduct_brand&post=228"},{"taxonomy":"product_cat","embeddable":true,"href":"https:\/\/kinequip.ca\/index.php?rest_route=%2Fwp%2Fv2%2Fproduct_cat&post=228"},{"taxonomy":"product_tag","embeddable":true,"href":"https:\/\/kinequip.ca\/index.php?rest_route=%2Fwp%2Fv2%2Fproduct_tag&post=228"}],"curies":[{"name":"wp","href":"https:\/\/api.w.org\/{rel}","templated":true}]}}