{"id":227,"date":"2025-01-31T15:28:33","date_gmt":"2025-01-31T15:28:33","guid":{"rendered":"https:\/\/dev.kinequip.ca\/?post_type=product&#038;p=227"},"modified":"2025-01-31T15:28:37","modified_gmt":"2025-01-31T15:28:37","slug":"tapis-de-course-serie-club","status":"publish","type":"product","link":"https:\/\/kinequip.ca\/?product=tapis-de-course-serie-club","title":{"rendered":"Tapis de course S\u00e9rie Club +"},"content":{"rendered":"<p><strong>CON\u00c7U POUR DURER\u00a0<\/strong>: sa conception verticale renforc\u00e9e, ses montants en aluminium qui r\u00e9sistent aux coups et son syst\u00e8me d&rsquo;amortissement des chocs FlexDeck\u2122 assurent au tapis de course de survivre \u00e0 l&rsquo;\u00e9preuve du temps.<\/p>\n<p><strong>FONCTIONNALIT\u00c9S DE COURSE OPTIMALES\u00a0<\/strong>: l&rsquo;espace disponible pr\u00e8s de la console offre plus de place pour les mouvements des bras, et les contr\u00f4les de vitesse et d&rsquo;inclinaison \u00e0 distance int\u00e9gr\u00e9s dans les poign\u00e9es vous permettent de faire des ajustements sans interf\u00e9rer avec votre entra\u00eenement.<\/p>\n<p><strong>DESIGN MODERNE\u00a0<\/strong>: cet excellent tapis de course est du plus bel effet dans votre maison gr\u00e2ce \u00e0 ses finitions haut de gamme et \u00e0 son design moderne.<\/p>\n<p><strong>TECHNOLOGIE AVANC\u00c9E\u00a0<\/strong>: la console \u00e0 \u00e9cran tactile intuitive cr\u00e9e une exp\u00e9rience de course connect\u00e9e. Votre dernier entra\u00eenement est automatiquement sauvegard\u00e9, vous pouvez ainsi le recommencer et essayer d&rsquo;am\u00e9liorer vos r\u00e9sultats. Relevez des d\u00e9fis gr\u00e2ce \u00e0 nos entra\u00eenements tendance actualis\u00e9s automatiquement. De plus, observez vos progr\u00e8s dans la dur\u00e9e et envoyez vos donn\u00e9es d&rsquo;entra\u00eenement vers vos applications favorites via connexion Bluetooth\u00ae et NFC.<\/p>\n<p>&nbsp;<\/p>\n","protected":false},"excerpt":{"rendered":"<div class=\"drawer-trigger\">Console Tread + grand public<\/div>\n<div id=\"edit-attributes-field-console-options\" class=\"form-radios drawer drawer__detailed\">\n<div class=\"form-item form-type-radio form-item-attributes-field-console-options addLearnMoreLink-processed\">\n<div class=\"description\">\n<div class=\"description-selected\">\n<div class=\"field field-name-field-console-image field-type-image field-label-hidden\">\n<div class=\"field-items\">\n<div class=\"field-item even\"><a href=\"http:\/\/kinequip.ca\/wp-content\/uploads\/2019\/09\/image-1.png\"><img decoding=\"async\" class=\"alignnone  wp-image-5495\" src=\"http:\/\/kinequip.ca\/wp-content\/uploads\/2019\/09\/image-1.png\" alt=\"\" width=\"98\" height=\"98\" \/><\/a> <a href=\"http:\/\/kinequip.ca\/wp-content\/uploads\/2019\/09\/image.png\"><img decoding=\"async\" class=\"alignnone wp-image-5494\" src=\"http:\/\/kinequip.ca\/wp-content\/uploads\/2019\/09\/image-300x300.png\" alt=\"\" width=\"90\" height=\"90\" \/><\/a><\/div>\n<\/div>\n<\/div>\n<div class=\"field field-name-description-field field-type-text-with-summary field-label-hidden\">\n<div class=\"field-items\">\n<div class=\"field-item even\">\n<p>La console \u00e0 \u00e9cran tactile pour la S\u00e9rie Club + cr\u00e9e une exp\u00e9rience d&rsquo;entra\u00eenement connect\u00e9e et stimulant<\/p>\n<p>&nbsp;<\/p>\n<p><span style=\"color: #0000ff;\"><a style=\"color: #0000ff;\" href=\"http:\/\/kinequip.ca\/product\/console-x\/\">Apprendre Encore Plus &gt;<\/a><\/span><\/p>\n<p>&nbsp;<\/p>\n<p>La Life Fitness Club Series repose sur plus de 20 ann\u00e9es de fiabilit\u00e9, d&rsquo;innovation et de connaissances de sportifs des clubs de sport du monde entier. Le tapis de course S\u00e9rie Club + de nouvelle g\u00e9n\u00e9ration est d\u00e9sormais plus r\u00e9sistant et plus fluide que jamais, tout en conservant la long\u00e9vit\u00e9 que vous appr\u00e9ciez tant.<\/p>\n<p>&nbsp;<\/p>\n<\/div>\n<\/div>\n<\/div>\n<\/div>\n<\/div>\n<\/div>\n<\/div>\n<p><span style=\"color: #0000ff;\"><a style=\"color: #0000ff;\" href=\"http:\/\/kinequip.ca\/wp-content\/uploads\/2019\/09\/ClubSeriesPlus-Treadmill-SellSheet-FrenchBLX.pdf\">Fiche Technique PDF<\/a><\/span><a href=\"http:\/\/kinequip.ca\/wp-content\/uploads\/2019\/09\/16px-PDF_file_icon.svg_.png\"><img decoding=\"async\" class=\"alignnone size-full wp-image-5490\" src=\"http:\/\/kinequip.ca\/wp-content\/uploads\/2019\/09\/16px-PDF_file_icon.svg_.png\" alt=\"\" width=\"16\" height=\"20\" \/><\/a><\/p>\n<p>&nbsp;<\/p>\n","protected":false},"featured_media":257,"comment_status":"open","ping_status":"closed","template":"","meta":[],"product_brand":[],"product_cat":[27,26,28],"product_tag":[],"class_list":{"0":"post-227","1":"product","2":"type-product","3":"status-publish","4":"has-post-thumbnail","6":"product_cat-cardio","7":"product_cat-equipements-pour-residentiel","8":"product_cat-tapis-de-course","10":"first","11":"instock","12":"shipping-taxable","13":"purchasable","14":"product-type-simple"},"_links":{"self":[{"href":"https:\/\/kinequip.ca\/index.php?rest_route=\/wp\/v2\/product\/227","targetHints":{"allow":["GET"]}}],"collection":[{"href":"https:\/\/kinequip.ca\/index.php?rest_route=\/wp\/v2\/product"}],"about":[{"href":"https:\/\/kinequip.ca\/index.php?rest_route=\/wp\/v2\/types\/product"}],"replies":[{"embeddable":true,"href":"https:\/\/kinequip.ca\/index.php?rest_route=%2Fwp%2Fv2%2Fcomments&post=227"}],"wp:featuredmedia":[{"embeddable":true,"href":"https:\/\/kinequip.ca\/index.php?rest_route=\/wp\/v2\/media\/257"}],"wp:attachment":[{"href":"https:\/\/kinequip.ca\/index.php?rest_route=%2Fwp%2Fv2%2Fmedia&parent=227"}],"wp:term":[{"taxonomy":"product_brand","embeddable":true,"href":"https:\/\/kinequip.ca\/index.php?rest_route=%2Fwp%2Fv2%2Fproduct_brand&post=227"},{"taxonomy":"product_cat","embeddable":true,"href":"https:\/\/kinequip.ca\/index.php?rest_route=%2Fwp%2Fv2%2Fproduct_cat&post=227"},{"taxonomy":"product_tag","embeddable":true,"href":"https:\/\/kinequip.ca\/index.php?rest_route=%2Fwp%2Fv2%2Fproduct_tag&post=227"}],"curies":[{"name":"wp","href":"https:\/\/api.w.org\/{rel}","templated":true}]}}