{"id":39,"date":"2025-01-22T21:33:27","date_gmt":"2025-01-22T21:33:27","guid":{"rendered":"https:\/\/dev.kinequip.ca\/?page_id=39"},"modified":"2026-02-17T18:16:55","modified_gmt":"2026-02-17T18:16:55","slug":"accueil","status":"publish","type":"page","link":"https:\/\/kinequip.ca\/","title":{"rendered":"Accueil"},"content":{"rendered":"\t\t<div data-elementor-type=\"wp-page\" data-elementor-id=\"39\" class=\"elementor elementor-39\" data-elementor-post-type=\"page\">\n\t\t\t\t<div class=\"elementor-element elementor-element-92687ba e-flex e-con-boxed e-con e-parent\" data-id=\"92687ba\" data-element_type=\"container\" data-settings=\"{&quot;background_background&quot;:&quot;classic&quot;}\">\n\t\t\t\t\t<div class=\"e-con-inner\">\n\t\t\t\t\t<\/div>\n\t\t\t\t<\/div>\n\t\t<div class=\"elementor-element elementor-element-1eb4f01b e-flex e-con-boxed e-con e-parent\" data-id=\"1eb4f01b\" data-element_type=\"container\" data-settings=\"{&quot;background_background&quot;:&quot;gradient&quot;}\">\n\t\t\t\t\t<div class=\"e-con-inner\">\n\t\t<div class=\"elementor-element elementor-element-716dc8bf e-con-full e-flex e-con e-child\" data-id=\"716dc8bf\" data-element_type=\"container\">\n\t\t\t\t<div class=\"elementor-element elementor-element-126d5898 elementor-widget elementor-widget-heading\" data-id=\"126d5898\" data-element_type=\"widget\" data-widget_type=\"heading.default\">\n\t\t\t\t<div class=\"elementor-widget-container\">\n\t\t\t\t\t<h2 class=\"elementor-heading-title elementor-size-default\">Nous offrons des produits commerciaux et r\u00e9sidentiels<\/h2>\t\t\t\t<\/div>\n\t\t\t\t<\/div>\n\t\t\t\t<div class=\"elementor-element elementor-element-3b1c415 elementor-widget elementor-widget-text-editor\" data-id=\"3b1c415\" data-element_type=\"widget\" data-widget_type=\"text-editor.default\">\n\t\t\t\t<div class=\"elementor-widget-container\">\n\t\t\t\t\t\t\t\t\t<p>Quels que soient les besoins et les budgets disponibles, Kinequip est en mesure de proposer les meilleures solutions tout en offrant le meilleur rapport qualit\u00e9\/prix dans son domaine.<\/p>\t\t\t\t\t\t\t\t<\/div>\n\t\t\t\t<\/div>\n\t\t\t\t<div class=\"elementor-element elementor-element-5e7dc0b elementor-align-left elementor-mobile-align-left elementor-widget elementor-widget-button\" data-id=\"5e7dc0b\" data-element_type=\"widget\" data-widget_type=\"button.default\">\n\t\t\t\t<div class=\"elementor-widget-container\">\n\t\t\t\t\t\t\t\t\t<div class=\"elementor-button-wrapper\">\n\t\t\t\t\t<a class=\"elementor-button elementor-size-sm elementor-animation-grow\" role=\"button\">\n\t\t\t\t\t\t<span class=\"elementor-button-content-wrapper\">\n\t\t\t\t\t\t\t\t\t<span class=\"elementor-button-text\">D\u00e9couvrez nos produits<\/span>\n\t\t\t\t\t<\/span>\n\t\t\t\t\t<\/a>\n\t\t\t\t<\/div>\n\t\t\t\t\t\t\t\t<\/div>\n\t\t\t\t<\/div>\n\t\t\t\t<\/div>\n\t\t<div class=\"elementor-element elementor-element-4139fcb1 e-con-full e-flex e-con e-child\" data-id=\"4139fcb1\" data-element_type=\"container\">\n\t\t\t\t<div class=\"elementor-element elementor-element-2b38af9b elementor-widget__width-initial animated-slow elementor-widget-divider--view-line_text elementor-widget-divider--element-align-left elementor-widget-mobile__width-inherit elementor-invisible elementor-widget elementor-widget-divider\" data-id=\"2b38af9b\" data-element_type=\"widget\" data-settings=\"{&quot;_animation&quot;:&quot;fadeIn&quot;,&quot;_animation_delay&quot;:&quot;200&quot;}\" data-widget_type=\"divider.default\">\n\t\t\t\t<div class=\"elementor-widget-container\">\n\t\t\t\t\t\t\t<div class=\"elementor-divider\">\n\t\t\t<span class=\"elementor-divider-separator\">\n\t\t\t\t\t\t<\/span>\n\t\t<\/div>\n\t\t\t\t\t\t<\/div>\n\t\t\t\t<\/div>\n\t\t\t\t<div class=\"elementor-element elementor-element-1b680539 elementor-invisible elementor-widget elementor-widget-icon-box\" data-id=\"1b680539\" data-element_type=\"widget\" data-settings=\"{&quot;_animation&quot;:&quot;fadeInUp&quot;}\" data-widget_type=\"icon-box.default\">\n\t\t\t\t<div class=\"elementor-widget-container\">\n\t\t\t\t\t\t\t<div class=\"elementor-icon-box-wrapper\">\n\n\t\t\t\n\t\t\t\t\t\t<div class=\"elementor-icon-box-content\">\n\n\t\t\t\t\t\t\t\t\t<h3 class=\"elementor-icon-box-title\">\n\t\t\t\t\t\t<span  >\n\t\t\t\t\t\t\tCentres sportifs\t\t\t\t\t\t<\/span>\n\t\t\t\t\t<\/h3>\n\t\t\t\t\n\t\t\t\t\t\t\t\t\t<p class=\"elementor-icon-box-description\">\n\t\t\t\t\t\tKinequip approvisionne en \u00e9quipements plusieurs centres de conditionnement physique au Qu\u00e9bec, en plus d\u2019en assurer l\u2019entretien et la r\u00e9paration! \u00c0 titre de distributeur exclusif des \u00e9quipements de Life Fitness et Keiser au Qu\u00e9bec.\t\t\t\t\t<\/p>\n\t\t\t\t\n\t\t\t<\/div>\n\t\t\t\n\t\t<\/div>\n\t\t\t\t\t\t<\/div>\n\t\t\t\t<\/div>\n\t\t\t\t<div class=\"elementor-element elementor-element-6e5de34f elementor-widget__width-initial animated-slow elementor-widget-divider--view-line_text elementor-widget-divider--element-align-left elementor-widget-mobile__width-inherit elementor-invisible elementor-widget elementor-widget-divider\" data-id=\"6e5de34f\" data-element_type=\"widget\" data-settings=\"{&quot;_animation&quot;:&quot;fadeIn&quot;,&quot;_animation_delay&quot;:&quot;200&quot;}\" data-widget_type=\"divider.default\">\n\t\t\t\t<div class=\"elementor-widget-container\">\n\t\t\t\t\t\t\t<div class=\"elementor-divider\">\n\t\t\t<span class=\"elementor-divider-separator\">\n\t\t\t\t\t\t<\/span>\n\t\t<\/div>\n\t\t\t\t\t\t<\/div>\n\t\t\t\t<\/div>\n\t\t\t\t<div class=\"elementor-element elementor-element-217f4e84 elementor-invisible elementor-widget elementor-widget-icon-box\" data-id=\"217f4e84\" data-element_type=\"widget\" data-settings=\"{&quot;_animation&quot;:&quot;fadeInUp&quot;}\" data-widget_type=\"icon-box.default\">\n\t\t\t\t<div class=\"elementor-widget-container\">\n\t\t\t\t\t\t\t<div class=\"elementor-icon-box-wrapper\">\n\n\t\t\t\n\t\t\t\t\t\t<div class=\"elementor-icon-box-content\">\n\n\t\t\t\t\t\t\t\t\t<h3 class=\"elementor-icon-box-title\">\n\t\t\t\t\t\t<span  >\n\t\t\t\t\t\t\tAgences gouvernementales\t\t\t\t\t\t<\/span>\n\t\t\t\t\t<\/h3>\n\t\t\t\t\n\t\t\t\t\t\t\t\t\t<p class=\"elementor-icon-box-description\">\n\t\t\t\t\t\tKinequip poss\u00e8de l\u2019exp\u00e9rience de plusieurs ann\u00e9es de collaboration avec les agences gouvernementales f\u00e9d\u00e9rales, provinciales et municipales, dont les Forces Arm\u00e9es Canadiennes. \t\t\t\t\t<\/p>\n\t\t\t\t\n\t\t\t<\/div>\n\t\t\t\n\t\t<\/div>\n\t\t\t\t\t\t<\/div>\n\t\t\t\t<\/div>\n\t\t\t\t<\/div>\n\t\t<div class=\"elementor-element elementor-element-46e1567d e-con-full e-flex e-con e-child\" data-id=\"46e1567d\" data-element_type=\"container\">\n\t\t\t\t<div class=\"elementor-element elementor-element-476fab44 elementor-widget__width-initial animated-slow elementor-widget-divider--view-line_text elementor-widget-divider--element-align-left elementor-widget-mobile__width-inherit elementor-invisible elementor-widget elementor-widget-divider\" data-id=\"476fab44\" data-element_type=\"widget\" data-settings=\"{&quot;_animation&quot;:&quot;fadeIn&quot;,&quot;_animation_delay&quot;:&quot;200&quot;}\" data-widget_type=\"divider.default\">\n\t\t\t\t<div class=\"elementor-widget-container\">\n\t\t\t\t\t\t\t<div class=\"elementor-divider\">\n\t\t\t<span class=\"elementor-divider-separator\">\n\t\t\t\t\t\t<\/span>\n\t\t<\/div>\n\t\t\t\t\t\t<\/div>\n\t\t\t\t<\/div>\n\t\t\t\t<div class=\"elementor-element elementor-element-5e0aa6a6 elementor-invisible elementor-widget elementor-widget-icon-box\" data-id=\"5e0aa6a6\" data-element_type=\"widget\" data-settings=\"{&quot;_animation&quot;:&quot;fadeInUp&quot;}\" data-widget_type=\"icon-box.default\">\n\t\t\t\t<div class=\"elementor-widget-container\">\n\t\t\t\t\t\t\t<div class=\"elementor-icon-box-wrapper\">\n\n\t\t\t\n\t\t\t\t\t\t<div class=\"elementor-icon-box-content\">\n\n\t\t\t\t\t\t\t\t\t<h3 class=\"elementor-icon-box-title\">\n\t\t\t\t\t\t<span  >\n\t\t\t\t\t\t\tH\u00f4tels et spa\t\t\t\t\t\t<\/span>\n\t\t\t\t\t<\/h3>\n\t\t\t\t\n\t\t\t\t\t\t\t\t\t<p class=\"elementor-icon-box-description\">\n\t\t\t\t\t\tKinequip offre les produits et solutions pour vous aider \u00e0 planifier l\u2019achat, l\u2019installation et l\u2019entretien des \u00e9quipements qui vous permettront de combler les besoins de votre client\u00e8le.\n<br><br>\t\t\t\t\t<\/p>\n\t\t\t\t\n\t\t\t<\/div>\n\t\t\t\n\t\t<\/div>\n\t\t\t\t\t\t<\/div>\n\t\t\t\t<\/div>\n\t\t\t\t<div class=\"elementor-element elementor-element-1e7fb5ae elementor-widget__width-initial animated-slow elementor-widget-divider--view-line_text elementor-widget-divider--element-align-left elementor-widget-mobile__width-inherit elementor-invisible elementor-widget elementor-widget-divider\" data-id=\"1e7fb5ae\" data-element_type=\"widget\" data-settings=\"{&quot;_animation&quot;:&quot;fadeIn&quot;,&quot;_animation_delay&quot;:&quot;200&quot;}\" data-widget_type=\"divider.default\">\n\t\t\t\t<div class=\"elementor-widget-container\">\n\t\t\t\t\t\t\t<div class=\"elementor-divider\">\n\t\t\t<span class=\"elementor-divider-separator\">\n\t\t\t\t\t\t<\/span>\n\t\t<\/div>\n\t\t\t\t\t\t<\/div>\n\t\t\t\t<\/div>\n\t\t\t\t<div class=\"elementor-element elementor-element-293fc324 elementor-invisible elementor-widget elementor-widget-icon-box\" data-id=\"293fc324\" data-element_type=\"widget\" data-settings=\"{&quot;_animation&quot;:&quot;fadeInUp&quot;}\" data-widget_type=\"icon-box.default\">\n\t\t\t\t<div class=\"elementor-widget-container\">\n\t\t\t\t\t\t\t<div class=\"elementor-icon-box-wrapper\">\n\n\t\t\t\n\t\t\t\t\t\t<div class=\"elementor-icon-box-content\">\n\n\t\t\t\t\t\t\t\t\t<h3 class=\"elementor-icon-box-title\">\n\t\t\t\t\t\t<span  >\n\t\t\t\t\t\t\tR\u00e9sidentiel\t\t\t\t\t\t<\/span>\n\t\t\t\t\t<\/h3>\n\t\t\t\t\n\t\t\t\t\t\t\t\t\t<p class=\"elementor-icon-box-description\">\n\t\t\t\t\t\tKinequip offre \u00e9galement ses services pour la r\u00e9alisation de salle d\u2019entra\u00eenement dans les r\u00e9sidences unifamiliales, les projets de condominium et les centres d\u2019h\u00e9bergement du troisi\u00e8me \u00e2ge.\t\t\t\t\t<\/p>\n\t\t\t\t\n\t\t\t<\/div>\n\t\t\t\n\t\t<\/div>\n\t\t\t\t\t\t<\/div>\n\t\t\t\t<\/div>\n\t\t\t\t<\/div>\n\t\t\t\t\t<\/div>\n\t\t\t\t<\/div>\n\t\t<div class=\"elementor-element elementor-element-ba72e99 e-con-full elementor-hidden-desktop elementor-hidden-tablet elementor-hidden-mobile e-flex e-con e-parent\" data-id=\"ba72e99\" data-element_type=\"container\" data-settings=\"{&quot;background_background&quot;:&quot;gradient&quot;}\">\n\t\t<div class=\"elementor-element elementor-element-24f291d e-flex e-con-boxed e-con e-child\" data-id=\"24f291d\" data-element_type=\"container\">\n\t\t\t\t\t<div class=\"e-con-inner\">\n\t\t\t\t<div class=\"elementor-element elementor-element-f82a92c elementor-widget__width-inherit elementor-widget elementor-widget-heading\" data-id=\"f82a92c\" data-element_type=\"widget\" data-widget_type=\"heading.default\">\n\t\t\t\t<div class=\"elementor-widget-container\">\n\t\t\t\t\t<p class=\"elementor-heading-title elementor-size-default\">Ils font confiance \u00e0 Kinequip<\/p>\t\t\t\t<\/div>\n\t\t\t\t<\/div>\n\t\t\t\t<div class=\"elementor-element elementor-element-6f8f636 elementor-widget__width-inherit elementor-widget elementor-widget-heading\" data-id=\"6f8f636\" data-element_type=\"widget\" data-widget_type=\"heading.default\">\n\t\t\t\t<div class=\"elementor-widget-container\">\n\t\t\t\t\t<h2 class=\"elementor-heading-title elementor-size-default\">Voici quelques-uns de nos clients \u00e0 succ\u00e8s<\/h2>\t\t\t\t<\/div>\n\t\t\t\t<\/div>\n\t\t\t\t\t<\/div>\n\t\t\t\t<\/div>\n\t\t<div class=\"elementor-element elementor-element-3f03655 e-con-full e-flex e-con e-child\" data-id=\"3f03655\" data-element_type=\"container\">\n\t\t<div class=\"elementor-element elementor-element-75160c4 e-con-full e-flex e-con e-child\" data-id=\"75160c4\" data-element_type=\"container\">\n\t\t\t\t<div class=\"elementor-element elementor-element-b860f3e elementor-widget elementor-widget-image\" data-id=\"b860f3e\" data-element_type=\"widget\" data-widget_type=\"image.default\">\n\t\t\t\t<div class=\"elementor-widget-container\">\n\t\t\t\t\t\t\t\t\t\t\t\t\t\t\t<img decoding=\"async\" width=\"300\" height=\"71\" src=\"https:\/\/kinequip.ca\/wp-content\/uploads\/2026\/02\/logo-canada-300x71.png\" class=\"attachment-medium size-medium wp-image-1005\" alt=\"\" srcset=\"https:\/\/kinequip.ca\/wp-content\/uploads\/2026\/02\/logo-canada-300x71.png 300w, https:\/\/kinequip.ca\/wp-content\/uploads\/2026\/02\/logo-canada-768x182.png 768w, https:\/\/kinequip.ca\/wp-content\/uploads\/2026\/02\/logo-canada-600x142.png 600w, https:\/\/kinequip.ca\/wp-content\/uploads\/2026\/02\/logo-canada.png 919w\" sizes=\"(max-width: 300px) 100vw, 300px\" \/>\t\t\t\t\t\t\t\t\t\t\t\t\t\t\t<\/div>\n\t\t\t\t<\/div>\n\t\t\t\t<\/div>\n\t\t<div class=\"elementor-element elementor-element-d136143 e-con-full e-flex e-con e-child\" data-id=\"d136143\" data-element_type=\"container\">\n\t\t\t\t<div class=\"elementor-element elementor-element-970c33f elementor-widget elementor-widget-image\" data-id=\"970c33f\" data-element_type=\"widget\" data-widget_type=\"image.default\">\n\t\t\t\t<div class=\"elementor-widget-container\">\n\t\t\t\t\t\t\t\t\t\t\t\t\t\t\t<img decoding=\"async\" width=\"189\" height=\"41\" src=\"https:\/\/kinequip.ca\/wp-content\/uploads\/2025\/01\/logo-montreal-blanc.png\" class=\"attachment-large size-large wp-image-128\" alt=\"\" \/>\t\t\t\t\t\t\t\t\t\t\t\t\t\t\t<\/div>\n\t\t\t\t<\/div>\n\t\t\t\t<\/div>\n\t\t<div class=\"elementor-element elementor-element-47c6100 e-con-full e-flex e-con e-child\" data-id=\"47c6100\" data-element_type=\"container\">\n\t\t\t\t<div class=\"elementor-element elementor-element-46771f2 elementor-widget elementor-widget-image\" data-id=\"46771f2\" data-element_type=\"widget\" data-widget_type=\"image.default\">\n\t\t\t\t<div class=\"elementor-widget-container\">\n\t\t\t\t\t\t\t\t\t\t\t\t\t\t\t<img decoding=\"async\" width=\"300\" height=\"59\" src=\"https:\/\/kinequip.ca\/wp-content\/uploads\/2025\/01\/signature-PIV-300x59.png\" class=\"attachment-medium size-medium wp-image-129\" alt=\"\" srcset=\"https:\/\/kinequip.ca\/wp-content\/uploads\/2025\/01\/signature-PIV-300x59.png 300w, https:\/\/kinequip.ca\/wp-content\/uploads\/2025\/01\/signature-PIV.png 464w\" sizes=\"(max-width: 300px) 100vw, 300px\" \/>\t\t\t\t\t\t\t\t\t\t\t\t\t\t\t<\/div>\n\t\t\t\t<\/div>\n\t\t\t\t<\/div>\n\t\t<div class=\"elementor-element elementor-element-df4b15b e-con-full e-flex e-con e-child\" data-id=\"df4b15b\" data-element_type=\"container\">\n\t\t\t\t<div class=\"elementor-element elementor-element-8ff3e42 elementor-widget elementor-widget-image\" data-id=\"8ff3e42\" data-element_type=\"widget\" data-widget_type=\"image.default\">\n\t\t\t\t<div class=\"elementor-widget-container\">\n\t\t\t\t\t\t\t\t\t\t\t\t\t\t\t<img loading=\"lazy\" decoding=\"async\" width=\"300\" height=\"155\" src=\"https:\/\/kinequip.ca\/wp-content\/uploads\/2025\/01\/np_tout_blanc-300x155.png\" class=\"attachment-medium size-medium wp-image-130\" alt=\"\" srcset=\"https:\/\/kinequip.ca\/wp-content\/uploads\/2025\/01\/np_tout_blanc-300x155.png 300w, https:\/\/kinequip.ca\/wp-content\/uploads\/2025\/01\/np_tout_blanc-600x310.png 600w, https:\/\/kinequip.ca\/wp-content\/uploads\/2025\/01\/np_tout_blanc-1024x530.png 1024w, https:\/\/kinequip.ca\/wp-content\/uploads\/2025\/01\/np_tout_blanc-768x397.png 768w, https:\/\/kinequip.ca\/wp-content\/uploads\/2025\/01\/np_tout_blanc-1536x795.png 1536w, https:\/\/kinequip.ca\/wp-content\/uploads\/2025\/01\/np_tout_blanc.png 1643w\" sizes=\"(max-width: 300px) 100vw, 300px\" \/>\t\t\t\t\t\t\t\t\t\t\t\t\t\t\t<\/div>\n\t\t\t\t<\/div>\n\t\t\t\t<\/div>\n\t\t\t\t<\/div>\n\t\t\t\t<\/div>\n\t\t\t\t<\/div>\n\t\t","protected":false},"excerpt":{"rendered":"<p>Nous offrons des produits commerciaux et r\u00e9sidentiels Quels que soient les besoins et les budgets disponibles, Kinequip est en mesure de proposer les meilleures solutions tout en offrant le meilleur rapport qualit\u00e9\/prix dans son domaine. D\u00e9couvrez nos produits Centres sportifs Kinequip approvisionne en \u00e9quipements plusieurs centres de conditionnement physique au Qu\u00e9bec, en plus d\u2019en assurer [&hellip;]<\/p>\n","protected":false},"author":1,"featured_media":0,"parent":0,"menu_order":0,"comment_status":"closed","ping_status":"closed","template":"","meta":{"footnotes":""},"class_list":["post-39","page","type-page","status-publish","hentry"],"_links":{"self":[{"href":"https:\/\/kinequip.ca\/index.php?rest_route=\/wp\/v2\/pages\/39","targetHints":{"allow":["GET"]}}],"collection":[{"href":"https:\/\/kinequip.ca\/index.php?rest_route=\/wp\/v2\/pages"}],"about":[{"href":"https:\/\/kinequip.ca\/index.php?rest_route=\/wp\/v2\/types\/page"}],"author":[{"embeddable":true,"href":"https:\/\/kinequip.ca\/index.php?rest_route=\/wp\/v2\/users\/1"}],"replies":[{"embeddable":true,"href":"https:\/\/kinequip.ca\/index.php?rest_route=%2Fwp%2Fv2%2Fcomments&post=39"}],"version-history":[{"count":64,"href":"https:\/\/kinequip.ca\/index.php?rest_route=\/wp\/v2\/pages\/39\/revisions"}],"predecessor-version":[{"id":1012,"href":"https:\/\/kinequip.ca\/index.php?rest_route=\/wp\/v2\/pages\/39\/revisions\/1012"}],"wp:attachment":[{"href":"https:\/\/kinequip.ca\/index.php?rest_route=%2Fwp%2Fv2%2Fmedia&parent=39"}],"curies":[{"name":"wp","href":"https:\/\/api.w.org\/{rel}","templated":true}]}}